{"id":1873,"date":"2023-04-13T11:19:51","date_gmt":"2023-04-13T09:19:51","guid":{"rendered":"https:\/\/wescorepadel.com\/product\/wescore-scorebord\/"},"modified":"2024-01-08T09:31:59","modified_gmt":"2024-01-08T08:31:59","slug":"wescore-scorebord","status":"publish","type":"product","link":"https:\/\/wescorepadel.com\/fr\/produit\/wescore-scorebord\/","title":{"rendered":"WeScore scorebord"},"content":{"rendered":"","protected":false},"excerpt":{"rendered":"<p>Un cas complet de WeScore contient les \u00e9l\u00e9ments suivants:<\/p>\n<ul>\n<li>Tableau d&rsquo;affichage num\u00e9rique<\/li>\n<li>Chargeur<\/li>\n<li>Module d&rsquo;arbitrage (r\u00e9cepteur + t\u00e9l\u00e9commande)<\/li>\n<li>Manuel NL\/FR\/EN\/ES<\/li>\n<\/ul>\n","protected":false},"featured_media":1408,"comment_status":"open","ping_status":"closed","template":"","meta":{"_eb_attr":""},"product_brand":[],"product_cat":[],"product_tag":[],"class_list":{"0":"post-1873","1":"product","2":"type-product","3":"status-publish","4":"has-post-thumbnail","7":"first","8":"instock","9":"taxable","10":"shipping-taxable","11":"purchasable","12":"product-type-simple"},"yoast_head":"<!-- This site is optimized with the Yoast SEO plugin v27.5 - https:\/\/yoast.com\/product\/yoast-seo-wordpress\/ -->\n<title>WeScore scorebord - Wescore Padel<\/title>\n<meta name=\"robots\" content=\"index, follow, max-snippet:-1, max-image-preview:large, max-video-preview:-1\" \/>\n<link rel=\"canonical\" href=\"https:\/\/wescorepadel.com\/fr\/produit\/wescore-scorebord\/\" \/>\n<meta property=\"og:locale\" content=\"fr_FR\" \/>\n<meta property=\"og:type\" content=\"article\" \/>\n<meta property=\"og:title\" content=\"WeScore scorebord - Wescore Padel\" \/>\n<meta property=\"og:description\" content=\"Un cas complet de WeScore contient les \u00e9l\u00e9ments suivants:   Tableau d&#039;affichage num\u00e9rique  Chargeur  Module d&#039;arbitrage (r\u00e9cepteur + t\u00e9l\u00e9commande)  Manuel NL\/FR\/EN\/ES\" \/>\n<meta property=\"og:url\" content=\"https:\/\/wescorepadel.com\/fr\/produit\/wescore-scorebord\/\" \/>\n<meta property=\"og:site_name\" content=\"Wescore Padel\" \/>\n<meta property=\"article:modified_time\" content=\"2024-01-08T08:31:59+00:00\" \/>\n<meta property=\"og:image\" content=\"https:\/\/wescorepadel.com\/wp-content\/uploads\/2023\/04\/WeScore_3-1024x683.png\" \/>\n\t<meta property=\"og:image:width\" content=\"1024\" \/>\n\t<meta property=\"og:image:height\" content=\"683\" \/>\n\t<meta property=\"og:image:type\" content=\"image\/png\" \/>\n<meta name=\"twitter:card\" content=\"summary_large_image\" \/>\n<script type=\"application\/ld+json\" class=\"yoast-schema-graph\">{\"@context\":\"https:\\\/\\\/schema.org\",\"@graph\":[{\"@type\":\"WebPage\",\"@id\":\"https:\\\/\\\/wescorepadel.com\\\/fr\\\/produit\\\/wescore-scorebord\\\/\",\"url\":\"https:\\\/\\\/wescorepadel.com\\\/fr\\\/produit\\\/wescore-scorebord\\\/\",\"name\":\"WeScore scorebord - Wescore Padel\",\"isPartOf\":{\"@id\":\"https:\\\/\\\/wescorepadel.com\\\/fr\\\/#website\"},\"primaryImageOfPage\":{\"@id\":\"https:\\\/\\\/wescorepadel.com\\\/fr\\\/produit\\\/wescore-scorebord\\\/#primaryimage\"},\"image\":{\"@id\":\"https:\\\/\\\/wescorepadel.com\\\/fr\\\/produit\\\/wescore-scorebord\\\/#primaryimage\"},\"thumbnailUrl\":\"https:\\\/\\\/wescorepadel.com\\\/wp-content\\\/uploads\\\/2023\\\/04\\\/WeScore_3.png\",\"datePublished\":\"2023-04-13T09:19:51+00:00\",\"dateModified\":\"2024-01-08T08:31:59+00:00\",\"breadcrumb\":{\"@id\":\"https:\\\/\\\/wescorepadel.com\\\/fr\\\/produit\\\/wescore-scorebord\\\/#breadcrumb\"},\"inLanguage\":\"fr-FR\",\"potentialAction\":[{\"@type\":\"ReadAction\",\"target\":[\"https:\\\/\\\/wescorepadel.com\\\/fr\\\/produit\\\/wescore-scorebord\\\/\"]}]},{\"@type\":\"ImageObject\",\"inLanguage\":\"fr-FR\",\"@id\":\"https:\\\/\\\/wescorepadel.com\\\/fr\\\/produit\\\/wescore-scorebord\\\/#primaryimage\",\"url\":\"https:\\\/\\\/wescorepadel.com\\\/wp-content\\\/uploads\\\/2023\\\/04\\\/WeScore_3.png\",\"contentUrl\":\"https:\\\/\\\/wescorepadel.com\\\/wp-content\\\/uploads\\\/2023\\\/04\\\/WeScore_3.png\",\"width\":6000,\"height\":4000,\"caption\":\"WeScore scorebord\"},{\"@type\":\"BreadcrumbList\",\"@id\":\"https:\\\/\\\/wescorepadel.com\\\/fr\\\/produit\\\/wescore-scorebord\\\/#breadcrumb\",\"itemListElement\":[{\"@type\":\"ListItem\",\"position\":1,\"name\":\"Home\",\"item\":\"https:\\\/\\\/wescorepadel.com\\\/fr\\\/\"},{\"@type\":\"ListItem\",\"position\":2,\"name\":\"Magasin\",\"item\":\"https:\\\/\\\/wescorepadel.com\\\/fr\\\/magasin\\\/\"},{\"@type\":\"ListItem\",\"position\":3,\"name\":\"WeScore scorebord\"}]},{\"@type\":\"WebSite\",\"@id\":\"https:\\\/\\\/wescorepadel.com\\\/fr\\\/#website\",\"url\":\"https:\\\/\\\/wescorepadel.com\\\/fr\\\/\",\"name\":\"Wescore Padel\",\"description\":\"\",\"publisher\":{\"@id\":\"https:\\\/\\\/wescorepadel.com\\\/fr\\\/#organization\"},\"potentialAction\":[{\"@type\":\"SearchAction\",\"target\":{\"@type\":\"EntryPoint\",\"urlTemplate\":\"https:\\\/\\\/wescorepadel.com\\\/fr\\\/?s={search_term_string}\"},\"query-input\":{\"@type\":\"PropertyValueSpecification\",\"valueRequired\":true,\"valueName\":\"search_term_string\"}}],\"inLanguage\":\"fr-FR\"},{\"@type\":\"Organization\",\"@id\":\"https:\\\/\\\/wescorepadel.com\\\/fr\\\/#organization\",\"name\":\"Wescore Padel\",\"url\":\"https:\\\/\\\/wescorepadel.com\\\/fr\\\/\",\"logo\":{\"@type\":\"ImageObject\",\"inLanguage\":\"fr-FR\",\"@id\":\"https:\\\/\\\/wescorepadel.com\\\/fr\\\/#\\\/schema\\\/logo\\\/image\\\/\",\"url\":\"https:\\\/\\\/wescorepadel.com\\\/wp-content\\\/uploads\\\/2023\\\/03\\\/logo-wit.svg\",\"contentUrl\":\"https:\\\/\\\/wescorepadel.com\\\/wp-content\\\/uploads\\\/2023\\\/03\\\/logo-wit.svg\",\"caption\":\"Wescore Padel\"},\"image\":{\"@id\":\"https:\\\/\\\/wescorepadel.com\\\/fr\\\/#\\\/schema\\\/logo\\\/image\\\/\"}}]}<\/script>\n<!-- \/ Yoast SEO plugin. -->","yoast_head_json":{"title":"WeScore scorebord - Wescore Padel","robots":{"index":"index","follow":"follow","max-snippet":"max-snippet:-1","max-image-preview":"max-image-preview:large","max-video-preview":"max-video-preview:-1"},"canonical":"https:\/\/wescorepadel.com\/fr\/produit\/wescore-scorebord\/","og_locale":"fr_FR","og_type":"article","og_title":"WeScore scorebord - Wescore Padel","og_description":"Un cas complet de WeScore contient les \u00e9l\u00e9ments suivants:   Tableau d'affichage num\u00e9rique  Chargeur  Module d'arbitrage (r\u00e9cepteur + t\u00e9l\u00e9commande)  Manuel NL\/FR\/EN\/ES","og_url":"https:\/\/wescorepadel.com\/fr\/produit\/wescore-scorebord\/","og_site_name":"Wescore Padel","article_modified_time":"2024-01-08T08:31:59+00:00","og_image":[{"width":1024,"height":683,"url":"https:\/\/wescorepadel.com\/wp-content\/uploads\/2023\/04\/WeScore_3-1024x683.png","type":"image\/png"}],"twitter_card":"summary_large_image","schema":{"@context":"https:\/\/schema.org","@graph":[{"@type":"WebPage","@id":"https:\/\/wescorepadel.com\/fr\/produit\/wescore-scorebord\/","url":"https:\/\/wescorepadel.com\/fr\/produit\/wescore-scorebord\/","name":"WeScore scorebord - Wescore Padel","isPartOf":{"@id":"https:\/\/wescorepadel.com\/fr\/#website"},"primaryImageOfPage":{"@id":"https:\/\/wescorepadel.com\/fr\/produit\/wescore-scorebord\/#primaryimage"},"image":{"@id":"https:\/\/wescorepadel.com\/fr\/produit\/wescore-scorebord\/#primaryimage"},"thumbnailUrl":"https:\/\/wescorepadel.com\/wp-content\/uploads\/2023\/04\/WeScore_3.png","datePublished":"2023-04-13T09:19:51+00:00","dateModified":"2024-01-08T08:31:59+00:00","breadcrumb":{"@id":"https:\/\/wescorepadel.com\/fr\/produit\/wescore-scorebord\/#breadcrumb"},"inLanguage":"fr-FR","potentialAction":[{"@type":"ReadAction","target":["https:\/\/wescorepadel.com\/fr\/produit\/wescore-scorebord\/"]}]},{"@type":"ImageObject","inLanguage":"fr-FR","@id":"https:\/\/wescorepadel.com\/fr\/produit\/wescore-scorebord\/#primaryimage","url":"https:\/\/wescorepadel.com\/wp-content\/uploads\/2023\/04\/WeScore_3.png","contentUrl":"https:\/\/wescorepadel.com\/wp-content\/uploads\/2023\/04\/WeScore_3.png","width":6000,"height":4000,"caption":"WeScore scorebord"},{"@type":"BreadcrumbList","@id":"https:\/\/wescorepadel.com\/fr\/produit\/wescore-scorebord\/#breadcrumb","itemListElement":[{"@type":"ListItem","position":1,"name":"Home","item":"https:\/\/wescorepadel.com\/fr\/"},{"@type":"ListItem","position":2,"name":"Magasin","item":"https:\/\/wescorepadel.com\/fr\/magasin\/"},{"@type":"ListItem","position":3,"name":"WeScore scorebord"}]},{"@type":"WebSite","@id":"https:\/\/wescorepadel.com\/fr\/#website","url":"https:\/\/wescorepadel.com\/fr\/","name":"Wescore Padel","description":"","publisher":{"@id":"https:\/\/wescorepadel.com\/fr\/#organization"},"potentialAction":[{"@type":"SearchAction","target":{"@type":"EntryPoint","urlTemplate":"https:\/\/wescorepadel.com\/fr\/?s={search_term_string}"},"query-input":{"@type":"PropertyValueSpecification","valueRequired":true,"valueName":"search_term_string"}}],"inLanguage":"fr-FR"},{"@type":"Organization","@id":"https:\/\/wescorepadel.com\/fr\/#organization","name":"Wescore Padel","url":"https:\/\/wescorepadel.com\/fr\/","logo":{"@type":"ImageObject","inLanguage":"fr-FR","@id":"https:\/\/wescorepadel.com\/fr\/#\/schema\/logo\/image\/","url":"https:\/\/wescorepadel.com\/wp-content\/uploads\/2023\/03\/logo-wit.svg","contentUrl":"https:\/\/wescorepadel.com\/wp-content\/uploads\/2023\/03\/logo-wit.svg","caption":"Wescore Padel"},"image":{"@id":"https:\/\/wescorepadel.com\/fr\/#\/schema\/logo\/image\/"}}]}},"_links":{"self":[{"href":"https:\/\/wescorepadel.com\/fr\/wp-json\/wp\/v2\/product\/1873","targetHints":{"allow":["GET"]}}],"collection":[{"href":"https:\/\/wescorepadel.com\/fr\/wp-json\/wp\/v2\/product"}],"about":[{"href":"https:\/\/wescorepadel.com\/fr\/wp-json\/wp\/v2\/types\/product"}],"replies":[{"embeddable":true,"href":"https:\/\/wescorepadel.com\/fr\/wp-json\/wp\/v2\/comments?post=1873"}],"wp:featuredmedia":[{"embeddable":true,"href":"https:\/\/wescorepadel.com\/fr\/wp-json\/wp\/v2\/media\/1408"}],"wp:attachment":[{"href":"https:\/\/wescorepadel.com\/fr\/wp-json\/wp\/v2\/media?parent=1873"}],"wp:term":[{"taxonomy":"product_brand","embeddable":true,"href":"https:\/\/wescorepadel.com\/fr\/wp-json\/wp\/v2\/product_brand?post=1873"},{"taxonomy":"product_cat","embeddable":true,"href":"https:\/\/wescorepadel.com\/fr\/wp-json\/wp\/v2\/product_cat?post=1873"},{"taxonomy":"product_tag","embeddable":true,"href":"https:\/\/wescorepadel.com\/fr\/wp-json\/wp\/v2\/product_tag?post=1873"}],"curies":[{"name":"wp","href":"https:\/\/api.w.org\/{rel}","templated":true}]}}