{"id":1568,"date":"2023-03-30T11:15:08","date_gmt":"2023-03-30T09:15:08","guid":{"rendered":"https:\/\/wescorepadel.com\/confirmation-de-votre-demande-de-devis\/"},"modified":"2023-08-17T08:22:46","modified_gmt":"2023-08-17T06:22:46","slug":"confirmation-de-votre-demande-de-devis","status":"publish","type":"page","link":"https:\/\/wescorepadel.com\/fr\/confirmation-de-votre-demande-de-devis\/","title":{"rendered":"Confirmation de votre demande de devis"},"content":{"rendered":"\t\t<div data-elementor-type=\"wp-page\" data-elementor-id=\"1568\" class=\"elementor elementor-1568 elementor-953\" data-elementor-settings=\"{&quot;ha_cmc_init_switcher&quot;:&quot;no&quot;}\">\n\t\t\t\t<div class=\"elementor-element elementor-element-6944829 e-flex e-con-boxed e-con e-parent\" data-id=\"6944829\" data-element_type=\"container\" data-e-type=\"container\" data-settings=\"{&quot;_ha_eqh_enable&quot;:false}\">\n\t\t\t\t\t<div class=\"e-con-inner\">\n\t\t\t\t<div class=\"elementor-element elementor-element-9be5685 elementor-widget elementor-widget-heading\" data-id=\"9be5685\" data-element_type=\"widget\" data-e-type=\"widget\" data-widget_type=\"heading.default\">\n\t\t\t\t<div class=\"elementor-widget-container\">\n\t\t\t\t\t<h2 class=\"elementor-heading-title elementor-size-default\">Demande r\u00e9ussie !<\/h2>\t\t\t\t<\/div>\n\t\t\t\t<\/div>\n\t\t\t\t<div class=\"elementor-element elementor-element-e787541 elementor-widget elementor-widget-text-editor\" data-id=\"e787541\" data-element_type=\"widget\" data-e-type=\"widget\" data-widget_type=\"text-editor.default\">\n\t\t\t\t<div class=\"elementor-widget-container\">\n\t\t\t\t\t\t\t\t\t<p><strong>Nous vous remercions de l&rsquo;int\u00e9r\u00eat que vous portez \u00e0 WeScore. Nous vous contacterons d\u00e8s que possible.<\/strong><\/p>\n<p><strong>Vous ne pouvez pas vous passer de WeScore ? Regardez la vid\u00e9o promotionnelle :<\/strong><\/p>\n\t\t\t\t\t\t\t\t<\/div>\n\t\t\t\t<\/div>\n\t\t\t\t<div class=\"elementor-element elementor-element-973452b elementor-widget__width-initial elementor-widget elementor-widget-video\" data-id=\"973452b\" data-element_type=\"widget\" data-e-type=\"widget\" data-settings=\"{&quot;youtube_url&quot;:&quot;https:\\\/\\\/www.youtube.com\\\/watch?v=j_YFj9OIFas&quot;,&quot;video_type&quot;:&quot;youtube&quot;,&quot;controls&quot;:&quot;yes&quot;}\" data-widget_type=\"video.default\">\n\t\t\t\t<div class=\"elementor-widget-container\">\n\t\t\t\t\t\t\t<div class=\"elementor-wrapper elementor-open-inline\">\n\t\t\t<div class=\"elementor-video\"><\/div>\t\t<\/div>\n\t\t\t\t\t\t<\/div>\n\t\t\t\t<\/div>\n\t\t\t\t\t<\/div>\n\t\t\t\t<\/div>\n\t\t\t\t<\/div>\n\t\t","protected":false},"excerpt":{"rendered":"<p>Demande r\u00e9ussie ! Nous vous remercions de l&rsquo;int\u00e9r\u00eat que vous portez \u00e0 WeScore. Nous vous contacterons d\u00e8s que possible. Vous ne pouvez pas vous passer de WeScore ? Regardez la vid\u00e9o promotionnelle :<\/p>\n","protected":false},"author":1,"featured_media":0,"parent":0,"menu_order":0,"comment_status":"closed","ping_status":"closed","template":"","meta":{"_eb_attr":"","footnotes":""},"class_list":["post-1568","page","type-page","status-publish","hentry"],"yoast_head":"<!-- This site is optimized with the Yoast SEO plugin v27.5 - https:\/\/yoast.com\/product\/yoast-seo-wordpress\/ -->\n<title>Confirmation de votre demande de devis - Wescore Padel<\/title>\n<meta name=\"robots\" content=\"index, follow, max-snippet:-1, max-image-preview:large, max-video-preview:-1\" \/>\n<link rel=\"canonical\" href=\"https:\/\/wescorepadel.com\/fr\/confirmation-de-votre-demande-de-devis\/\" \/>\n<meta property=\"og:locale\" content=\"fr_FR\" \/>\n<meta property=\"og:type\" content=\"article\" \/>\n<meta property=\"og:title\" content=\"Confirmation de votre demande de devis - Wescore Padel\" \/>\n<meta property=\"og:description\" content=\"Demande r\u00e9ussie ! Nous vous remercions de l&rsquo;int\u00e9r\u00eat que vous portez \u00e0 WeScore. Nous vous contacterons d\u00e8s que possible. Vous ne pouvez pas vous passer de WeScore ? Regardez la vid\u00e9o promotionnelle :\" \/>\n<meta property=\"og:url\" content=\"https:\/\/wescorepadel.com\/fr\/confirmation-de-votre-demande-de-devis\/\" \/>\n<meta property=\"og:site_name\" content=\"Wescore Padel\" \/>\n<meta property=\"article:modified_time\" content=\"2023-08-17T06:22:46+00:00\" \/>\n<meta name=\"twitter:card\" content=\"summary_large_image\" \/>\n<script type=\"application\/ld+json\" class=\"yoast-schema-graph\">{\"@context\":\"https:\\\/\\\/schema.org\",\"@graph\":[{\"@type\":\"WebPage\",\"@id\":\"https:\\\/\\\/wescorepadel.com\\\/fr\\\/confirmation-de-votre-demande-de-devis\\\/\",\"url\":\"https:\\\/\\\/wescorepadel.com\\\/fr\\\/confirmation-de-votre-demande-de-devis\\\/\",\"name\":\"Confirmation de votre demande de devis - Wescore Padel\",\"isPartOf\":{\"@id\":\"https:\\\/\\\/wescorepadel.com\\\/fr\\\/#website\"},\"datePublished\":\"2023-03-30T09:15:08+00:00\",\"dateModified\":\"2023-08-17T06:22:46+00:00\",\"breadcrumb\":{\"@id\":\"https:\\\/\\\/wescorepadel.com\\\/fr\\\/confirmation-de-votre-demande-de-devis\\\/#breadcrumb\"},\"inLanguage\":\"fr-FR\",\"potentialAction\":[{\"@type\":\"ReadAction\",\"target\":[\"https:\\\/\\\/wescorepadel.com\\\/fr\\\/confirmation-de-votre-demande-de-devis\\\/\"]}]},{\"@type\":\"BreadcrumbList\",\"@id\":\"https:\\\/\\\/wescorepadel.com\\\/fr\\\/confirmation-de-votre-demande-de-devis\\\/#breadcrumb\",\"itemListElement\":[{\"@type\":\"ListItem\",\"position\":1,\"name\":\"Home\",\"item\":\"https:\\\/\\\/wescorepadel.com\\\/fr\\\/\"},{\"@type\":\"ListItem\",\"position\":2,\"name\":\"Confirmation de votre demande de devis\"}]},{\"@type\":\"WebSite\",\"@id\":\"https:\\\/\\\/wescorepadel.com\\\/fr\\\/#website\",\"url\":\"https:\\\/\\\/wescorepadel.com\\\/fr\\\/\",\"name\":\"Wescore Padel\",\"description\":\"\",\"publisher\":{\"@id\":\"https:\\\/\\\/wescorepadel.com\\\/fr\\\/#organization\"},\"potentialAction\":[{\"@type\":\"SearchAction\",\"target\":{\"@type\":\"EntryPoint\",\"urlTemplate\":\"https:\\\/\\\/wescorepadel.com\\\/fr\\\/?s={search_term_string}\"},\"query-input\":{\"@type\":\"PropertyValueSpecification\",\"valueRequired\":true,\"valueName\":\"search_term_string\"}}],\"inLanguage\":\"fr-FR\"},{\"@type\":\"Organization\",\"@id\":\"https:\\\/\\\/wescorepadel.com\\\/fr\\\/#organization\",\"name\":\"Wescore Padel\",\"url\":\"https:\\\/\\\/wescorepadel.com\\\/fr\\\/\",\"logo\":{\"@type\":\"ImageObject\",\"inLanguage\":\"fr-FR\",\"@id\":\"https:\\\/\\\/wescorepadel.com\\\/fr\\\/#\\\/schema\\\/logo\\\/image\\\/\",\"url\":\"https:\\\/\\\/wescorepadel.com\\\/wp-content\\\/uploads\\\/2023\\\/03\\\/logo-wit.svg\",\"contentUrl\":\"https:\\\/\\\/wescorepadel.com\\\/wp-content\\\/uploads\\\/2023\\\/03\\\/logo-wit.svg\",\"caption\":\"Wescore Padel\"},\"image\":{\"@id\":\"https:\\\/\\\/wescorepadel.com\\\/fr\\\/#\\\/schema\\\/logo\\\/image\\\/\"}}]}<\/script>\n<!-- \/ Yoast SEO plugin. -->","yoast_head_json":{"title":"Confirmation de votre demande de devis - Wescore Padel","robots":{"index":"index","follow":"follow","max-snippet":"max-snippet:-1","max-image-preview":"max-image-preview:large","max-video-preview":"max-video-preview:-1"},"canonical":"https:\/\/wescorepadel.com\/fr\/confirmation-de-votre-demande-de-devis\/","og_locale":"fr_FR","og_type":"article","og_title":"Confirmation de votre demande de devis - Wescore Padel","og_description":"Demande r\u00e9ussie ! Nous vous remercions de l&rsquo;int\u00e9r\u00eat que vous portez \u00e0 WeScore. Nous vous contacterons d\u00e8s que possible. Vous ne pouvez pas vous passer de WeScore ? Regardez la vid\u00e9o promotionnelle :","og_url":"https:\/\/wescorepadel.com\/fr\/confirmation-de-votre-demande-de-devis\/","og_site_name":"Wescore Padel","article_modified_time":"2023-08-17T06:22:46+00:00","twitter_card":"summary_large_image","schema":{"@context":"https:\/\/schema.org","@graph":[{"@type":"WebPage","@id":"https:\/\/wescorepadel.com\/fr\/confirmation-de-votre-demande-de-devis\/","url":"https:\/\/wescorepadel.com\/fr\/confirmation-de-votre-demande-de-devis\/","name":"Confirmation de votre demande de devis - Wescore Padel","isPartOf":{"@id":"https:\/\/wescorepadel.com\/fr\/#website"},"datePublished":"2023-03-30T09:15:08+00:00","dateModified":"2023-08-17T06:22:46+00:00","breadcrumb":{"@id":"https:\/\/wescorepadel.com\/fr\/confirmation-de-votre-demande-de-devis\/#breadcrumb"},"inLanguage":"fr-FR","potentialAction":[{"@type":"ReadAction","target":["https:\/\/wescorepadel.com\/fr\/confirmation-de-votre-demande-de-devis\/"]}]},{"@type":"BreadcrumbList","@id":"https:\/\/wescorepadel.com\/fr\/confirmation-de-votre-demande-de-devis\/#breadcrumb","itemListElement":[{"@type":"ListItem","position":1,"name":"Home","item":"https:\/\/wescorepadel.com\/fr\/"},{"@type":"ListItem","position":2,"name":"Confirmation de votre demande de devis"}]},{"@type":"WebSite","@id":"https:\/\/wescorepadel.com\/fr\/#website","url":"https:\/\/wescorepadel.com\/fr\/","name":"Wescore Padel","description":"","publisher":{"@id":"https:\/\/wescorepadel.com\/fr\/#organization"},"potentialAction":[{"@type":"SearchAction","target":{"@type":"EntryPoint","urlTemplate":"https:\/\/wescorepadel.com\/fr\/?s={search_term_string}"},"query-input":{"@type":"PropertyValueSpecification","valueRequired":true,"valueName":"search_term_string"}}],"inLanguage":"fr-FR"},{"@type":"Organization","@id":"https:\/\/wescorepadel.com\/fr\/#organization","name":"Wescore Padel","url":"https:\/\/wescorepadel.com\/fr\/","logo":{"@type":"ImageObject","inLanguage":"fr-FR","@id":"https:\/\/wescorepadel.com\/fr\/#\/schema\/logo\/image\/","url":"https:\/\/wescorepadel.com\/wp-content\/uploads\/2023\/03\/logo-wit.svg","contentUrl":"https:\/\/wescorepadel.com\/wp-content\/uploads\/2023\/03\/logo-wit.svg","caption":"Wescore Padel"},"image":{"@id":"https:\/\/wescorepadel.com\/fr\/#\/schema\/logo\/image\/"}}]}},"_links":{"self":[{"href":"https:\/\/wescorepadel.com\/fr\/wp-json\/wp\/v2\/pages\/1568","targetHints":{"allow":["GET"]}}],"collection":[{"href":"https:\/\/wescorepadel.com\/fr\/wp-json\/wp\/v2\/pages"}],"about":[{"href":"https:\/\/wescorepadel.com\/fr\/wp-json\/wp\/v2\/types\/page"}],"author":[{"embeddable":true,"href":"https:\/\/wescorepadel.com\/fr\/wp-json\/wp\/v2\/users\/1"}],"replies":[{"embeddable":true,"href":"https:\/\/wescorepadel.com\/fr\/wp-json\/wp\/v2\/comments?post=1568"}],"version-history":[{"count":1,"href":"https:\/\/wescorepadel.com\/fr\/wp-json\/wp\/v2\/pages\/1568\/revisions"}],"predecessor-version":[{"id":1569,"href":"https:\/\/wescorepadel.com\/fr\/wp-json\/wp\/v2\/pages\/1568\/revisions\/1569"}],"wp:attachment":[{"href":"https:\/\/wescorepadel.com\/fr\/wp-json\/wp\/v2\/media?parent=1568"}],"curies":[{"name":"wp","href":"https:\/\/api.w.org\/{rel}","templated":true}]}}