{"id":1562,"date":"2023-01-12T07:04:03","date_gmt":"2023-01-12T06:04:03","guid":{"rendered":"https:\/\/wescorepadel.com\/info-technique\/"},"modified":"2024-01-24T16:14:04","modified_gmt":"2024-01-24T15:14:04","slug":"info-technique","status":"publish","type":"page","link":"https:\/\/wescorepadel.com\/fr\/info-technique\/","title":{"rendered":"INFO TECHNIQUE"},"content":{"rendered":"\t\t<div data-elementor-type=\"wp-page\" data-elementor-id=\"1562\" class=\"elementor elementor-1562 elementor-2\" data-elementor-settings=\"{&quot;ha_cmc_init_switcher&quot;:&quot;no&quot;}\">\n\t\t\t\t<div class=\"elementor-element elementor-element-87de2ec e-flex e-con-boxed e-con e-parent\" data-id=\"87de2ec\" data-element_type=\"container\" data-e-type=\"container\" data-settings=\"{&quot;_ha_eqh_enable&quot;:false}\">\n\t\t\t\t\t<div class=\"e-con-inner\">\n\t\t\t\t<div class=\"elementor-element elementor-element-0ec00f1 elementor-widget__width-initial elementor-widget elementor-widget-heading\" data-id=\"0ec00f1\" data-element_type=\"widget\" data-e-type=\"widget\" data-widget_type=\"heading.default\">\n\t\t\t\t<div class=\"elementor-widget-container\">\n\t\t\t\t\t<h2 class=\"elementor-heading-title elementor-size-default\">INFO TECHNIQUE<\/h2>\t\t\t\t<\/div>\n\t\t\t\t<\/div>\n\t\t\t\t\t<\/div>\n\t\t\t\t<\/div>\n\t\t<div class=\"elementor-element elementor-element-0d9891c e-flex e-con-boxed e-con e-parent\" data-id=\"0d9891c\" data-element_type=\"container\" data-e-type=\"container\" data-settings=\"{&quot;_ha_eqh_enable&quot;:false}\">\n\t\t\t\t\t<div class=\"e-con-inner\">\n\t\t\t\t<div class=\"elementor-element elementor-element-028997d elementor-widget__width-initial elementor-widget elementor-widget-text-editor\" data-id=\"028997d\" data-element_type=\"widget\" data-e-type=\"widget\" data-widget_type=\"text-editor.default\">\n\t\t\t\t<div class=\"elementor-widget-container\">\n\t\t\t\t\t\t\t\t\t<p><strong>WeScore, un tableau d&rsquo;affichage num\u00e9rique d\u00e9velopp\u00e9 pour am\u00e9liorer l&rsquo;exp\u00e9rience de chacun en mati\u00e8re de padel. L&rsquo;association des bons mat\u00e9riaux et de certaines caract\u00e9ristiques techniques a donn\u00e9 naissance \u00e0 un produit qui excelle par sa simplicit\u00e9 et sa pr\u00e9cision.<\/strong><\/p>\n\t\t\t\t\t\t\t\t<\/div>\n\t\t\t\t<\/div>\n\t\t\t\t<div class=\"elementor-element elementor-element-8133f1f elementor-widget__width-initial elementor-widget elementor-widget-heading\" data-id=\"8133f1f\" data-element_type=\"widget\" data-e-type=\"widget\" data-widget_type=\"heading.default\">\n\t\t\t\t<div class=\"elementor-widget-container\">\n\t\t\t\t\t<h2 class=\"elementor-heading-title elementor-size-default\">SENSORS<\/h2>\t\t\t\t<\/div>\n\t\t\t\t<\/div>\n\t\t\t\t<div class=\"elementor-element elementor-element-e3e8544 elementor-widget__width-initial elementor-widget elementor-widget-text-editor\" data-id=\"e3e8544\" data-element_type=\"widget\" data-e-type=\"widget\" data-widget_type=\"text-editor.default\">\n\t\t\t\t<div class=\"elementor-widget-container\">\n\t\t\t\t\t\t\t\t\t<p><strong>Comme le d\u00e9crit le manuel, le tableau d&rsquo;affichage est contr\u00f4l\u00e9 par un capteur rouge et un capteur bleu. Les capteurs sont r\u00e9gl\u00e9s pour r\u00e9agir \u00e0 une raquette de padel, mais pas \u00e0 une balle qui passe devant le capteur.<\/strong><\/p>\n<p><strong>La raquette que vous utilisez pour faire fonctionner le tableau d&rsquo;affichage n&rsquo;a pas d&rsquo;importance, mais la fa\u00e7on dont vous pr\u00e9sentez la raquette en a une. Nous insistons sur le fait que le capteur doit \u00eatre recouvert par le c\u00f4t\u00e9 de votre raquette. C&rsquo;est l&rsquo;op\u00e9ration la plus naturelle et elle emp\u00eache le tableau d&rsquo;affichage d&rsquo;enregistrer des erreurs.<\/strong><\/p>\n\t\t\t\t\t\t\t\t<\/div>\n\t\t\t\t<\/div>\n\t\t\t\t<div class=\"elementor-element elementor-element-df5ed04 elementor-widget__width-initial elementor-widget elementor-widget-heading\" data-id=\"df5ed04\" data-element_type=\"widget\" data-e-type=\"widget\" data-widget_type=\"heading.default\">\n\t\t\t\t<div class=\"elementor-widget-container\">\n\t\t\t\t\t<h2 class=\"elementor-heading-title elementor-size-default\">DUR\u00c9E DE LA BATTERIE<\/h2>\t\t\t\t<\/div>\n\t\t\t\t<\/div>\n\t\t\t\t<div class=\"elementor-element elementor-element-36586d2 elementor-widget__width-initial elementor-widget elementor-widget-text-editor\" data-id=\"36586d2\" data-element_type=\"widget\" data-e-type=\"widget\" data-widget_type=\"text-editor.default\">\n\t\t\t\t<div class=\"elementor-widget-container\">\n\t\t\t\t\t\t\t\t\t<p><strong>Lorsque vous achetez un tableau d&rsquo;affichage, un chargeur est fourni en standard. Comme son nom l&rsquo;indique, vous n&rsquo;avez besoin du chargeur que pour recharger la batterie du tableau d&rsquo;affichage. WeScore peut \u00eatre utilis\u00e9 sans fil pendant un match de padel !<\/strong><\/p>\n<p><strong>La batterie du tableau d&rsquo;affichage dure environ 8h. De quoi terminer votre s\u00e9ance de padel ou jouer les derniers tours d&rsquo;un tournoi. Car oui, les clubs peuvent aussi utiliser le tableau d&rsquo;affichage ! Gr\u00e2ce \u00e0 la commande \u00e0 distance sans fil, un supporter peut commander le tableau d&rsquo;affichage depuis la ligne de touche.<\/strong><\/p>\n\t\t\t\t\t\t\t\t<\/div>\n\t\t\t\t<\/div>\n\t\t\t\t<div class=\"elementor-element elementor-element-5c6fd7b elementor-widget__width-initial elementor-widget elementor-widget-heading\" data-id=\"5c6fd7b\" data-element_type=\"widget\" data-e-type=\"widget\" data-widget_type=\"heading.default\">\n\t\t\t\t<div class=\"elementor-widget-container\">\n\t\t\t\t\t<h2 class=\"elementor-heading-title elementor-size-default\">BOITIER<\/h2>\t\t\t\t<\/div>\n\t\t\t\t<\/div>\n\t\t\t\t<div class=\"elementor-element elementor-element-5f4c7b3 elementor-widget__width-initial elementor-widget elementor-widget-text-editor\" data-id=\"5f4c7b3\" data-element_type=\"widget\" data-e-type=\"widget\" data-widget_type=\"text-editor.default\">\n\t\t\t\t<div class=\"elementor-widget-container\">\n\t\t\t\t\t\t\t\t\t<p><strong>Le tableau d&rsquo;affichage est construit \u00e0 partir d&rsquo;une enveloppe tr\u00e8s l\u00e9g\u00e8re et finie de telle sorte qu&rsquo;elle est compl\u00e8tement imperm\u00e9able. Cela signifie que le mat\u00e9riau lui-m\u00eame peut r\u00e9sister \u00e0 l&rsquo;eau et que le tableau d&rsquo;affichage peut \u00eatre utilis\u00e9 par temps humide ou sous une pluie l\u00e9g\u00e8re.<\/strong><\/p>\n<p><strong>MAIS : malgr\u00e9 la puissance de la ventouse, il n&rsquo;est pas \u00e9vident de fixer le tableau d&rsquo;affichage sur une vitre mouill\u00e9e. Une certaine prudence n&rsquo;est donc pas inutile.<\/strong><\/p>\n\t\t\t\t\t\t\t\t<\/div>\n\t\t\t\t<\/div>\n\t\t\t\t<div class=\"elementor-element elementor-element-41fc8cc elementor-widget__width-initial elementor-widget elementor-widget-heading\" data-id=\"41fc8cc\" data-element_type=\"widget\" data-e-type=\"widget\" data-widget_type=\"heading.default\">\n\t\t\t\t<div class=\"elementor-widget-container\">\n\t\t\t\t\t<h2 class=\"elementor-heading-title elementor-size-default\">\u00c9CRAN LED<\/h2>\t\t\t\t<\/div>\n\t\t\t\t<\/div>\n\t\t\t\t<div class=\"elementor-element elementor-element-498183b elementor-widget__width-initial elementor-widget elementor-widget-text-editor\" data-id=\"498183b\" data-element_type=\"widget\" data-e-type=\"widget\" data-widget_type=\"text-editor.default\">\n\t\t\t\t<div class=\"elementor-widget-container\">\n\t\t\t\t\t\t\t\t\t<p><strong>La face avant du tableau d&rsquo;affichage se compose d&rsquo;un \u00e9cran LED sur lequel vous lisez le score. L&rsquo;intensit\u00e9 des LED s&rsquo;ajuste automatiquement en fonction de la lumi\u00e8re ambiante. Tout pour une lisibilit\u00e9 optimale de votre score !<\/strong><\/p>\n\t\t\t\t\t\t\t\t<\/div>\n\t\t\t\t<\/div>\n\t\t\t\t<div class=\"elementor-element elementor-element-f30e0a2 elementor-widget__width-initial elementor-widget elementor-widget-heading\" data-id=\"f30e0a2\" data-element_type=\"widget\" data-e-type=\"widget\" data-widget_type=\"heading.default\">\n\t\t\t\t<div class=\"elementor-widget-container\">\n\t\t\t\t\t<h2 class=\"elementor-heading-title elementor-size-default\">CONFORMIT\u00c9<\/h2>\t\t\t\t<\/div>\n\t\t\t\t<\/div>\n\t\t\t\t<div class=\"elementor-element elementor-element-3194b50 elementor-widget__width-initial elementor-widget elementor-widget-text-editor\" data-id=\"3194b50\" data-element_type=\"widget\" data-e-type=\"widget\" data-widget_type=\"text-editor.default\">\n\t\t\t\t<div class=\"elementor-widget-container\">\n\t\t\t\t\t\t\t\t\t<p><strong>Le tableau d&rsquo;affichage a \u00e9t\u00e9 d\u00e9velopp\u00e9 dans le respect de la l\u00e9gislation europ\u00e9enne et est homologu\u00e9 CE. WeScore a \u00e9t\u00e9 con\u00e7u, d\u00e9velopp\u00e9 et assembl\u00e9 en Belgique. Le produit est n\u00e9 d&rsquo;une \u00e9troite collaboration entre TVR Engineering et Herwebo BV. Deux entreprises belges passionn\u00e9es de padel ! Pour en savoir plus, consultez la page &lsquo;\u00e0 propos de nous&rsquo;.<\/strong><\/p>\n\t\t\t\t\t\t\t\t<\/div>\n\t\t\t\t<\/div>\n\t\t\t\t\t<\/div>\n\t\t\t\t<\/div>\n\t\t\t\t<\/div>\n\t\t","protected":false},"excerpt":{"rendered":"<p>INFO TECHNIQUE WeScore, un tableau d&rsquo;affichage num\u00e9rique d\u00e9velopp\u00e9 pour am\u00e9liorer l&rsquo;exp\u00e9rience de chacun en mati\u00e8re de padel. L&rsquo;association des bons mat\u00e9riaux et de certaines caract\u00e9ristiques techniques a donn\u00e9 naissance \u00e0 un produit qui excelle par sa simplicit\u00e9 et sa pr\u00e9cision. SENSORS Comme le d\u00e9crit le manuel, le tableau d&rsquo;affichage est contr\u00f4l\u00e9 par un capteur rouge [&hellip;]<\/p>\n","protected":false},"author":1,"featured_media":1381,"parent":0,"menu_order":0,"comment_status":"closed","ping_status":"closed","template":"","meta":{"_eb_attr":"","footnotes":""},"class_list":["post-1562","page","type-page","status-publish","has-post-thumbnail","hentry"],"yoast_head":"<!-- This site is optimized with the Yoast SEO plugin v27.5 - https:\/\/yoast.com\/product\/yoast-seo-wordpress\/ -->\n<title>INFO TECHNIQUE - Wescore Padel<\/title>\n<meta name=\"description\" content=\"WeScore, un tableau d&#039;affichage num\u00e9rique d\u00e9velopp\u00e9 pour am\u00e9liorer l&#039;exp\u00e9rience de chacun en mati\u00e8re de padel. L&#039;association des bons mat\u00e9riaux et de certaines...\" \/>\n<meta name=\"robots\" content=\"index, follow, max-snippet:-1, max-image-preview:large, max-video-preview:-1\" \/>\n<link rel=\"canonical\" href=\"https:\/\/wescorepadel.com\/fr\/info-technique\/\" \/>\n<meta property=\"og:locale\" content=\"fr_FR\" \/>\n<meta property=\"og:type\" content=\"article\" \/>\n<meta property=\"og:title\" content=\"INFO TECHNIQUE - Wescore Padel\" \/>\n<meta property=\"og:description\" content=\"WeScore, un tableau d&#039;affichage num\u00e9rique d\u00e9velopp\u00e9 pour am\u00e9liorer l&#039;exp\u00e9rience de chacun en mati\u00e8re de padel. L&#039;association des bons mat\u00e9riaux et de certaines...\" \/>\n<meta property=\"og:url\" content=\"https:\/\/wescorepadel.com\/fr\/info-technique\/\" \/>\n<meta property=\"og:site_name\" content=\"Wescore Padel\" \/>\n<meta property=\"article:modified_time\" content=\"2024-01-24T15:14:04+00:00\" \/>\n<meta property=\"og:image\" content=\"https:\/\/wescorepadel.com\/wp-content\/uploads\/2023\/03\/Schermafbeelding-2023-03-28-om-16.38.36.png\" \/>\n\t<meta property=\"og:image:width\" content=\"603\" \/>\n\t<meta property=\"og:image:height\" content=\"404\" \/>\n\t<meta property=\"og:image:type\" content=\"image\/png\" \/>\n<meta name=\"twitter:card\" content=\"summary_large_image\" \/>\n<meta name=\"twitter:label1\" content=\"Dur\u00e9e de lecture estim\u00e9e\" \/>\n\t<meta name=\"twitter:data1\" content=\"2 minutes\" \/>\n<script type=\"application\/ld+json\" class=\"yoast-schema-graph\">{\"@context\":\"https:\\\/\\\/schema.org\",\"@graph\":[{\"@type\":\"WebPage\",\"@id\":\"https:\\\/\\\/wescorepadel.com\\\/fr\\\/info-technique\\\/\",\"url\":\"https:\\\/\\\/wescorepadel.com\\\/fr\\\/info-technique\\\/\",\"name\":\"INFO TECHNIQUE - Wescore Padel\",\"isPartOf\":{\"@id\":\"https:\\\/\\\/wescorepadel.com\\\/fr\\\/#website\"},\"primaryImageOfPage\":{\"@id\":\"https:\\\/\\\/wescorepadel.com\\\/fr\\\/info-technique\\\/#primaryimage\"},\"image\":{\"@id\":\"https:\\\/\\\/wescorepadel.com\\\/fr\\\/info-technique\\\/#primaryimage\"},\"thumbnailUrl\":\"https:\\\/\\\/wescorepadel.com\\\/wp-content\\\/uploads\\\/2023\\\/03\\\/Schermafbeelding-2023-03-28-om-16.38.36.png\",\"datePublished\":\"2023-01-12T06:04:03+00:00\",\"dateModified\":\"2024-01-24T15:14:04+00:00\",\"description\":\"WeScore, un tableau d'affichage num\u00e9rique d\u00e9velopp\u00e9 pour am\u00e9liorer l'exp\u00e9rience de chacun en mati\u00e8re de padel. L'association des bons mat\u00e9riaux et de certaines...\",\"breadcrumb\":{\"@id\":\"https:\\\/\\\/wescorepadel.com\\\/fr\\\/info-technique\\\/#breadcrumb\"},\"inLanguage\":\"fr-FR\",\"potentialAction\":[{\"@type\":\"ReadAction\",\"target\":[\"https:\\\/\\\/wescorepadel.com\\\/fr\\\/info-technique\\\/\"]}]},{\"@type\":\"ImageObject\",\"inLanguage\":\"fr-FR\",\"@id\":\"https:\\\/\\\/wescorepadel.com\\\/fr\\\/info-technique\\\/#primaryimage\",\"url\":\"https:\\\/\\\/wescorepadel.com\\\/wp-content\\\/uploads\\\/2023\\\/03\\\/Schermafbeelding-2023-03-28-om-16.38.36.png\",\"contentUrl\":\"https:\\\/\\\/wescorepadel.com\\\/wp-content\\\/uploads\\\/2023\\\/03\\\/Schermafbeelding-2023-03-28-om-16.38.36.png\",\"width\":603,\"height\":404},{\"@type\":\"BreadcrumbList\",\"@id\":\"https:\\\/\\\/wescorepadel.com\\\/fr\\\/info-technique\\\/#breadcrumb\",\"itemListElement\":[{\"@type\":\"ListItem\",\"position\":1,\"name\":\"Home\",\"item\":\"https:\\\/\\\/wescorepadel.com\\\/fr\\\/\"},{\"@type\":\"ListItem\",\"position\":2,\"name\":\"INFO TECHNIQUE\"}]},{\"@type\":\"WebSite\",\"@id\":\"https:\\\/\\\/wescorepadel.com\\\/fr\\\/#website\",\"url\":\"https:\\\/\\\/wescorepadel.com\\\/fr\\\/\",\"name\":\"Wescore Padel\",\"description\":\"\",\"publisher\":{\"@id\":\"https:\\\/\\\/wescorepadel.com\\\/fr\\\/#organization\"},\"potentialAction\":[{\"@type\":\"SearchAction\",\"target\":{\"@type\":\"EntryPoint\",\"urlTemplate\":\"https:\\\/\\\/wescorepadel.com\\\/fr\\\/?s={search_term_string}\"},\"query-input\":{\"@type\":\"PropertyValueSpecification\",\"valueRequired\":true,\"valueName\":\"search_term_string\"}}],\"inLanguage\":\"fr-FR\"},{\"@type\":\"Organization\",\"@id\":\"https:\\\/\\\/wescorepadel.com\\\/fr\\\/#organization\",\"name\":\"Wescore Padel\",\"url\":\"https:\\\/\\\/wescorepadel.com\\\/fr\\\/\",\"logo\":{\"@type\":\"ImageObject\",\"inLanguage\":\"fr-FR\",\"@id\":\"https:\\\/\\\/wescorepadel.com\\\/fr\\\/#\\\/schema\\\/logo\\\/image\\\/\",\"url\":\"https:\\\/\\\/wescorepadel.com\\\/wp-content\\\/uploads\\\/2023\\\/03\\\/logo-wit.svg\",\"contentUrl\":\"https:\\\/\\\/wescorepadel.com\\\/wp-content\\\/uploads\\\/2023\\\/03\\\/logo-wit.svg\",\"caption\":\"Wescore Padel\"},\"image\":{\"@id\":\"https:\\\/\\\/wescorepadel.com\\\/fr\\\/#\\\/schema\\\/logo\\\/image\\\/\"}}]}<\/script>\n<!-- \/ Yoast SEO plugin. -->","yoast_head_json":{"title":"INFO TECHNIQUE - Wescore Padel","description":"WeScore, un tableau d'affichage num\u00e9rique d\u00e9velopp\u00e9 pour am\u00e9liorer l'exp\u00e9rience de chacun en mati\u00e8re de padel. L'association des bons mat\u00e9riaux et de certaines...","robots":{"index":"index","follow":"follow","max-snippet":"max-snippet:-1","max-image-preview":"max-image-preview:large","max-video-preview":"max-video-preview:-1"},"canonical":"https:\/\/wescorepadel.com\/fr\/info-technique\/","og_locale":"fr_FR","og_type":"article","og_title":"INFO TECHNIQUE - Wescore Padel","og_description":"WeScore, un tableau d'affichage num\u00e9rique d\u00e9velopp\u00e9 pour am\u00e9liorer l'exp\u00e9rience de chacun en mati\u00e8re de padel. L'association des bons mat\u00e9riaux et de certaines...","og_url":"https:\/\/wescorepadel.com\/fr\/info-technique\/","og_site_name":"Wescore Padel","article_modified_time":"2024-01-24T15:14:04+00:00","og_image":[{"width":603,"height":404,"url":"https:\/\/wescorepadel.com\/wp-content\/uploads\/2023\/03\/Schermafbeelding-2023-03-28-om-16.38.36.png","type":"image\/png"}],"twitter_card":"summary_large_image","twitter_misc":{"Dur\u00e9e de lecture estim\u00e9e":"2 minutes"},"schema":{"@context":"https:\/\/schema.org","@graph":[{"@type":"WebPage","@id":"https:\/\/wescorepadel.com\/fr\/info-technique\/","url":"https:\/\/wescorepadel.com\/fr\/info-technique\/","name":"INFO TECHNIQUE - Wescore Padel","isPartOf":{"@id":"https:\/\/wescorepadel.com\/fr\/#website"},"primaryImageOfPage":{"@id":"https:\/\/wescorepadel.com\/fr\/info-technique\/#primaryimage"},"image":{"@id":"https:\/\/wescorepadel.com\/fr\/info-technique\/#primaryimage"},"thumbnailUrl":"https:\/\/wescorepadel.com\/wp-content\/uploads\/2023\/03\/Schermafbeelding-2023-03-28-om-16.38.36.png","datePublished":"2023-01-12T06:04:03+00:00","dateModified":"2024-01-24T15:14:04+00:00","description":"WeScore, un tableau d'affichage num\u00e9rique d\u00e9velopp\u00e9 pour am\u00e9liorer l'exp\u00e9rience de chacun en mati\u00e8re de padel. L'association des bons mat\u00e9riaux et de certaines...","breadcrumb":{"@id":"https:\/\/wescorepadel.com\/fr\/info-technique\/#breadcrumb"},"inLanguage":"fr-FR","potentialAction":[{"@type":"ReadAction","target":["https:\/\/wescorepadel.com\/fr\/info-technique\/"]}]},{"@type":"ImageObject","inLanguage":"fr-FR","@id":"https:\/\/wescorepadel.com\/fr\/info-technique\/#primaryimage","url":"https:\/\/wescorepadel.com\/wp-content\/uploads\/2023\/03\/Schermafbeelding-2023-03-28-om-16.38.36.png","contentUrl":"https:\/\/wescorepadel.com\/wp-content\/uploads\/2023\/03\/Schermafbeelding-2023-03-28-om-16.38.36.png","width":603,"height":404},{"@type":"BreadcrumbList","@id":"https:\/\/wescorepadel.com\/fr\/info-technique\/#breadcrumb","itemListElement":[{"@type":"ListItem","position":1,"name":"Home","item":"https:\/\/wescorepadel.com\/fr\/"},{"@type":"ListItem","position":2,"name":"INFO TECHNIQUE"}]},{"@type":"WebSite","@id":"https:\/\/wescorepadel.com\/fr\/#website","url":"https:\/\/wescorepadel.com\/fr\/","name":"Wescore Padel","description":"","publisher":{"@id":"https:\/\/wescorepadel.com\/fr\/#organization"},"potentialAction":[{"@type":"SearchAction","target":{"@type":"EntryPoint","urlTemplate":"https:\/\/wescorepadel.com\/fr\/?s={search_term_string}"},"query-input":{"@type":"PropertyValueSpecification","valueRequired":true,"valueName":"search_term_string"}}],"inLanguage":"fr-FR"},{"@type":"Organization","@id":"https:\/\/wescorepadel.com\/fr\/#organization","name":"Wescore Padel","url":"https:\/\/wescorepadel.com\/fr\/","logo":{"@type":"ImageObject","inLanguage":"fr-FR","@id":"https:\/\/wescorepadel.com\/fr\/#\/schema\/logo\/image\/","url":"https:\/\/wescorepadel.com\/wp-content\/uploads\/2023\/03\/logo-wit.svg","contentUrl":"https:\/\/wescorepadel.com\/wp-content\/uploads\/2023\/03\/logo-wit.svg","caption":"Wescore Padel"},"image":{"@id":"https:\/\/wescorepadel.com\/fr\/#\/schema\/logo\/image\/"}}]}},"_links":{"self":[{"href":"https:\/\/wescorepadel.com\/fr\/wp-json\/wp\/v2\/pages\/1562","targetHints":{"allow":["GET"]}}],"collection":[{"href":"https:\/\/wescorepadel.com\/fr\/wp-json\/wp\/v2\/pages"}],"about":[{"href":"https:\/\/wescorepadel.com\/fr\/wp-json\/wp\/v2\/types\/page"}],"author":[{"embeddable":true,"href":"https:\/\/wescorepadel.com\/fr\/wp-json\/wp\/v2\/users\/1"}],"replies":[{"embeddable":true,"href":"https:\/\/wescorepadel.com\/fr\/wp-json\/wp\/v2\/comments?post=1562"}],"version-history":[{"count":2,"href":"https:\/\/wescorepadel.com\/fr\/wp-json\/wp\/v2\/pages\/1562\/revisions"}],"predecessor-version":[{"id":2042,"href":"https:\/\/wescorepadel.com\/fr\/wp-json\/wp\/v2\/pages\/1562\/revisions\/2042"}],"wp:featuredmedia":[{"embeddable":true,"href":"https:\/\/wescorepadel.com\/fr\/wp-json\/wp\/v2\/media\/1381"}],"wp:attachment":[{"href":"https:\/\/wescorepadel.com\/fr\/wp-json\/wp\/v2\/media?parent=1562"}],"curies":[{"name":"wp","href":"https:\/\/api.w.org\/{rel}","templated":true}]}}