{"id":1556,"date":"2023-03-21T11:06:29","date_gmt":"2023-03-21T10:06:29","guid":{"rendered":"https:\/\/wescorepadel.com\/module-darbitrage\/"},"modified":"2024-01-24T16:10:34","modified_gmt":"2024-01-24T15:10:34","slug":"module-darbitrage","status":"publish","type":"page","link":"https:\/\/wescorepadel.com\/fr\/module-darbitrage\/","title":{"rendered":"Module d&rsquo;arbitrage"},"content":{"rendered":"\t\t<div data-elementor-type=\"wp-page\" data-elementor-id=\"1556\" class=\"elementor elementor-1556 elementor-546\" data-elementor-settings=\"{&quot;ha_cmc_init_switcher&quot;:&quot;no&quot;}\">\n\t\t\t\t<div class=\"elementor-element elementor-element-1e6806f e-flex e-con-boxed e-con e-parent\" data-id=\"1e6806f\" data-element_type=\"container\" data-e-type=\"container\" data-settings=\"{&quot;_ha_eqh_enable&quot;:false}\">\n\t\t\t\t\t<div class=\"e-con-inner\">\n\t\t\t\t<div class=\"elementor-element elementor-element-a2d6993 elementor-widget elementor-widget-heading\" data-id=\"a2d6993\" data-element_type=\"widget\" data-e-type=\"widget\" data-widget_type=\"heading.default\">\n\t\t\t\t<div class=\"elementor-widget-container\">\n\t\t\t\t\t<h2 class=\"elementor-heading-title elementor-size-default\">WESCORE DANS VOTRE CLUB<\/h2>\t\t\t\t<\/div>\n\t\t\t\t<\/div>\n\t\t\t\t<div class=\"elementor-element elementor-element-6ba6007 elementor-widget elementor-widget-text-editor\" data-id=\"6ba6007\" data-element_type=\"widget\" data-e-type=\"widget\" data-widget_type=\"text-editor.default\">\n\t\t\t\t<div class=\"elementor-widget-container\">\n\t\t\t\t\t\t\t\t\t<strong>Utiliser WeScore en tant que joueur est une chose, l&rsquo;offrir en tant que club compl\u00e8te le tableau !<\/strong>\r\n\r\n<strong>Que diriez-vous d&rsquo;utiliser notre tableau d&rsquo;affichage pendant les s\u00e9ances de padel hebdomadaires ou les tournois ? Pratique pour les joueurs, encore plus int\u00e9ressant pour les spectateurs. Surtout lorsqu&rsquo;un spectateur ou un arbitre utilise notre module d&rsquo;arbitrage.<\/strong>\r\n\r\n&nbsp;\t\t\t\t\t\t\t\t<\/div>\n\t\t\t\t<\/div>\n\t\t\t\t<div class=\"elementor-element elementor-element-656c96e elementor-widget elementor-widget-spacer\" data-id=\"656c96e\" data-element_type=\"widget\" data-e-type=\"widget\" data-widget_type=\"spacer.default\">\n\t\t\t\t<div class=\"elementor-widget-container\">\n\t\t\t\t\t\t\t<div class=\"elementor-spacer\">\n\t\t\t<div class=\"elementor-spacer-inner\"><\/div>\n\t\t<\/div>\n\t\t\t\t\t\t<\/div>\n\t\t\t\t<\/div>\n\t\t\t\t\t<\/div>\n\t\t\t\t<\/div>\n\t\t<div class=\"elementor-element elementor-element-4c70e49 e-flex e-con-boxed e-con e-parent\" data-id=\"4c70e49\" data-element_type=\"container\" data-e-type=\"container\" data-settings=\"{&quot;_ha_eqh_enable&quot;:false}\">\n\t\t\t\t\t<div class=\"e-con-inner\">\n\t\t<div class=\"elementor-element elementor-element-6b5fe94 e-con-full e-flex e-con e-child\" data-id=\"6b5fe94\" data-element_type=\"container\" data-e-type=\"container\" data-settings=\"{&quot;_ha_eqh_enable&quot;:false}\">\n\t\t\t\t<div class=\"elementor-element elementor-element-414d75f elementor-widget elementor-widget-text-editor\" data-id=\"414d75f\" data-element_type=\"widget\" data-e-type=\"widget\" data-widget_type=\"text-editor.default\">\n\t\t\t\t<div class=\"elementor-widget-container\">\n\t\t\t\t\t\t\t\t\t<strong>Le module d&rsquo;arbitrage est une extension du tableau d&rsquo;affichage.<\/strong>\r\n\r\n<strong>En branchant un r\u00e9cepteur compact sur le tableau d&rsquo;affichage, celui-ci n&rsquo;est plus contr\u00f4l\u00e9 par les joueurs sur le terrain, mais par un spectateur qui joue le r\u00f4le d&rsquo;arbitre.<\/strong>\r\n\r\n<strong>Les capteurs du tableau d&rsquo;affichage sont automatiquement d\u00e9sactiv\u00e9s et la t\u00e9l\u00e9commande contr\u00f4le directement le score.<\/strong>\r\n\r\n<strong>Cela signifie que vous pouvez contr\u00f4ler le tableau d&rsquo;affichage \u00e0 distance. Les supporters peuvent suivre le score sans effort et les joueurs se concentrent \u00e0 100 % sur le jeu.<\/strong>\t\t\t\t\t\t\t\t<\/div>\n\t\t\t\t<\/div>\n\t\t\t\t<\/div>\n\t\t<div class=\"elementor-element elementor-element-d5a637e e-con-full e-flex e-con e-child\" data-id=\"d5a637e\" data-element_type=\"container\" data-e-type=\"container\" data-settings=\"{&quot;_ha_eqh_enable&quot;:false}\">\n\t\t\t\t<div class=\"elementor-element elementor-element-a316208 elementor-widget elementor-widget-image\" data-id=\"a316208\" data-element_type=\"widget\" data-e-type=\"widget\" data-widget_type=\"image.default\">\n\t\t\t\t<div class=\"elementor-widget-container\">\n\t\t\t\t\t\t\t\t\t\t\t\t\t\t\t<img fetchpriority=\"high\" decoding=\"async\" width=\"800\" height=\"534\" src=\"https:\/\/wescorepadel.com\/wp-content\/uploads\/2023\/03\/2023-03-06-JPG-108-Padel-WeScore-1024x683.jpg\" class=\"attachment-large size-large wp-image-1390\" alt=\"\" srcset=\"https:\/\/wescorepadel.com\/wp-content\/uploads\/2023\/03\/2023-03-06-JPG-108-Padel-WeScore-1024x683.jpg 1024w, https:\/\/wescorepadel.com\/wp-content\/uploads\/2023\/03\/2023-03-06-JPG-108-Padel-WeScore-scaled-600x400.jpg 600w, https:\/\/wescorepadel.com\/wp-content\/uploads\/2023\/03\/2023-03-06-JPG-108-Padel-WeScore-300x200.jpg 300w, https:\/\/wescorepadel.com\/wp-content\/uploads\/2023\/03\/2023-03-06-JPG-108-Padel-WeScore-768x512.jpg 768w, https:\/\/wescorepadel.com\/wp-content\/uploads\/2023\/03\/2023-03-06-JPG-108-Padel-WeScore-1536x1024.jpg 1536w, https:\/\/wescorepadel.com\/wp-content\/uploads\/2023\/03\/2023-03-06-JPG-108-Padel-WeScore-2048x1365.jpg 2048w\" sizes=\"(max-width: 800px) 100vw, 800px\" \/>\t\t\t\t\t\t\t\t\t\t\t\t\t\t\t<\/div>\n\t\t\t\t<\/div>\n\t\t\t\t<\/div>\n\t\t\t\t\t<\/div>\n\t\t\t\t<\/div>\n\t\t<div class=\"elementor-element elementor-element-91c14e0 e-flex e-con-boxed e-con e-parent\" data-id=\"91c14e0\" data-element_type=\"container\" data-e-type=\"container\" data-settings=\"{&quot;_ha_eqh_enable&quot;:false}\">\n\t\t\t\t\t<div class=\"e-con-inner\">\n\t\t\t\t<div class=\"elementor-element elementor-element-b8493af elementor-widget elementor-widget-heading\" data-id=\"b8493af\" data-element_type=\"widget\" data-e-type=\"widget\" data-widget_type=\"heading.default\">\n\t\t\t\t<div class=\"elementor-widget-container\">\n\t\t\t\t\t<h2 class=\"elementor-heading-title elementor-size-default\">INT\u00c9RESS\u00c9 PAR 1 OU PLUSIEURS TABLEAUX D'AFFICHAGE ?<\/h2>\t\t\t\t<\/div>\n\t\t\t\t<\/div>\n\t\t\t\t<div class=\"elementor-element elementor-element-faddcea elementor-widget elementor-widget-text-editor\" data-id=\"faddcea\" data-element_type=\"widget\" data-e-type=\"widget\" data-widget_type=\"text-editor.default\">\n\t\t\t\t<div class=\"elementor-widget-container\">\n\t\t\t\t\t\t\t\t\t<p><strong>Faites-le nous savoir \u00e0 l&rsquo;adresse info@wescorepadel.com ou contactez-nous par t\u00e9l\u00e9phone : +32 479 28 43 79.<\/strong><\/p>\n\t\t\t\t\t\t\t\t<\/div>\n\t\t\t\t<\/div>\n\t\t\t\t\t<\/div>\n\t\t\t\t<\/div>\n\t\t\t\t<\/div>\n\t\t","protected":false},"excerpt":{"rendered":"<p>WESCORE DANS VOTRE CLUB Utiliser WeScore en tant que joueur est une chose, l&rsquo;offrir en tant que club compl\u00e8te le tableau ! Que diriez-vous d&rsquo;utiliser notre tableau d&rsquo;affichage pendant les s\u00e9ances de padel hebdomadaires ou les tournois ? Pratique pour les joueurs, encore plus int\u00e9ressant pour les spectateurs. Surtout lorsqu&rsquo;un spectateur ou un arbitre utilise [&hellip;]<\/p>\n","protected":false},"author":1,"featured_media":0,"parent":0,"menu_order":0,"comment_status":"closed","ping_status":"closed","template":"","meta":{"_eb_attr":"","footnotes":""},"class_list":["post-1556","page","type-page","status-publish","hentry"],"yoast_head":"<!-- This site is optimized with the Yoast SEO plugin v27.5 - https:\/\/yoast.com\/product\/yoast-seo-wordpress\/ -->\n<title>Offre clubs - Wescore Padel<\/title>\n<meta name=\"description\" content=\"Le module d&#039;arbitrage de WeScore est une extension du tableau d&#039;affichage. La t\u00e9l\u00e9commande est propos\u00e9e aux clubs de padel pour...\" \/>\n<meta name=\"robots\" content=\"index, follow, max-snippet:-1, max-image-preview:large, max-video-preview:-1\" \/>\n<link rel=\"canonical\" href=\"https:\/\/wescorepadel.com\/fr\/module-darbitrage\/\" \/>\n<meta property=\"og:locale\" content=\"fr_FR\" \/>\n<meta property=\"og:type\" content=\"article\" \/>\n<meta property=\"og:title\" content=\"Offre clubs - Wescore Padel\" \/>\n<meta property=\"og:description\" content=\"Le module d&#039;arbitrage de WeScore est une extension du tableau d&#039;affichage. La t\u00e9l\u00e9commande est propos\u00e9e aux clubs de padel pour...\" \/>\n<meta property=\"og:url\" content=\"https:\/\/wescorepadel.com\/fr\/module-darbitrage\/\" \/>\n<meta property=\"og:site_name\" content=\"Wescore Padel\" \/>\n<meta property=\"article:modified_time\" content=\"2024-01-24T15:10:34+00:00\" \/>\n<meta property=\"og:image\" content=\"https:\/\/wescorepadel.com\/wp-content\/uploads\/2023\/03\/2023-03-06-JPG-108-Padel-WeScore-1024x683.jpg\" \/>\n<meta name=\"twitter:card\" content=\"summary_large_image\" \/>\n<meta name=\"twitter:label1\" content=\"Dur\u00e9e de lecture estim\u00e9e\" \/>\n\t<meta name=\"twitter:data1\" content=\"1 minute\" \/>\n<script type=\"application\/ld+json\" class=\"yoast-schema-graph\">{\"@context\":\"https:\\\/\\\/schema.org\",\"@graph\":[{\"@type\":\"WebPage\",\"@id\":\"https:\\\/\\\/wescorepadel.com\\\/fr\\\/module-darbitrage\\\/\",\"url\":\"https:\\\/\\\/wescorepadel.com\\\/fr\\\/module-darbitrage\\\/\",\"name\":\"Offre clubs - Wescore Padel\",\"isPartOf\":{\"@id\":\"https:\\\/\\\/wescorepadel.com\\\/fr\\\/#website\"},\"primaryImageOfPage\":{\"@id\":\"https:\\\/\\\/wescorepadel.com\\\/fr\\\/module-darbitrage\\\/#primaryimage\"},\"image\":{\"@id\":\"https:\\\/\\\/wescorepadel.com\\\/fr\\\/module-darbitrage\\\/#primaryimage\"},\"thumbnailUrl\":\"https:\\\/\\\/wescorepadel.com\\\/wp-content\\\/uploads\\\/2023\\\/03\\\/2023-03-06-JPG-108-Padel-WeScore-1024x683.jpg\",\"datePublished\":\"2023-03-21T10:06:29+00:00\",\"dateModified\":\"2024-01-24T15:10:34+00:00\",\"description\":\"Le module d'arbitrage de WeScore est une extension du tableau d'affichage. La t\u00e9l\u00e9commande est propos\u00e9e aux clubs de padel pour...\",\"breadcrumb\":{\"@id\":\"https:\\\/\\\/wescorepadel.com\\\/fr\\\/module-darbitrage\\\/#breadcrumb\"},\"inLanguage\":\"fr-FR\",\"potentialAction\":[{\"@type\":\"ReadAction\",\"target\":[\"https:\\\/\\\/wescorepadel.com\\\/fr\\\/module-darbitrage\\\/\"]}]},{\"@type\":\"ImageObject\",\"inLanguage\":\"fr-FR\",\"@id\":\"https:\\\/\\\/wescorepadel.com\\\/fr\\\/module-darbitrage\\\/#primaryimage\",\"url\":\"https:\\\/\\\/wescorepadel.com\\\/wp-content\\\/uploads\\\/2023\\\/03\\\/2023-03-06-JPG-108-Padel-WeScore-1024x683.jpg\",\"contentUrl\":\"https:\\\/\\\/wescorepadel.com\\\/wp-content\\\/uploads\\\/2023\\\/03\\\/2023-03-06-JPG-108-Padel-WeScore-1024x683.jpg\"},{\"@type\":\"BreadcrumbList\",\"@id\":\"https:\\\/\\\/wescorepadel.com\\\/fr\\\/module-darbitrage\\\/#breadcrumb\",\"itemListElement\":[{\"@type\":\"ListItem\",\"position\":1,\"name\":\"Home\",\"item\":\"https:\\\/\\\/wescorepadel.com\\\/fr\\\/\"},{\"@type\":\"ListItem\",\"position\":2,\"name\":\"Module d&rsquo;arbitrage\"}]},{\"@type\":\"WebSite\",\"@id\":\"https:\\\/\\\/wescorepadel.com\\\/fr\\\/#website\",\"url\":\"https:\\\/\\\/wescorepadel.com\\\/fr\\\/\",\"name\":\"Wescore Padel\",\"description\":\"\",\"publisher\":{\"@id\":\"https:\\\/\\\/wescorepadel.com\\\/fr\\\/#organization\"},\"potentialAction\":[{\"@type\":\"SearchAction\",\"target\":{\"@type\":\"EntryPoint\",\"urlTemplate\":\"https:\\\/\\\/wescorepadel.com\\\/fr\\\/?s={search_term_string}\"},\"query-input\":{\"@type\":\"PropertyValueSpecification\",\"valueRequired\":true,\"valueName\":\"search_term_string\"}}],\"inLanguage\":\"fr-FR\"},{\"@type\":\"Organization\",\"@id\":\"https:\\\/\\\/wescorepadel.com\\\/fr\\\/#organization\",\"name\":\"Wescore Padel\",\"url\":\"https:\\\/\\\/wescorepadel.com\\\/fr\\\/\",\"logo\":{\"@type\":\"ImageObject\",\"inLanguage\":\"fr-FR\",\"@id\":\"https:\\\/\\\/wescorepadel.com\\\/fr\\\/#\\\/schema\\\/logo\\\/image\\\/\",\"url\":\"https:\\\/\\\/wescorepadel.com\\\/wp-content\\\/uploads\\\/2023\\\/03\\\/logo-wit.svg\",\"contentUrl\":\"https:\\\/\\\/wescorepadel.com\\\/wp-content\\\/uploads\\\/2023\\\/03\\\/logo-wit.svg\",\"caption\":\"Wescore Padel\"},\"image\":{\"@id\":\"https:\\\/\\\/wescorepadel.com\\\/fr\\\/#\\\/schema\\\/logo\\\/image\\\/\"}}]}<\/script>\n<!-- \/ Yoast SEO plugin. -->","yoast_head_json":{"title":"Offre clubs - Wescore Padel","description":"Le module d'arbitrage de WeScore est une extension du tableau d'affichage. La t\u00e9l\u00e9commande est propos\u00e9e aux clubs de padel pour...","robots":{"index":"index","follow":"follow","max-snippet":"max-snippet:-1","max-image-preview":"max-image-preview:large","max-video-preview":"max-video-preview:-1"},"canonical":"https:\/\/wescorepadel.com\/fr\/module-darbitrage\/","og_locale":"fr_FR","og_type":"article","og_title":"Offre clubs - Wescore Padel","og_description":"Le module d'arbitrage de WeScore est une extension du tableau d'affichage. La t\u00e9l\u00e9commande est propos\u00e9e aux clubs de padel pour...","og_url":"https:\/\/wescorepadel.com\/fr\/module-darbitrage\/","og_site_name":"Wescore Padel","article_modified_time":"2024-01-24T15:10:34+00:00","og_image":[{"url":"https:\/\/wescorepadel.com\/wp-content\/uploads\/2023\/03\/2023-03-06-JPG-108-Padel-WeScore-1024x683.jpg","type":"","width":"","height":""}],"twitter_card":"summary_large_image","twitter_misc":{"Dur\u00e9e de lecture estim\u00e9e":"1 minute"},"schema":{"@context":"https:\/\/schema.org","@graph":[{"@type":"WebPage","@id":"https:\/\/wescorepadel.com\/fr\/module-darbitrage\/","url":"https:\/\/wescorepadel.com\/fr\/module-darbitrage\/","name":"Offre clubs - Wescore Padel","isPartOf":{"@id":"https:\/\/wescorepadel.com\/fr\/#website"},"primaryImageOfPage":{"@id":"https:\/\/wescorepadel.com\/fr\/module-darbitrage\/#primaryimage"},"image":{"@id":"https:\/\/wescorepadel.com\/fr\/module-darbitrage\/#primaryimage"},"thumbnailUrl":"https:\/\/wescorepadel.com\/wp-content\/uploads\/2023\/03\/2023-03-06-JPG-108-Padel-WeScore-1024x683.jpg","datePublished":"2023-03-21T10:06:29+00:00","dateModified":"2024-01-24T15:10:34+00:00","description":"Le module d'arbitrage de WeScore est une extension du tableau d'affichage. La t\u00e9l\u00e9commande est propos\u00e9e aux clubs de padel pour...","breadcrumb":{"@id":"https:\/\/wescorepadel.com\/fr\/module-darbitrage\/#breadcrumb"},"inLanguage":"fr-FR","potentialAction":[{"@type":"ReadAction","target":["https:\/\/wescorepadel.com\/fr\/module-darbitrage\/"]}]},{"@type":"ImageObject","inLanguage":"fr-FR","@id":"https:\/\/wescorepadel.com\/fr\/module-darbitrage\/#primaryimage","url":"https:\/\/wescorepadel.com\/wp-content\/uploads\/2023\/03\/2023-03-06-JPG-108-Padel-WeScore-1024x683.jpg","contentUrl":"https:\/\/wescorepadel.com\/wp-content\/uploads\/2023\/03\/2023-03-06-JPG-108-Padel-WeScore-1024x683.jpg"},{"@type":"BreadcrumbList","@id":"https:\/\/wescorepadel.com\/fr\/module-darbitrage\/#breadcrumb","itemListElement":[{"@type":"ListItem","position":1,"name":"Home","item":"https:\/\/wescorepadel.com\/fr\/"},{"@type":"ListItem","position":2,"name":"Module d&rsquo;arbitrage"}]},{"@type":"WebSite","@id":"https:\/\/wescorepadel.com\/fr\/#website","url":"https:\/\/wescorepadel.com\/fr\/","name":"Wescore Padel","description":"","publisher":{"@id":"https:\/\/wescorepadel.com\/fr\/#organization"},"potentialAction":[{"@type":"SearchAction","target":{"@type":"EntryPoint","urlTemplate":"https:\/\/wescorepadel.com\/fr\/?s={search_term_string}"},"query-input":{"@type":"PropertyValueSpecification","valueRequired":true,"valueName":"search_term_string"}}],"inLanguage":"fr-FR"},{"@type":"Organization","@id":"https:\/\/wescorepadel.com\/fr\/#organization","name":"Wescore Padel","url":"https:\/\/wescorepadel.com\/fr\/","logo":{"@type":"ImageObject","inLanguage":"fr-FR","@id":"https:\/\/wescorepadel.com\/fr\/#\/schema\/logo\/image\/","url":"https:\/\/wescorepadel.com\/wp-content\/uploads\/2023\/03\/logo-wit.svg","contentUrl":"https:\/\/wescorepadel.com\/wp-content\/uploads\/2023\/03\/logo-wit.svg","caption":"Wescore Padel"},"image":{"@id":"https:\/\/wescorepadel.com\/fr\/#\/schema\/logo\/image\/"}}]}},"_links":{"self":[{"href":"https:\/\/wescorepadel.com\/fr\/wp-json\/wp\/v2\/pages\/1556","targetHints":{"allow":["GET"]}}],"collection":[{"href":"https:\/\/wescorepadel.com\/fr\/wp-json\/wp\/v2\/pages"}],"about":[{"href":"https:\/\/wescorepadel.com\/fr\/wp-json\/wp\/v2\/types\/page"}],"author":[{"embeddable":true,"href":"https:\/\/wescorepadel.com\/fr\/wp-json\/wp\/v2\/users\/1"}],"replies":[{"embeddable":true,"href":"https:\/\/wescorepadel.com\/fr\/wp-json\/wp\/v2\/comments?post=1556"}],"version-history":[{"count":2,"href":"https:\/\/wescorepadel.com\/fr\/wp-json\/wp\/v2\/pages\/1556\/revisions"}],"predecessor-version":[{"id":2040,"href":"https:\/\/wescorepadel.com\/fr\/wp-json\/wp\/v2\/pages\/1556\/revisions\/2040"}],"wp:attachment":[{"href":"https:\/\/wescorepadel.com\/fr\/wp-json\/wp\/v2\/media?parent=1556"}],"curies":[{"name":"wp","href":"https:\/\/api.w.org\/{rel}","templated":true}]}}