{"id":1550,"date":"2023-03-21T08:58:35","date_gmt":"2023-03-21T07:58:35","guid":{"rendered":"https:\/\/wescorepadel.com\/notre-histoire\/"},"modified":"2023-08-17T08:19:16","modified_gmt":"2023-08-17T06:19:16","slug":"notre-histoire","status":"publish","type":"page","link":"https:\/\/wescorepadel.com\/fr\/notre-histoire\/","title":{"rendered":"NOTRE HISTOIRE"},"content":{"rendered":"\t\t<div data-elementor-type=\"wp-page\" data-elementor-id=\"1550\" class=\"elementor elementor-1550 elementor-425\" data-elementor-settings=\"{&quot;ha_cmc_init_switcher&quot;:&quot;no&quot;}\">\n\t\t\t\t<div class=\"elementor-element elementor-element-665e917 e-flex e-con-boxed e-con e-parent\" data-id=\"665e917\" data-element_type=\"container\" data-e-type=\"container\" data-settings=\"{&quot;_ha_eqh_enable&quot;:false}\">\n\t\t\t\t\t<div class=\"e-con-inner\">\n\t\t<div class=\"elementor-element elementor-element-b6e413a e-con-full e-flex e-con e-parent\" data-id=\"b6e413a\" data-element_type=\"container\" data-e-type=\"container\" data-settings=\"{&quot;_ha_eqh_enable&quot;:false}\">\n\t\t\t\t<div class=\"elementor-element elementor-element-c22c110 elementor-widget elementor-widget-heading\" data-id=\"c22c110\" data-element_type=\"widget\" data-e-type=\"widget\" data-widget_type=\"heading.default\">\n\t\t\t\t<div class=\"elementor-widget-container\">\n\t\t\t\t\t<h2 class=\"elementor-heading-title elementor-size-default\">NOTRE HISTOIRE<\/h2>\t\t\t\t<\/div>\n\t\t\t\t<\/div>\n\t\t\t\t<div class=\"elementor-element elementor-element-f1bf8e2 elementor-widget elementor-widget-text-editor\" data-id=\"f1bf8e2\" data-element_type=\"widget\" data-e-type=\"widget\" data-widget_type=\"text-editor.default\">\n\t\t\t\t<div class=\"elementor-widget-container\">\n\t\t\t\t\t\t\t\t\t<p><strong>WeScore a \u00e9t\u00e9 con\u00e7u et d\u00e9velopp\u00e9 en Belgique. Le produit est n\u00e9 d&rsquo;une collaboration entre TVR Engineering et Herwebo BV.<\/strong><\/p>\n<p>&nbsp;<\/p>\n<p><strong>TVR Engineering est le cerveau du produit. Tim de TVR Engineering est responsable de la conception et de la production des tableaux d&rsquo;affichage tels qu&rsquo;ils sont sur le march\u00e9 aujourd&rsquo;hui.\u00a0<\/strong><\/p>\n<p>&nbsp;<\/p>\n<p><strong>Herwebo BV est une entreprise de construction de Zele qui construit intensivement le secteur du padel en Belgique depuis 2011. Ceci sous le nom de RedSport Padel Belgium. L&rsquo;entreprise a \u00e9t\u00e9 cr\u00e9\u00e9e \u00e0 l&rsquo;origine pour concevoir, construire et entretenir vos terrains de padel. Mais entre-temps, RedSport Padel Belgium \u00e9labore vos projets de padel de A \u00e0 Z. Des accessoires tels qu&rsquo;un tableau d&rsquo;affichage num\u00e9rique ne peuvent manquer \u00e0 l&rsquo;appel !<\/strong><\/p>\n<p>&nbsp;<\/p>\n<p>&nbsp;<\/p>\n<p>&nbsp;<\/p>\n<p><strong>Vous voulez en savoir plus sur le tableau d&rsquo;affichage ?<\/strong><\/p>\n\t\t\t\t\t\t\t\t<\/div>\n\t\t\t\t<\/div>\n\t\t\t\t<div class=\"elementor-element elementor-element-344d9f7 elementor-widget elementor-widget-button\" data-id=\"344d9f7\" data-element_type=\"widget\" data-e-type=\"widget\" data-widget_type=\"button.default\">\n\t\t\t\t<div class=\"elementor-widget-container\">\n\t\t\t\t\t\t\t\t\t<div class=\"elementor-button-wrapper\">\n\t\t\t\t\t<a class=\"elementor-button elementor-button-link elementor-size-sm\" href=\"https:\/\/wescorepadel.com\/contacteer-ons\/\">\n\t\t\t\t\t\t<span class=\"elementor-button-content-wrapper\">\n\t\t\t\t\t\t\t\t\t<span class=\"elementor-button-text\">CONTACTEZ-NOUS<\/span>\n\t\t\t\t\t<\/span>\n\t\t\t\t\t<\/a>\n\t\t\t\t<\/div>\n\t\t\t\t\t\t\t\t<\/div>\n\t\t\t\t<\/div>\n\t\t\t\t<\/div>\n\t\t<div class=\"elementor-element elementor-element-ca91d43 e-con-full e-flex e-con e-parent\" data-id=\"ca91d43\" data-element_type=\"container\" data-e-type=\"container\" data-settings=\"{&quot;_ha_eqh_enable&quot;:false}\">\n\t\t\t\t<div class=\"elementor-element elementor-element-2fbc1c5 elementor-widget elementor-widget-image\" data-id=\"2fbc1c5\" data-element_type=\"widget\" data-e-type=\"widget\" data-widget_type=\"image.default\">\n\t\t\t\t<div class=\"elementor-widget-container\">\n\t\t\t\t\t\t\t\t\t\t\t\t\t\t\t<img fetchpriority=\"high\" decoding=\"async\" width=\"763\" height=\"536\" src=\"https:\/\/wescorepadel.com\/wp-content\/uploads\/2023\/03\/Schermafbeelding-2023-03-21-om-09.14.26.png\" class=\"attachment-large size-large wp-image-1354\" alt=\"\" srcset=\"https:\/\/wescorepadel.com\/wp-content\/uploads\/2023\/03\/Schermafbeelding-2023-03-21-om-09.14.26.png 763w, https:\/\/wescorepadel.com\/wp-content\/uploads\/2023\/03\/Schermafbeelding-2023-03-21-om-09.14.26-600x421.png 600w, https:\/\/wescorepadel.com\/wp-content\/uploads\/2023\/03\/Schermafbeelding-2023-03-21-om-09.14.26-300x211.png 300w\" sizes=\"(max-width: 763px) 100vw, 763px\" \/>\t\t\t\t\t\t\t\t\t\t\t\t\t\t\t<\/div>\n\t\t\t\t<\/div>\n\t\t\t\t<\/div>\n\t\t\t\t\t<\/div>\n\t\t\t\t<\/div>\n\t\t\t\t<\/div>\n\t\t","protected":false},"excerpt":{"rendered":"<p>NOTRE HISTOIRE WeScore a \u00e9t\u00e9 con\u00e7u et d\u00e9velopp\u00e9 en Belgique. Le produit est n\u00e9 d&rsquo;une collaboration entre TVR Engineering et Herwebo BV. &nbsp; TVR Engineering est le cerveau du produit. Tim de TVR Engineering est responsable de la conception et de la production des tableaux d&rsquo;affichage tels qu&rsquo;ils sont sur le march\u00e9 aujourd&rsquo;hui.\u00a0 &nbsp; Herwebo [&hellip;]<\/p>\n","protected":false},"author":1,"featured_media":0,"parent":0,"menu_order":0,"comment_status":"closed","ping_status":"closed","template":"","meta":{"_eb_attr":"","footnotes":""},"class_list":["post-1550","page","type-page","status-publish","hentry"],"yoast_head":"<!-- This site is optimized with the Yoast SEO plugin v27.5 - https:\/\/yoast.com\/product\/yoast-seo-wordpress\/ -->\n<title>NOTRE HISTOIRE - Wescore Padel<\/title>\n<meta name=\"description\" content=\"WeScore a \u00e9t\u00e9 con\u00e7u et d\u00e9velopp\u00e9 en Belgique. Le produit est n\u00e9 d&#039;une collaboration entre TVR Engineering et Herwebo BV.\" \/>\n<meta name=\"robots\" content=\"index, follow, max-snippet:-1, max-image-preview:large, max-video-preview:-1\" \/>\n<link rel=\"canonical\" href=\"https:\/\/wescorepadel.com\/fr\/notre-histoire\/\" \/>\n<meta property=\"og:locale\" content=\"fr_FR\" \/>\n<meta property=\"og:type\" content=\"article\" \/>\n<meta property=\"og:title\" content=\"NOTRE HISTOIRE - Wescore Padel\" \/>\n<meta property=\"og:description\" content=\"WeScore a \u00e9t\u00e9 con\u00e7u et d\u00e9velopp\u00e9 en Belgique. Le produit est n\u00e9 d&#039;une collaboration entre TVR Engineering et Herwebo BV.\" \/>\n<meta property=\"og:url\" content=\"https:\/\/wescorepadel.com\/fr\/notre-histoire\/\" \/>\n<meta property=\"og:site_name\" content=\"Wescore Padel\" \/>\n<meta property=\"article:modified_time\" content=\"2023-08-17T06:19:16+00:00\" \/>\n<meta property=\"og:image\" content=\"https:\/\/wescorepadel.com\/wp-content\/uploads\/2023\/03\/Schermafbeelding-2023-03-21-om-09.14.26.png\" \/>\n<meta name=\"twitter:card\" content=\"summary_large_image\" \/>\n<meta name=\"twitter:label1\" content=\"Dur\u00e9e de lecture estim\u00e9e\" \/>\n\t<meta name=\"twitter:data1\" content=\"1 minute\" \/>\n<script type=\"application\/ld+json\" class=\"yoast-schema-graph\">{\"@context\":\"https:\\\/\\\/schema.org\",\"@graph\":[{\"@type\":\"WebPage\",\"@id\":\"https:\\\/\\\/wescorepadel.com\\\/fr\\\/notre-histoire\\\/\",\"url\":\"https:\\\/\\\/wescorepadel.com\\\/fr\\\/notre-histoire\\\/\",\"name\":\"NOTRE HISTOIRE - Wescore Padel\",\"isPartOf\":{\"@id\":\"https:\\\/\\\/wescorepadel.com\\\/fr\\\/#website\"},\"primaryImageOfPage\":{\"@id\":\"https:\\\/\\\/wescorepadel.com\\\/fr\\\/notre-histoire\\\/#primaryimage\"},\"image\":{\"@id\":\"https:\\\/\\\/wescorepadel.com\\\/fr\\\/notre-histoire\\\/#primaryimage\"},\"thumbnailUrl\":\"https:\\\/\\\/wescorepadel.com\\\/wp-content\\\/uploads\\\/2023\\\/03\\\/Schermafbeelding-2023-03-21-om-09.14.26.png\",\"datePublished\":\"2023-03-21T07:58:35+00:00\",\"dateModified\":\"2023-08-17T06:19:16+00:00\",\"description\":\"WeScore a \u00e9t\u00e9 con\u00e7u et d\u00e9velopp\u00e9 en Belgique. Le produit est n\u00e9 d'une collaboration entre TVR Engineering et Herwebo BV.\",\"breadcrumb\":{\"@id\":\"https:\\\/\\\/wescorepadel.com\\\/fr\\\/notre-histoire\\\/#breadcrumb\"},\"inLanguage\":\"fr-FR\",\"potentialAction\":[{\"@type\":\"ReadAction\",\"target\":[\"https:\\\/\\\/wescorepadel.com\\\/fr\\\/notre-histoire\\\/\"]}]},{\"@type\":\"ImageObject\",\"inLanguage\":\"fr-FR\",\"@id\":\"https:\\\/\\\/wescorepadel.com\\\/fr\\\/notre-histoire\\\/#primaryimage\",\"url\":\"https:\\\/\\\/wescorepadel.com\\\/wp-content\\\/uploads\\\/2023\\\/03\\\/Schermafbeelding-2023-03-21-om-09.14.26.png\",\"contentUrl\":\"https:\\\/\\\/wescorepadel.com\\\/wp-content\\\/uploads\\\/2023\\\/03\\\/Schermafbeelding-2023-03-21-om-09.14.26.png\"},{\"@type\":\"BreadcrumbList\",\"@id\":\"https:\\\/\\\/wescorepadel.com\\\/fr\\\/notre-histoire\\\/#breadcrumb\",\"itemListElement\":[{\"@type\":\"ListItem\",\"position\":1,\"name\":\"Home\",\"item\":\"https:\\\/\\\/wescorepadel.com\\\/fr\\\/\"},{\"@type\":\"ListItem\",\"position\":2,\"name\":\"NOTRE HISTOIRE\"}]},{\"@type\":\"WebSite\",\"@id\":\"https:\\\/\\\/wescorepadel.com\\\/fr\\\/#website\",\"url\":\"https:\\\/\\\/wescorepadel.com\\\/fr\\\/\",\"name\":\"Wescore Padel\",\"description\":\"\",\"publisher\":{\"@id\":\"https:\\\/\\\/wescorepadel.com\\\/fr\\\/#organization\"},\"potentialAction\":[{\"@type\":\"SearchAction\",\"target\":{\"@type\":\"EntryPoint\",\"urlTemplate\":\"https:\\\/\\\/wescorepadel.com\\\/fr\\\/?s={search_term_string}\"},\"query-input\":{\"@type\":\"PropertyValueSpecification\",\"valueRequired\":true,\"valueName\":\"search_term_string\"}}],\"inLanguage\":\"fr-FR\"},{\"@type\":\"Organization\",\"@id\":\"https:\\\/\\\/wescorepadel.com\\\/fr\\\/#organization\",\"name\":\"Wescore Padel\",\"url\":\"https:\\\/\\\/wescorepadel.com\\\/fr\\\/\",\"logo\":{\"@type\":\"ImageObject\",\"inLanguage\":\"fr-FR\",\"@id\":\"https:\\\/\\\/wescorepadel.com\\\/fr\\\/#\\\/schema\\\/logo\\\/image\\\/\",\"url\":\"https:\\\/\\\/wescorepadel.com\\\/wp-content\\\/uploads\\\/2023\\\/03\\\/logo-wit.svg\",\"contentUrl\":\"https:\\\/\\\/wescorepadel.com\\\/wp-content\\\/uploads\\\/2023\\\/03\\\/logo-wit.svg\",\"caption\":\"Wescore Padel\"},\"image\":{\"@id\":\"https:\\\/\\\/wescorepadel.com\\\/fr\\\/#\\\/schema\\\/logo\\\/image\\\/\"}}]}<\/script>\n<!-- \/ Yoast SEO plugin. -->","yoast_head_json":{"title":"NOTRE HISTOIRE - Wescore Padel","description":"WeScore a \u00e9t\u00e9 con\u00e7u et d\u00e9velopp\u00e9 en Belgique. Le produit est n\u00e9 d'une collaboration entre TVR Engineering et Herwebo BV.","robots":{"index":"index","follow":"follow","max-snippet":"max-snippet:-1","max-image-preview":"max-image-preview:large","max-video-preview":"max-video-preview:-1"},"canonical":"https:\/\/wescorepadel.com\/fr\/notre-histoire\/","og_locale":"fr_FR","og_type":"article","og_title":"NOTRE HISTOIRE - Wescore Padel","og_description":"WeScore a \u00e9t\u00e9 con\u00e7u et d\u00e9velopp\u00e9 en Belgique. Le produit est n\u00e9 d'une collaboration entre TVR Engineering et Herwebo BV.","og_url":"https:\/\/wescorepadel.com\/fr\/notre-histoire\/","og_site_name":"Wescore Padel","article_modified_time":"2023-08-17T06:19:16+00:00","og_image":[{"url":"https:\/\/wescorepadel.com\/wp-content\/uploads\/2023\/03\/Schermafbeelding-2023-03-21-om-09.14.26.png","type":"","width":"","height":""}],"twitter_card":"summary_large_image","twitter_misc":{"Dur\u00e9e de lecture estim\u00e9e":"1 minute"},"schema":{"@context":"https:\/\/schema.org","@graph":[{"@type":"WebPage","@id":"https:\/\/wescorepadel.com\/fr\/notre-histoire\/","url":"https:\/\/wescorepadel.com\/fr\/notre-histoire\/","name":"NOTRE HISTOIRE - Wescore Padel","isPartOf":{"@id":"https:\/\/wescorepadel.com\/fr\/#website"},"primaryImageOfPage":{"@id":"https:\/\/wescorepadel.com\/fr\/notre-histoire\/#primaryimage"},"image":{"@id":"https:\/\/wescorepadel.com\/fr\/notre-histoire\/#primaryimage"},"thumbnailUrl":"https:\/\/wescorepadel.com\/wp-content\/uploads\/2023\/03\/Schermafbeelding-2023-03-21-om-09.14.26.png","datePublished":"2023-03-21T07:58:35+00:00","dateModified":"2023-08-17T06:19:16+00:00","description":"WeScore a \u00e9t\u00e9 con\u00e7u et d\u00e9velopp\u00e9 en Belgique. Le produit est n\u00e9 d'une collaboration entre TVR Engineering et Herwebo BV.","breadcrumb":{"@id":"https:\/\/wescorepadel.com\/fr\/notre-histoire\/#breadcrumb"},"inLanguage":"fr-FR","potentialAction":[{"@type":"ReadAction","target":["https:\/\/wescorepadel.com\/fr\/notre-histoire\/"]}]},{"@type":"ImageObject","inLanguage":"fr-FR","@id":"https:\/\/wescorepadel.com\/fr\/notre-histoire\/#primaryimage","url":"https:\/\/wescorepadel.com\/wp-content\/uploads\/2023\/03\/Schermafbeelding-2023-03-21-om-09.14.26.png","contentUrl":"https:\/\/wescorepadel.com\/wp-content\/uploads\/2023\/03\/Schermafbeelding-2023-03-21-om-09.14.26.png"},{"@type":"BreadcrumbList","@id":"https:\/\/wescorepadel.com\/fr\/notre-histoire\/#breadcrumb","itemListElement":[{"@type":"ListItem","position":1,"name":"Home","item":"https:\/\/wescorepadel.com\/fr\/"},{"@type":"ListItem","position":2,"name":"NOTRE HISTOIRE"}]},{"@type":"WebSite","@id":"https:\/\/wescorepadel.com\/fr\/#website","url":"https:\/\/wescorepadel.com\/fr\/","name":"Wescore Padel","description":"","publisher":{"@id":"https:\/\/wescorepadel.com\/fr\/#organization"},"potentialAction":[{"@type":"SearchAction","target":{"@type":"EntryPoint","urlTemplate":"https:\/\/wescorepadel.com\/fr\/?s={search_term_string}"},"query-input":{"@type":"PropertyValueSpecification","valueRequired":true,"valueName":"search_term_string"}}],"inLanguage":"fr-FR"},{"@type":"Organization","@id":"https:\/\/wescorepadel.com\/fr\/#organization","name":"Wescore Padel","url":"https:\/\/wescorepadel.com\/fr\/","logo":{"@type":"ImageObject","inLanguage":"fr-FR","@id":"https:\/\/wescorepadel.com\/fr\/#\/schema\/logo\/image\/","url":"https:\/\/wescorepadel.com\/wp-content\/uploads\/2023\/03\/logo-wit.svg","contentUrl":"https:\/\/wescorepadel.com\/wp-content\/uploads\/2023\/03\/logo-wit.svg","caption":"Wescore Padel"},"image":{"@id":"https:\/\/wescorepadel.com\/fr\/#\/schema\/logo\/image\/"}}]}},"_links":{"self":[{"href":"https:\/\/wescorepadel.com\/fr\/wp-json\/wp\/v2\/pages\/1550","targetHints":{"allow":["GET"]}}],"collection":[{"href":"https:\/\/wescorepadel.com\/fr\/wp-json\/wp\/v2\/pages"}],"about":[{"href":"https:\/\/wescorepadel.com\/fr\/wp-json\/wp\/v2\/types\/page"}],"author":[{"embeddable":true,"href":"https:\/\/wescorepadel.com\/fr\/wp-json\/wp\/v2\/users\/1"}],"replies":[{"embeddable":true,"href":"https:\/\/wescorepadel.com\/fr\/wp-json\/wp\/v2\/comments?post=1550"}],"version-history":[{"count":1,"href":"https:\/\/wescorepadel.com\/fr\/wp-json\/wp\/v2\/pages\/1550\/revisions"}],"predecessor-version":[{"id":1551,"href":"https:\/\/wescorepadel.com\/fr\/wp-json\/wp\/v2\/pages\/1550\/revisions\/1551"}],"wp:attachment":[{"href":"https:\/\/wescorepadel.com\/fr\/wp-json\/wp\/v2\/media?parent=1550"}],"curies":[{"name":"wp","href":"https:\/\/api.w.org\/{rel}","templated":true}]}}