{"id":1532,"date":"2023-03-22T10:48:17","date_gmt":"2023-03-22T09:48:17","guid":{"rendered":"https:\/\/wescorepadel.com\/en-detail\/"},"modified":"2023-08-17T08:14:29","modified_gmt":"2023-08-17T06:14:29","slug":"en-detail","status":"publish","type":"page","link":"https:\/\/wescorepadel.com\/fr\/en-detail\/","title":{"rendered":"EN D\u00c9TAIL"},"content":{"rendered":"\t\t<div data-elementor-type=\"wp-page\" data-elementor-id=\"1532\" class=\"elementor elementor-1532 elementor-791\" data-elementor-settings=\"{&quot;ha_cmc_init_switcher&quot;:&quot;no&quot;}\">\n\t\t\t\t<div class=\"elementor-element elementor-element-7246ad1 e-flex e-con-boxed e-con e-parent\" data-id=\"7246ad1\" data-element_type=\"container\" data-e-type=\"container\" data-settings=\"{&quot;_ha_eqh_enable&quot;:false}\">\n\t\t\t\t\t<div class=\"e-con-inner\">\n\t\t\t\t<div class=\"elementor-element elementor-element-d204e99 elementor-widget elementor-widget-heading\" data-id=\"d204e99\" data-element_type=\"widget\" data-e-type=\"widget\" data-widget_type=\"heading.default\">\n\t\t\t\t<div class=\"elementor-widget-container\">\n\t\t\t\t\t<h2 class=\"elementor-heading-title elementor-size-default\">WeScore en d\u00e9tail<\/h2>\t\t\t\t<\/div>\n\t\t\t\t<\/div>\n\t\t\t\t<div class=\"elementor-element elementor-element-4204f4f elementor-widget elementor-widget-text-editor\" data-id=\"4204f4f\" data-element_type=\"widget\" data-e-type=\"widget\" data-widget_type=\"text-editor.default\">\n\t\t\t\t<div class=\"elementor-widget-container\">\n\t\t\t\t\t\t\t\t\t<p><strong>L&rsquo;utilisation de notre tableau de bord WeScore est un jeu d&rsquo;enfant, mais les diff\u00e9rents chiffres et ic\u00f4nes n\u00e9cessitent quelques explications. Voici une br\u00e8ve explication des diff\u00e9rents indicateurs du tableau de bord.<\/strong><\/p>\n\t\t\t\t\t\t\t\t<\/div>\n\t\t\t\t<\/div>\n\t\t\t\t\t<\/div>\n\t\t\t\t<\/div>\n\t\t<div class=\"elementor-element elementor-element-a70596d e-flex e-con-boxed e-con e-parent\" data-id=\"a70596d\" data-element_type=\"container\" data-e-type=\"container\" data-settings=\"{&quot;_ha_eqh_enable&quot;:false}\">\n\t\t\t\t\t<div class=\"e-con-inner\">\n\t\t<div class=\"elementor-element elementor-element-4014ff2 e-con-full e-flex e-con e-parent\" data-id=\"4014ff2\" data-element_type=\"container\" data-e-type=\"container\" data-settings=\"{&quot;_ha_eqh_enable&quot;:false}\">\n\t\t\t\t<\/div>\n\t\t<div class=\"elementor-element elementor-element-36caeda e-con-full e-flex e-con e-parent\" data-id=\"36caeda\" data-element_type=\"container\" data-e-type=\"container\" data-settings=\"{&quot;_ha_eqh_enable&quot;:false}\">\n\t\t\t\t<div class=\"elementor-element elementor-element-d1c3d95 elementor-widget__width-initial elementor-widget elementor-widget-image\" data-id=\"d1c3d95\" data-element_type=\"widget\" data-e-type=\"widget\" data-widget_type=\"image.default\">\n\t\t\t\t<div class=\"elementor-widget-container\">\n\t\t\t\t\t\t\t\t\t\t\t\t\t\t\t<img decoding=\"async\" src=\"https:\/\/wescorepadel.com\/wp-content\/uploads\/elementor\/thumbs\/Function-Overview-q46lh2ji4t83j4kgy1c3j5k60j0bvt3bn8uv7poju8.png\" title=\"WeScore scorebord in detail\" alt=\"WeScore scorebord in detail\" loading=\"lazy\" \/>\t\t\t\t\t\t\t\t\t\t\t\t\t\t\t<\/div>\n\t\t\t\t<\/div>\n\t\t\t\t<\/div>\n\t\t<div class=\"elementor-element elementor-element-535c784 e-con-full e-flex e-con e-parent\" data-id=\"535c784\" data-element_type=\"container\" data-e-type=\"container\" data-settings=\"{&quot;_ha_eqh_enable&quot;:false}\">\n\t\t\t\t<\/div>\n\t\t\t\t\t<\/div>\n\t\t\t\t<\/div>\n\t\t<div class=\"elementor-element elementor-element-145e357 e-flex e-con-boxed e-con e-parent\" data-id=\"145e357\" data-element_type=\"container\" data-e-type=\"container\" data-settings=\"{&quot;_ha_eqh_enable&quot;:false}\">\n\t\t\t\t\t<div class=\"e-con-inner\">\n\t\t\t\t<div class=\"elementor-element elementor-element-1af3aa6 elementor-widget elementor-widget-heading\" data-id=\"1af3aa6\" data-element_type=\"widget\" data-e-type=\"widget\" data-widget_type=\"heading.default\">\n\t\t\t\t<div class=\"elementor-widget-container\">\n\t\t\t\t\t<h2 class=\"elementor-heading-title elementor-size-default\">INDICATEUR DE SERVICE<\/h2>\t\t\t\t<\/div>\n\t\t\t\t<\/div>\n\t\t\t\t<div class=\"elementor-element elementor-element-b480d73 elementor-widget elementor-widget-text-editor\" data-id=\"b480d73\" data-element_type=\"widget\" data-e-type=\"widget\" data-widget_type=\"text-editor.default\">\n\t\t\t\t<div class=\"elementor-widget-container\">\n\t\t\t\t\t\t\t\t\t<p><strong>L&rsquo;indicateur de service indique quel duo est au service. Sur l&rsquo;\u00e9cran, il est repr\u00e9sent\u00e9 par un carr\u00e9 jaune.<\/strong><\/p>\n<ul>\n<li><strong>Carr\u00e9 jaune \u00e0 gauche = service bleu<\/strong><\/li>\n<li><strong>Carr\u00e9 jaune \u00e0 droite = service rouge<\/strong><\/li>\n<\/ul>\n\t\t\t\t\t\t\t\t<\/div>\n\t\t\t\t<\/div>\n\t\t\t\t<div class=\"elementor-element elementor-element-ca1833a elementor-widget elementor-widget-heading\" data-id=\"ca1833a\" data-element_type=\"widget\" data-e-type=\"widget\" data-widget_type=\"heading.default\">\n\t\t\t\t<div class=\"elementor-widget-container\">\n\t\t\t\t\t<h2 class=\"elementor-heading-title elementor-size-default\">INDICATEUR DE SET<\/h2>\t\t\t\t<\/div>\n\t\t\t\t<\/div>\n\t\t\t\t<div class=\"elementor-element elementor-element-b40ff4d elementor-widget elementor-widget-text-editor\" data-id=\"b40ff4d\" data-element_type=\"widget\" data-e-type=\"widget\" data-widget_type=\"text-editor.default\">\n\t\t\t\t<div class=\"elementor-widget-container\">\n\t\t\t\t\t\t\t\t\t<strong>Ce rectangle blanc situ\u00e9 en bas \u00e0 gauche ou \u00e0 droite de l&rsquo;\u00e9cran n&rsquo;appara\u00eet que lorsque le premier set est termin\u00e9. L&rsquo;indicateur de set indique le nombre de sets gagn\u00e9s par chaque paire.<\/strong>\r\n\r\n<strong>Chaque duo a-t-il gagn\u00e9 1 set ? Un rectangle blanc appara\u00eet alors en bas \u00e0 gauche et \u00e0 droite. Selon le r\u00e9glage du cadran (1-2-3-4), le jeu se poursuit par un 3e set ou un super tie-break.<\/strong>\t\t\t\t\t\t\t\t<\/div>\n\t\t\t\t<\/div>\n\t\t\t\t<div class=\"elementor-element elementor-element-830b484 elementor-widget elementor-widget-heading\" data-id=\"830b484\" data-element_type=\"widget\" data-e-type=\"widget\" data-widget_type=\"heading.default\">\n\t\t\t\t<div class=\"elementor-widget-container\">\n\t\t\t\t\t<h2 class=\"elementor-heading-title elementor-size-default\">INDICATEUR DE POINTS<\/h2>\t\t\t\t<\/div>\n\t\t\t\t<\/div>\n\t\t\t\t\t<\/div>\n\t\t\t\t<\/div>\n\t\t<div class=\"elementor-element elementor-element-b4c76e4 e-flex e-con-boxed e-con e-parent\" data-id=\"b4c76e4\" data-element_type=\"container\" data-e-type=\"container\" data-settings=\"{&quot;_ha_eqh_enable&quot;:false}\">\n\t\t\t\t\t<div class=\"e-con-inner\">\n\t\t<div class=\"elementor-element elementor-element-c58f80e e-con-full e-flex e-con e-parent\" data-id=\"c58f80e\" data-element_type=\"container\" data-e-type=\"container\" data-settings=\"{&quot;_ha_eqh_enable&quot;:false}\">\n\t\t\t\t<div class=\"elementor-element elementor-element-a6a933b elementor-widget__width-initial elementor-widget elementor-widget-text-editor\" data-id=\"a6a933b\" data-element_type=\"widget\" data-e-type=\"widget\" data-widget_type=\"text-editor.default\">\n\t\t\t\t<div class=\"elementor-widget-container\">\n\t\t\t\t\t\t\t\t\t<strong>En haut de l&rsquo;\u00e9cran, 4 chiffres sont affich\u00e9s en permanence (2 \u00e0 gauche &#8211; 2 \u00e0 droite). Ils indiquent la position dans la partie en cours.<\/strong>\r\n\r\n<strong>Par exemple : 15-30 ou 30-40 ou &#8230;<\/strong>\r\n\r\n&nbsp;\r\n\r\n<strong>Le tableau d&rsquo;affichage est r\u00e9gl\u00e9 sur la position 1 ou 4 et vous jouez \u00e0 40-40 \u00e0 l&rsquo;avantage ? ADV appara\u00eet alors \u00e0 l&rsquo;\u00e9cran.<\/strong>\r\n\r\n<strong>Le tableau d&rsquo;affichage est-il r\u00e9gl\u00e9 sur la position 2 ou 4 ? En cas d&rsquo;\u00e9galit\u00e9, un T appara\u00eet \u00e0 la fin avec un chiffre \u00e0 gauche et \u00e0 droite. En position 2, vous jouez un super tie-break \u00e0 10 points. En position 4, vous jouez un tie-break \u00e0 7 points.<\/strong>\t\t\t\t\t\t\t\t<\/div>\n\t\t\t\t<\/div>\n\t\t\t\t<\/div>\n\t\t<div class=\"elementor-element elementor-element-53b3744 e-con-full e-flex e-con e-parent\" data-id=\"53b3744\" data-element_type=\"container\" data-e-type=\"container\" data-settings=\"{&quot;_ha_eqh_enable&quot;:false}\">\n\t\t\t\t<div class=\"elementor-element elementor-element-be12353 elementor-widget__width-initial elementor-widget elementor-widget-image\" data-id=\"be12353\" data-element_type=\"widget\" data-e-type=\"widget\" data-widget_type=\"image.default\">\n\t\t\t\t<div class=\"elementor-widget-container\">\n\t\t\t\t\t\t\t\t\t\t\t\t\t\t\t<img fetchpriority=\"high\" decoding=\"async\" width=\"800\" height=\"603\" src=\"https:\/\/wescorepadel.com\/wp-content\/uploads\/2023\/03\/TB-1024x772.png\" class=\"attachment-large size-large wp-image-1363\" alt=\"\" srcset=\"https:\/\/wescorepadel.com\/wp-content\/uploads\/2023\/03\/TB-1024x772.png 1024w, https:\/\/wescorepadel.com\/wp-content\/uploads\/2023\/03\/TB-600x453.png 600w, https:\/\/wescorepadel.com\/wp-content\/uploads\/2023\/03\/TB-300x226.png 300w, https:\/\/wescorepadel.com\/wp-content\/uploads\/2023\/03\/TB-768x579.png 768w, https:\/\/wescorepadel.com\/wp-content\/uploads\/2023\/03\/TB-1536x1158.png 1536w, https:\/\/wescorepadel.com\/wp-content\/uploads\/2023\/03\/TB.png 1790w\" sizes=\"(max-width: 800px) 100vw, 800px\" \/>\t\t\t\t\t\t\t\t\t\t\t\t\t\t\t<\/div>\n\t\t\t\t<\/div>\n\t\t\t\t<div class=\"elementor-element elementor-element-e3446a5 elementor-widget elementor-widget-text-editor\" data-id=\"e3446a5\" data-element_type=\"widget\" data-e-type=\"widget\" data-widget_type=\"text-editor.default\">\n\t\t\t\t<div class=\"elementor-widget-container\">\n\t\t\t\t\t\t\t\t\t<p><em>Indication tie-break et super tie-break.<\/em><\/p>\n\t\t\t\t\t\t\t\t<\/div>\n\t\t\t\t<\/div>\n\t\t\t\t<\/div>\n\t\t\t\t\t<\/div>\n\t\t\t\t<\/div>\n\t\t<div class=\"elementor-element elementor-element-3a9142d e-flex e-con-boxed e-con e-parent\" data-id=\"3a9142d\" data-element_type=\"container\" data-e-type=\"container\" data-settings=\"{&quot;_ha_eqh_enable&quot;:false}\">\n\t\t\t\t\t<div class=\"e-con-inner\">\n\t\t\t\t<div class=\"elementor-element elementor-element-d819aa4 elementor-widget elementor-widget-heading\" data-id=\"d819aa4\" data-element_type=\"widget\" data-e-type=\"widget\" data-widget_type=\"heading.default\">\n\t\t\t\t<div class=\"elementor-widget-container\">\n\t\t\t\t\t<h2 class=\"elementor-heading-title elementor-size-default\">INDICATEUR DE JEU<\/h2>\t\t\t\t<\/div>\n\t\t\t\t<\/div>\n\t\t\t\t<div class=\"elementor-element elementor-element-4be6e72 elementor-widget elementor-widget-text-editor\" data-id=\"4be6e72\" data-element_type=\"widget\" data-e-type=\"widget\" data-widget_type=\"text-editor.default\">\n\t\t\t\t<div class=\"elementor-widget-container\">\n\t\t\t\t\t\t\t\t\t<p><strong>Les 2 chiffres en bas de l&rsquo;\u00e9cran LED indiquent la position actuelle dans les jeux.<\/strong><\/p>\n\t\t\t\t\t\t\t\t<\/div>\n\t\t\t\t<\/div>\n\t\t\t\t\t<\/div>\n\t\t\t\t<\/div>\n\t\t\t\t<\/div>\n\t\t","protected":false},"excerpt":{"rendered":"<p>WeScore en d\u00e9tail L&rsquo;utilisation de notre tableau de bord WeScore est un jeu d&rsquo;enfant, mais les diff\u00e9rents chiffres et ic\u00f4nes n\u00e9cessitent quelques explications. Voici une br\u00e8ve explication des diff\u00e9rents indicateurs du tableau de bord. INDICATEUR DE SERVICE L&rsquo;indicateur de service indique quel duo est au service. Sur l&rsquo;\u00e9cran, il est repr\u00e9sent\u00e9 par un carr\u00e9 jaune. [&hellip;]<\/p>\n","protected":false},"author":1,"featured_media":1390,"parent":0,"menu_order":0,"comment_status":"closed","ping_status":"closed","template":"","meta":{"_eb_attr":"","footnotes":""},"class_list":["post-1532","page","type-page","status-publish","has-post-thumbnail","hentry"],"yoast_head":"<!-- This site is optimized with the Yoast SEO plugin v27.5 - https:\/\/yoast.com\/product\/yoast-seo-wordpress\/ -->\n<title>Tableau de affichage en d\u00e9taill - Wescore Padel<\/title>\n<meta name=\"description\" content=\"L&#039;utilisation de notre tableau de bord WeScore est un jeu d&#039;enfant, mais les diff\u00e9rents chiffres et ic\u00f4nes n\u00e9cessitent quelques explications. Voici une br\u00e8ve explication des...\" \/>\n<meta name=\"robots\" content=\"index, follow, max-snippet:-1, max-image-preview:large, max-video-preview:-1\" \/>\n<link rel=\"canonical\" href=\"https:\/\/wescorepadel.com\/fr\/en-detail\/\" \/>\n<meta property=\"og:locale\" content=\"fr_FR\" \/>\n<meta property=\"og:type\" content=\"article\" \/>\n<meta property=\"og:title\" content=\"Tableau de affichage en d\u00e9taill - Wescore Padel\" \/>\n<meta property=\"og:description\" content=\"L&#039;utilisation de notre tableau de bord WeScore est un jeu d&#039;enfant, mais les diff\u00e9rents chiffres et ic\u00f4nes n\u00e9cessitent quelques explications. Voici une br\u00e8ve explication des...\" \/>\n<meta property=\"og:url\" content=\"https:\/\/wescorepadel.com\/fr\/en-detail\/\" \/>\n<meta property=\"og:site_name\" content=\"Wescore Padel\" \/>\n<meta property=\"article:modified_time\" content=\"2023-08-17T06:14:29+00:00\" \/>\n<meta property=\"og:image\" content=\"https:\/\/wescorepadel.com\/wp-content\/uploads\/2023\/03\/2023-03-06-JPG-108-Padel-WeScore-scaled.jpg\" \/>\n\t<meta property=\"og:image:width\" content=\"2560\" \/>\n\t<meta property=\"og:image:height\" content=\"1707\" \/>\n\t<meta property=\"og:image:type\" content=\"image\/jpeg\" \/>\n<meta name=\"twitter:card\" content=\"summary_large_image\" \/>\n<meta name=\"twitter:label1\" content=\"Dur\u00e9e de lecture estim\u00e9e\" \/>\n\t<meta name=\"twitter:data1\" content=\"1 minute\" \/>\n<script type=\"application\/ld+json\" class=\"yoast-schema-graph\">{\"@context\":\"https:\\\/\\\/schema.org\",\"@graph\":[{\"@type\":\"WebPage\",\"@id\":\"https:\\\/\\\/wescorepadel.com\\\/fr\\\/en-detail\\\/\",\"url\":\"https:\\\/\\\/wescorepadel.com\\\/fr\\\/en-detail\\\/\",\"name\":\"Tableau de affichage en d\u00e9taill - Wescore Padel\",\"isPartOf\":{\"@id\":\"https:\\\/\\\/wescorepadel.com\\\/fr\\\/#website\"},\"primaryImageOfPage\":{\"@id\":\"https:\\\/\\\/wescorepadel.com\\\/fr\\\/en-detail\\\/#primaryimage\"},\"image\":{\"@id\":\"https:\\\/\\\/wescorepadel.com\\\/fr\\\/en-detail\\\/#primaryimage\"},\"thumbnailUrl\":\"https:\\\/\\\/wescorepadel.com\\\/wp-content\\\/uploads\\\/2023\\\/03\\\/2023-03-06-JPG-108-Padel-WeScore-scaled.jpg\",\"datePublished\":\"2023-03-22T09:48:17+00:00\",\"dateModified\":\"2023-08-17T06:14:29+00:00\",\"description\":\"L'utilisation de notre tableau de bord WeScore est un jeu d'enfant, mais les diff\u00e9rents chiffres et ic\u00f4nes n\u00e9cessitent quelques explications. Voici une br\u00e8ve explication des...\",\"breadcrumb\":{\"@id\":\"https:\\\/\\\/wescorepadel.com\\\/fr\\\/en-detail\\\/#breadcrumb\"},\"inLanguage\":\"fr-FR\",\"potentialAction\":[{\"@type\":\"ReadAction\",\"target\":[\"https:\\\/\\\/wescorepadel.com\\\/fr\\\/en-detail\\\/\"]}]},{\"@type\":\"ImageObject\",\"inLanguage\":\"fr-FR\",\"@id\":\"https:\\\/\\\/wescorepadel.com\\\/fr\\\/en-detail\\\/#primaryimage\",\"url\":\"https:\\\/\\\/wescorepadel.com\\\/wp-content\\\/uploads\\\/2023\\\/03\\\/2023-03-06-JPG-108-Padel-WeScore-scaled.jpg\",\"contentUrl\":\"https:\\\/\\\/wescorepadel.com\\\/wp-content\\\/uploads\\\/2023\\\/03\\\/2023-03-06-JPG-108-Padel-WeScore-scaled.jpg\",\"width\":2560,\"height\":1707},{\"@type\":\"BreadcrumbList\",\"@id\":\"https:\\\/\\\/wescorepadel.com\\\/fr\\\/en-detail\\\/#breadcrumb\",\"itemListElement\":[{\"@type\":\"ListItem\",\"position\":1,\"name\":\"Home\",\"item\":\"https:\\\/\\\/wescorepadel.com\\\/fr\\\/\"},{\"@type\":\"ListItem\",\"position\":2,\"name\":\"EN D\u00c9TAIL\"}]},{\"@type\":\"WebSite\",\"@id\":\"https:\\\/\\\/wescorepadel.com\\\/fr\\\/#website\",\"url\":\"https:\\\/\\\/wescorepadel.com\\\/fr\\\/\",\"name\":\"Wescore Padel\",\"description\":\"\",\"publisher\":{\"@id\":\"https:\\\/\\\/wescorepadel.com\\\/fr\\\/#organization\"},\"potentialAction\":[{\"@type\":\"SearchAction\",\"target\":{\"@type\":\"EntryPoint\",\"urlTemplate\":\"https:\\\/\\\/wescorepadel.com\\\/fr\\\/?s={search_term_string}\"},\"query-input\":{\"@type\":\"PropertyValueSpecification\",\"valueRequired\":true,\"valueName\":\"search_term_string\"}}],\"inLanguage\":\"fr-FR\"},{\"@type\":\"Organization\",\"@id\":\"https:\\\/\\\/wescorepadel.com\\\/fr\\\/#organization\",\"name\":\"Wescore Padel\",\"url\":\"https:\\\/\\\/wescorepadel.com\\\/fr\\\/\",\"logo\":{\"@type\":\"ImageObject\",\"inLanguage\":\"fr-FR\",\"@id\":\"https:\\\/\\\/wescorepadel.com\\\/fr\\\/#\\\/schema\\\/logo\\\/image\\\/\",\"url\":\"https:\\\/\\\/wescorepadel.com\\\/wp-content\\\/uploads\\\/2023\\\/03\\\/logo-wit.svg\",\"contentUrl\":\"https:\\\/\\\/wescorepadel.com\\\/wp-content\\\/uploads\\\/2023\\\/03\\\/logo-wit.svg\",\"caption\":\"Wescore Padel\"},\"image\":{\"@id\":\"https:\\\/\\\/wescorepadel.com\\\/fr\\\/#\\\/schema\\\/logo\\\/image\\\/\"}}]}<\/script>\n<!-- \/ Yoast SEO plugin. -->","yoast_head_json":{"title":"Tableau de affichage en d\u00e9taill - Wescore Padel","description":"L'utilisation de notre tableau de bord WeScore est un jeu d'enfant, mais les diff\u00e9rents chiffres et ic\u00f4nes n\u00e9cessitent quelques explications. Voici une br\u00e8ve explication des...","robots":{"index":"index","follow":"follow","max-snippet":"max-snippet:-1","max-image-preview":"max-image-preview:large","max-video-preview":"max-video-preview:-1"},"canonical":"https:\/\/wescorepadel.com\/fr\/en-detail\/","og_locale":"fr_FR","og_type":"article","og_title":"Tableau de affichage en d\u00e9taill - Wescore Padel","og_description":"L'utilisation de notre tableau de bord WeScore est un jeu d'enfant, mais les diff\u00e9rents chiffres et ic\u00f4nes n\u00e9cessitent quelques explications. Voici une br\u00e8ve explication des...","og_url":"https:\/\/wescorepadel.com\/fr\/en-detail\/","og_site_name":"Wescore Padel","article_modified_time":"2023-08-17T06:14:29+00:00","og_image":[{"width":2560,"height":1707,"url":"https:\/\/wescorepadel.com\/wp-content\/uploads\/2023\/03\/2023-03-06-JPG-108-Padel-WeScore-scaled.jpg","type":"image\/jpeg"}],"twitter_card":"summary_large_image","twitter_misc":{"Dur\u00e9e de lecture estim\u00e9e":"1 minute"},"schema":{"@context":"https:\/\/schema.org","@graph":[{"@type":"WebPage","@id":"https:\/\/wescorepadel.com\/fr\/en-detail\/","url":"https:\/\/wescorepadel.com\/fr\/en-detail\/","name":"Tableau de affichage en d\u00e9taill - Wescore Padel","isPartOf":{"@id":"https:\/\/wescorepadel.com\/fr\/#website"},"primaryImageOfPage":{"@id":"https:\/\/wescorepadel.com\/fr\/en-detail\/#primaryimage"},"image":{"@id":"https:\/\/wescorepadel.com\/fr\/en-detail\/#primaryimage"},"thumbnailUrl":"https:\/\/wescorepadel.com\/wp-content\/uploads\/2023\/03\/2023-03-06-JPG-108-Padel-WeScore-scaled.jpg","datePublished":"2023-03-22T09:48:17+00:00","dateModified":"2023-08-17T06:14:29+00:00","description":"L'utilisation de notre tableau de bord WeScore est un jeu d'enfant, mais les diff\u00e9rents chiffres et ic\u00f4nes n\u00e9cessitent quelques explications. Voici une br\u00e8ve explication des...","breadcrumb":{"@id":"https:\/\/wescorepadel.com\/fr\/en-detail\/#breadcrumb"},"inLanguage":"fr-FR","potentialAction":[{"@type":"ReadAction","target":["https:\/\/wescorepadel.com\/fr\/en-detail\/"]}]},{"@type":"ImageObject","inLanguage":"fr-FR","@id":"https:\/\/wescorepadel.com\/fr\/en-detail\/#primaryimage","url":"https:\/\/wescorepadel.com\/wp-content\/uploads\/2023\/03\/2023-03-06-JPG-108-Padel-WeScore-scaled.jpg","contentUrl":"https:\/\/wescorepadel.com\/wp-content\/uploads\/2023\/03\/2023-03-06-JPG-108-Padel-WeScore-scaled.jpg","width":2560,"height":1707},{"@type":"BreadcrumbList","@id":"https:\/\/wescorepadel.com\/fr\/en-detail\/#breadcrumb","itemListElement":[{"@type":"ListItem","position":1,"name":"Home","item":"https:\/\/wescorepadel.com\/fr\/"},{"@type":"ListItem","position":2,"name":"EN D\u00c9TAIL"}]},{"@type":"WebSite","@id":"https:\/\/wescorepadel.com\/fr\/#website","url":"https:\/\/wescorepadel.com\/fr\/","name":"Wescore Padel","description":"","publisher":{"@id":"https:\/\/wescorepadel.com\/fr\/#organization"},"potentialAction":[{"@type":"SearchAction","target":{"@type":"EntryPoint","urlTemplate":"https:\/\/wescorepadel.com\/fr\/?s={search_term_string}"},"query-input":{"@type":"PropertyValueSpecification","valueRequired":true,"valueName":"search_term_string"}}],"inLanguage":"fr-FR"},{"@type":"Organization","@id":"https:\/\/wescorepadel.com\/fr\/#organization","name":"Wescore Padel","url":"https:\/\/wescorepadel.com\/fr\/","logo":{"@type":"ImageObject","inLanguage":"fr-FR","@id":"https:\/\/wescorepadel.com\/fr\/#\/schema\/logo\/image\/","url":"https:\/\/wescorepadel.com\/wp-content\/uploads\/2023\/03\/logo-wit.svg","contentUrl":"https:\/\/wescorepadel.com\/wp-content\/uploads\/2023\/03\/logo-wit.svg","caption":"Wescore Padel"},"image":{"@id":"https:\/\/wescorepadel.com\/fr\/#\/schema\/logo\/image\/"}}]}},"_links":{"self":[{"href":"https:\/\/wescorepadel.com\/fr\/wp-json\/wp\/v2\/pages\/1532","targetHints":{"allow":["GET"]}}],"collection":[{"href":"https:\/\/wescorepadel.com\/fr\/wp-json\/wp\/v2\/pages"}],"about":[{"href":"https:\/\/wescorepadel.com\/fr\/wp-json\/wp\/v2\/types\/page"}],"author":[{"embeddable":true,"href":"https:\/\/wescorepadel.com\/fr\/wp-json\/wp\/v2\/users\/1"}],"replies":[{"embeddable":true,"href":"https:\/\/wescorepadel.com\/fr\/wp-json\/wp\/v2\/comments?post=1532"}],"version-history":[{"count":1,"href":"https:\/\/wescorepadel.com\/fr\/wp-json\/wp\/v2\/pages\/1532\/revisions"}],"predecessor-version":[{"id":1533,"href":"https:\/\/wescorepadel.com\/fr\/wp-json\/wp\/v2\/pages\/1532\/revisions\/1533"}],"wp:featuredmedia":[{"embeddable":true,"href":"https:\/\/wescorepadel.com\/fr\/wp-json\/wp\/v2\/media\/1390"}],"wp:attachment":[{"href":"https:\/\/wescorepadel.com\/fr\/wp-json\/wp\/v2\/media?parent=1532"}],"curies":[{"name":"wp","href":"https:\/\/api.w.org\/{rel}","templated":true}]}}