{"id":1874,"date":"2023-04-13T11:19:51","date_gmt":"2023-04-13T09:19:51","guid":{"rendered":"https:\/\/wescorepadel.com\/product\/wescore-scorebord\/"},"modified":"2026-03-09T04:49:05","modified_gmt":"2026-03-09T03:49:05","slug":"wescore-scorebord","status":"publish","type":"product","link":"https:\/\/wescorepadel.com\/es\/producto\/wescore-scorebord\/","title":{"rendered":"WeScore scorebord"},"content":{"rendered":"<p>WeScore es un marcador digital dise\u00f1ado por y para jugadores de p\u00e1del. El marcador puede registrar partidos de hasta 2 o 3 sets, y t\u00e9rminos como Golden Pointen Advantage tambi\u00e9n son ajustables.<\/p>\n<p>Pesa s\u00f3lo 1,5 kg y mide 30x35cm. Se fija a una pared exterior de la pista de p\u00e1del con una ventosa y una palanca. Tan pronto como el tablero WeScore est\u00e1 encendido, eliges 1 de los 4 modos y tu partido de p\u00e1del puede comenzar.<\/p>\n<p>\u00bfHas hecho un punto? Simplemente mant\u00e9n tu raqueta frente al sensor de tu equipo y el marcador har\u00e1 el resto.<\/p>\n<p>El marcador tambi\u00e9n se utiliza intensamente durante los torneos. Deje que los jugadores registren sus propias puntuaciones utilizando los sensores O elija el m\u00f3dulo de \u00e1rbitro. Con un mando a distancia compacto e inal\u00e1mbrico, un \u00e1rbitro o espectador controla el marcador.<\/p>\n<p>Traducci\u00f3n realizada con la versi\u00f3n gratuita del traductor DeepL.com<\/p>\n","protected":false},"excerpt":{"rendered":"<p>Un caso completo de WeScore contiene los siguientes componentes:<\/p>\n<ul>\n<li>Marcador digital<\/li>\n<li>Cargador<\/li>\n<li>M\u00f3dulo de arbitraje (receptor + mando a distancia)<\/li>\n<li>Manual NL\/FR\/EN\/ES<\/li>\n<\/ul>\n","protected":false},"featured_media":1409,"comment_status":"open","ping_status":"closed","template":"","meta":{"_eb_attr":""},"product_brand":[],"product_cat":[],"product_tag":[],"class_list":{"0":"post-1874","1":"product","2":"type-product","3":"status-publish","4":"has-post-thumbnail","7":"first","8":"instock","9":"taxable","10":"shipping-taxable","11":"purchasable","12":"product-type-simple"},"yoast_head":"<!-- This site is optimized with the Yoast SEO plugin v27.4 - https:\/\/yoast.com\/product\/yoast-seo-wordpress\/ -->\n<title>WeScore scorebord - Wescore Padel<\/title>\n<meta name=\"robots\" content=\"index, follow, max-snippet:-1, max-image-preview:large, max-video-preview:-1\" \/>\n<link rel=\"canonical\" href=\"https:\/\/wescorepadel.com\/es\/producto\/wescore-scorebord\/\" \/>\n<meta property=\"og:locale\" content=\"es_ES\" \/>\n<meta property=\"og:type\" content=\"article\" \/>\n<meta property=\"og:title\" content=\"WeScore scorebord - Wescore Padel\" \/>\n<meta property=\"og:description\" content=\"Un caso completo de WeScore contiene los siguientes componentes:   Marcador digital  Cargador  M\u00f3dulo de arbitraje (receptor + mando a distancia)  Manual NL\/FR\/EN\/ES\" \/>\n<meta property=\"og:url\" content=\"https:\/\/wescorepadel.com\/es\/producto\/wescore-scorebord\/\" \/>\n<meta property=\"og:site_name\" content=\"Wescore Padel\" \/>\n<meta property=\"article:modified_time\" content=\"2026-03-09T03:49:05+00:00\" \/>\n<meta property=\"og:image\" content=\"https:\/\/wescorepadel.com\/wp-content\/uploads\/2023\/04\/WeScore_3-1024x683.png\" \/>\n\t<meta property=\"og:image:width\" content=\"1024\" \/>\n\t<meta property=\"og:image:height\" content=\"683\" \/>\n\t<meta property=\"og:image:type\" content=\"image\/png\" \/>\n<meta name=\"twitter:card\" content=\"summary_large_image\" \/>\n<meta name=\"twitter:label1\" content=\"Tiempo de lectura\" \/>\n\t<meta name=\"twitter:data1\" content=\"1 minuto\" \/>\n<script type=\"application\/ld+json\" class=\"yoast-schema-graph\">{\"@context\":\"https:\\\/\\\/schema.org\",\"@graph\":[{\"@type\":\"WebPage\",\"@id\":\"https:\\\/\\\/wescorepadel.com\\\/es\\\/producto\\\/wescore-scorebord\\\/\",\"url\":\"https:\\\/\\\/wescorepadel.com\\\/es\\\/producto\\\/wescore-scorebord\\\/\",\"name\":\"WeScore scorebord - Wescore Padel\",\"isPartOf\":{\"@id\":\"https:\\\/\\\/wescorepadel.com\\\/es\\\/#website\"},\"primaryImageOfPage\":{\"@id\":\"https:\\\/\\\/wescorepadel.com\\\/es\\\/producto\\\/wescore-scorebord\\\/#primaryimage\"},\"image\":{\"@id\":\"https:\\\/\\\/wescorepadel.com\\\/es\\\/producto\\\/wescore-scorebord\\\/#primaryimage\"},\"thumbnailUrl\":\"https:\\\/\\\/wescorepadel.com\\\/wp-content\\\/uploads\\\/2023\\\/04\\\/WeScore_3.png\",\"datePublished\":\"2023-04-13T09:19:51+00:00\",\"dateModified\":\"2026-03-09T03:49:05+00:00\",\"breadcrumb\":{\"@id\":\"https:\\\/\\\/wescorepadel.com\\\/es\\\/producto\\\/wescore-scorebord\\\/#breadcrumb\"},\"inLanguage\":\"es\",\"potentialAction\":[{\"@type\":\"ReadAction\",\"target\":[\"https:\\\/\\\/wescorepadel.com\\\/es\\\/producto\\\/wescore-scorebord\\\/\"]}]},{\"@type\":\"ImageObject\",\"inLanguage\":\"es\",\"@id\":\"https:\\\/\\\/wescorepadel.com\\\/es\\\/producto\\\/wescore-scorebord\\\/#primaryimage\",\"url\":\"https:\\\/\\\/wescorepadel.com\\\/wp-content\\\/uploads\\\/2023\\\/04\\\/WeScore_3.png\",\"contentUrl\":\"https:\\\/\\\/wescorepadel.com\\\/wp-content\\\/uploads\\\/2023\\\/04\\\/WeScore_3.png\",\"width\":6000,\"height\":4000,\"caption\":\"WeScore scorebord\"},{\"@type\":\"BreadcrumbList\",\"@id\":\"https:\\\/\\\/wescorepadel.com\\\/es\\\/producto\\\/wescore-scorebord\\\/#breadcrumb\",\"itemListElement\":[{\"@type\":\"ListItem\",\"position\":1,\"name\":\"Home\",\"item\":\"https:\\\/\\\/wescorepadel.com\\\/es\\\/\"},{\"@type\":\"ListItem\",\"position\":2,\"name\":\"Tienda\",\"item\":\"https:\\\/\\\/wescorepadel.com\\\/es\\\/tienda-2\\\/\"},{\"@type\":\"ListItem\",\"position\":3,\"name\":\"WeScore scorebord\"}]},{\"@type\":\"WebSite\",\"@id\":\"https:\\\/\\\/wescorepadel.com\\\/es\\\/#website\",\"url\":\"https:\\\/\\\/wescorepadel.com\\\/es\\\/\",\"name\":\"Wescore Padel\",\"description\":\"\",\"publisher\":{\"@id\":\"https:\\\/\\\/wescorepadel.com\\\/es\\\/#organization\"},\"potentialAction\":[{\"@type\":\"SearchAction\",\"target\":{\"@type\":\"EntryPoint\",\"urlTemplate\":\"https:\\\/\\\/wescorepadel.com\\\/es\\\/?s={search_term_string}\"},\"query-input\":{\"@type\":\"PropertyValueSpecification\",\"valueRequired\":true,\"valueName\":\"search_term_string\"}}],\"inLanguage\":\"es\"},{\"@type\":\"Organization\",\"@id\":\"https:\\\/\\\/wescorepadel.com\\\/es\\\/#organization\",\"name\":\"Wescore Padel\",\"url\":\"https:\\\/\\\/wescorepadel.com\\\/es\\\/\",\"logo\":{\"@type\":\"ImageObject\",\"inLanguage\":\"es\",\"@id\":\"https:\\\/\\\/wescorepadel.com\\\/es\\\/#\\\/schema\\\/logo\\\/image\\\/\",\"url\":\"https:\\\/\\\/wescorepadel.com\\\/wp-content\\\/uploads\\\/2023\\\/03\\\/logo-wit.svg\",\"contentUrl\":\"https:\\\/\\\/wescorepadel.com\\\/wp-content\\\/uploads\\\/2023\\\/03\\\/logo-wit.svg\",\"caption\":\"Wescore Padel\"},\"image\":{\"@id\":\"https:\\\/\\\/wescorepadel.com\\\/es\\\/#\\\/schema\\\/logo\\\/image\\\/\"}}]}<\/script>\n<!-- \/ Yoast SEO plugin. -->","yoast_head_json":{"title":"WeScore scorebord - Wescore Padel","robots":{"index":"index","follow":"follow","max-snippet":"max-snippet:-1","max-image-preview":"max-image-preview:large","max-video-preview":"max-video-preview:-1"},"canonical":"https:\/\/wescorepadel.com\/es\/producto\/wescore-scorebord\/","og_locale":"es_ES","og_type":"article","og_title":"WeScore scorebord - Wescore Padel","og_description":"Un caso completo de WeScore contiene los siguientes componentes:   Marcador digital  Cargador  M\u00f3dulo de arbitraje (receptor + mando a distancia)  Manual NL\/FR\/EN\/ES","og_url":"https:\/\/wescorepadel.com\/es\/producto\/wescore-scorebord\/","og_site_name":"Wescore Padel","article_modified_time":"2026-03-09T03:49:05+00:00","og_image":[{"width":1024,"height":683,"url":"https:\/\/wescorepadel.com\/wp-content\/uploads\/2023\/04\/WeScore_3-1024x683.png","type":"image\/png"}],"twitter_card":"summary_large_image","twitter_misc":{"Tiempo de lectura":"1 minuto"},"schema":{"@context":"https:\/\/schema.org","@graph":[{"@type":"WebPage","@id":"https:\/\/wescorepadel.com\/es\/producto\/wescore-scorebord\/","url":"https:\/\/wescorepadel.com\/es\/producto\/wescore-scorebord\/","name":"WeScore scorebord - Wescore Padel","isPartOf":{"@id":"https:\/\/wescorepadel.com\/es\/#website"},"primaryImageOfPage":{"@id":"https:\/\/wescorepadel.com\/es\/producto\/wescore-scorebord\/#primaryimage"},"image":{"@id":"https:\/\/wescorepadel.com\/es\/producto\/wescore-scorebord\/#primaryimage"},"thumbnailUrl":"https:\/\/wescorepadel.com\/wp-content\/uploads\/2023\/04\/WeScore_3.png","datePublished":"2023-04-13T09:19:51+00:00","dateModified":"2026-03-09T03:49:05+00:00","breadcrumb":{"@id":"https:\/\/wescorepadel.com\/es\/producto\/wescore-scorebord\/#breadcrumb"},"inLanguage":"es","potentialAction":[{"@type":"ReadAction","target":["https:\/\/wescorepadel.com\/es\/producto\/wescore-scorebord\/"]}]},{"@type":"ImageObject","inLanguage":"es","@id":"https:\/\/wescorepadel.com\/es\/producto\/wescore-scorebord\/#primaryimage","url":"https:\/\/wescorepadel.com\/wp-content\/uploads\/2023\/04\/WeScore_3.png","contentUrl":"https:\/\/wescorepadel.com\/wp-content\/uploads\/2023\/04\/WeScore_3.png","width":6000,"height":4000,"caption":"WeScore scorebord"},{"@type":"BreadcrumbList","@id":"https:\/\/wescorepadel.com\/es\/producto\/wescore-scorebord\/#breadcrumb","itemListElement":[{"@type":"ListItem","position":1,"name":"Home","item":"https:\/\/wescorepadel.com\/es\/"},{"@type":"ListItem","position":2,"name":"Tienda","item":"https:\/\/wescorepadel.com\/es\/tienda-2\/"},{"@type":"ListItem","position":3,"name":"WeScore scorebord"}]},{"@type":"WebSite","@id":"https:\/\/wescorepadel.com\/es\/#website","url":"https:\/\/wescorepadel.com\/es\/","name":"Wescore Padel","description":"","publisher":{"@id":"https:\/\/wescorepadel.com\/es\/#organization"},"potentialAction":[{"@type":"SearchAction","target":{"@type":"EntryPoint","urlTemplate":"https:\/\/wescorepadel.com\/es\/?s={search_term_string}"},"query-input":{"@type":"PropertyValueSpecification","valueRequired":true,"valueName":"search_term_string"}}],"inLanguage":"es"},{"@type":"Organization","@id":"https:\/\/wescorepadel.com\/es\/#organization","name":"Wescore Padel","url":"https:\/\/wescorepadel.com\/es\/","logo":{"@type":"ImageObject","inLanguage":"es","@id":"https:\/\/wescorepadel.com\/es\/#\/schema\/logo\/image\/","url":"https:\/\/wescorepadel.com\/wp-content\/uploads\/2023\/03\/logo-wit.svg","contentUrl":"https:\/\/wescorepadel.com\/wp-content\/uploads\/2023\/03\/logo-wit.svg","caption":"Wescore Padel"},"image":{"@id":"https:\/\/wescorepadel.com\/es\/#\/schema\/logo\/image\/"}}]}},"_links":{"self":[{"href":"https:\/\/wescorepadel.com\/es\/wp-json\/wp\/v2\/product\/1874","targetHints":{"allow":["GET"]}}],"collection":[{"href":"https:\/\/wescorepadel.com\/es\/wp-json\/wp\/v2\/product"}],"about":[{"href":"https:\/\/wescorepadel.com\/es\/wp-json\/wp\/v2\/types\/product"}],"replies":[{"embeddable":true,"href":"https:\/\/wescorepadel.com\/es\/wp-json\/wp\/v2\/comments?post=1874"}],"wp:featuredmedia":[{"embeddable":true,"href":"https:\/\/wescorepadel.com\/es\/wp-json\/wp\/v2\/media\/1409"}],"wp:attachment":[{"href":"https:\/\/wescorepadel.com\/es\/wp-json\/wp\/v2\/media?parent=1874"}],"wp:term":[{"taxonomy":"product_brand","embeddable":true,"href":"https:\/\/wescorepadel.com\/es\/wp-json\/wp\/v2\/product_brand?post=1874"},{"taxonomy":"product_cat","embeddable":true,"href":"https:\/\/wescorepadel.com\/es\/wp-json\/wp\/v2\/product_cat?post=1874"},{"taxonomy":"product_tag","embeddable":true,"href":"https:\/\/wescorepadel.com\/es\/wp-json\/wp\/v2\/product_tag?post=1874"}],"curies":[{"name":"wp","href":"https:\/\/api.w.org\/{rel}","templated":true}]}}