{"id":1576,"date":"2023-03-30T11:28:08","date_gmt":"2023-03-30T09:28:08","guid":{"rendered":"https:\/\/wescorepadel.com\/contacto\/"},"modified":"2023-08-17T08:24:02","modified_gmt":"2023-08-17T06:24:02","slug":"contacto","status":"publish","type":"page","link":"https:\/\/wescorepadel.com\/es\/contacto\/","title":{"rendered":"CONTACTO"},"content":{"rendered":"\t\t<div data-elementor-type=\"wp-page\" data-elementor-id=\"1576\" class=\"elementor elementor-1576 elementor-964\" data-elementor-settings=\"{&quot;ha_cmc_init_switcher&quot;:&quot;no&quot;}\">\n\t\t\t\t<div class=\"elementor-element elementor-element-b82cc35 e-flex e-con-boxed e-con e-parent\" data-id=\"b82cc35\" data-element_type=\"container\" data-e-type=\"container\" data-settings=\"{&quot;_ha_eqh_enable&quot;:false}\">\n\t\t\t\t\t<div class=\"e-con-inner\">\n\t\t\t\t<div class=\"elementor-element elementor-element-7d71c7d elementor-widget elementor-widget-heading\" data-id=\"7d71c7d\" data-element_type=\"widget\" data-e-type=\"widget\" data-widget_type=\"heading.default\">\n\t\t\t\t<div class=\"elementor-widget-container\">\n\t\t\t\t\t<h2 class=\"elementor-heading-title elementor-size-default\">CONTACTO<\/h2>\t\t\t\t<\/div>\n\t\t\t\t<\/div>\n\t\t\t\t<div class=\"elementor-element elementor-element-6e8325c elementor-widget elementor-widget-text-editor\" data-id=\"6e8325c\" data-element_type=\"widget\" data-e-type=\"widget\" data-widget_type=\"text-editor.default\">\n\t\t\t\t<div class=\"elementor-widget-container\">\n\t\t\t\t\t\t\t\t\t<p><strong>\u00bfTiene alguna pregunta sobre nuestro marcador o est\u00e1 interesado en trabajar con nosotros? \u00a1H\u00e1ganoslo saber!<\/strong><\/p>\n\t\t\t\t\t\t\t\t<\/div>\n\t\t\t\t<\/div>\n\t\t\t\t\t<\/div>\n\t\t\t\t<\/div>\n\t\t<div class=\"elementor-element elementor-element-99a3ca1 e-flex e-con-boxed e-con e-parent\" data-id=\"99a3ca1\" data-element_type=\"container\" data-e-type=\"container\" data-settings=\"{&quot;_ha_eqh_enable&quot;:false}\">\n\t\t\t\t\t<div class=\"e-con-inner\">\n\t\t<div class=\"elementor-element elementor-element-7b35650 e-con-full e-flex e-con e-parent\" data-id=\"7b35650\" data-element_type=\"container\" data-e-type=\"container\" data-settings=\"{&quot;_ha_eqh_enable&quot;:false}\">\n\t\t\t\t<div class=\"elementor-element elementor-element-7d6b620 elementor-widget elementor-widget-text-editor\" data-id=\"7d6b620\" data-element_type=\"widget\" data-e-type=\"widget\" data-widget_type=\"text-editor.default\">\n\t\t\t\t<div class=\"elementor-widget-container\">\n\t\t\t\t\t\t\t\t\t<strong>WeScore<\/strong>\r\n\r\n<strong>Una divisi\u00f3n de Herwebo BV.<\/strong>\r\n\r\n&nbsp;\r\n\r\n<strong>Direcci\u00f3n: Poldergotestraat 12 &#8211; 9240 Zele (BE)<\/strong>\r\n\r\n<strong>Tel\u00e9fono: +32 479 28 43 70<\/strong>\r\n\r\n<strong>Correo electr\u00f3nico: info@wescorepadel.com<\/strong>\t\t\t\t\t\t\t\t<\/div>\n\t\t\t\t<\/div>\n\t\t\t\t<\/div>\n\t\t<div class=\"elementor-element elementor-element-7b2ebd3 e-con-full e-flex e-con e-parent\" data-id=\"7b2ebd3\" data-element_type=\"container\" data-e-type=\"container\" data-settings=\"{&quot;_ha_eqh_enable&quot;:false}\">\n\t\t\t\t<div class=\"elementor-element elementor-element-6db885b elementor-widget elementor-widget-google_maps\" data-id=\"6db885b\" data-element_type=\"widget\" data-e-type=\"widget\" data-widget_type=\"google_maps.default\">\n\t\t\t\t<div class=\"elementor-widget-container\">\n\t\t\t\t\t\t\t<div class=\"elementor-custom-embed\">\n\t\t\t<iframe loading=\"lazy\"\n\t\t\t\t\tsrc=\"https:\/\/maps.google.com\/maps?q=Poldergotestraat%2012&#038;t=m&#038;z=9&#038;output=embed&#038;iwloc=near\"\n\t\t\t\t\ttitle=\"Poldergotestraat 12\"\n\t\t\t\t\taria-label=\"Poldergotestraat 12\"\n\t\t\t><\/iframe>\n\t\t<\/div>\n\t\t\t\t\t\t<\/div>\n\t\t\t\t<\/div>\n\t\t\t\t<\/div>\n\t\t\t\t\t<\/div>\n\t\t\t\t<\/div>\n\t\t<div class=\"elementor-element elementor-element-42c0a15 e-flex e-con-boxed e-con e-parent\" data-id=\"42c0a15\" data-element_type=\"container\" data-e-type=\"container\" data-settings=\"{&quot;_ha_eqh_enable&quot;:false}\">\n\t\t\t\t\t<div class=\"e-con-inner\">\n\t\t\t\t\t<\/div>\n\t\t\t\t<\/div>\n\t\t\t\t<\/div>\n\t\t","protected":false},"excerpt":{"rendered":"<p>CONTACTO \u00bfTiene alguna pregunta sobre nuestro marcador o est\u00e1 interesado en trabajar con nosotros? \u00a1H\u00e1ganoslo saber! WeScore Una divisi\u00f3n de Herwebo BV. &nbsp; Direcci\u00f3n: Poldergotestraat 12 &#8211; 9240 Zele (BE) Tel\u00e9fono: +32 479 28 43 70 Correo electr\u00f3nico: info@wescorepadel.com Schakel JavaScript in je browser in om dit formulier in te vullen.Naam *VoornaamAchternaamGSM-nummer *E-mail *Bericht Verzend<\/p>\n","protected":false},"author":1,"featured_media":1349,"parent":0,"menu_order":0,"comment_status":"closed","ping_status":"closed","template":"","meta":{"_eb_attr":"","footnotes":""},"class_list":["post-1576","page","type-page","status-publish","has-post-thumbnail","hentry"],"yoast_head":"<!-- This site is optimized with the Yoast SEO plugin v27.3 - https:\/\/yoast.com\/product\/yoast-seo-wordpress\/ -->\n<title>CONTACTO - WeScore Padel<\/title>\n<meta name=\"description\" content=\"\u00bfTiene alguna pregunta sobre nuestro marcador o est\u00e1 interesado en trabajar con nosotros? \u00a1H\u00e1ganoslo saber!\" \/>\n<meta name=\"robots\" content=\"index, follow, max-snippet:-1, max-image-preview:large, max-video-preview:-1\" \/>\n<link rel=\"canonical\" href=\"https:\/\/wescorepadel.com\/es\/contacto\/\" \/>\n<meta property=\"og:locale\" content=\"es_ES\" \/>\n<meta property=\"og:type\" content=\"article\" \/>\n<meta property=\"og:title\" content=\"CONTACTO - WeScore Padel\" \/>\n<meta property=\"og:description\" content=\"\u00bfTiene alguna pregunta sobre nuestro marcador o est\u00e1 interesado en trabajar con nosotros? \u00a1H\u00e1ganoslo saber!\" \/>\n<meta property=\"og:url\" content=\"https:\/\/wescorepadel.com\/es\/contacto\/\" \/>\n<meta property=\"og:site_name\" content=\"Wescore Padel\" \/>\n<meta property=\"article:modified_time\" content=\"2023-08-17T06:24:02+00:00\" \/>\n<meta property=\"og:image\" content=\"https:\/\/wescorepadel.com\/wp-content\/uploads\/2023\/03\/2023-03-06-JPG-08-Padel-WeScore-scaled-e1680015141407.jpg\" \/>\n\t<meta property=\"og:image:width\" content=\"1707\" \/>\n\t<meta property=\"og:image:height\" content=\"1272\" \/>\n\t<meta property=\"og:image:type\" content=\"image\/jpeg\" \/>\n<meta name=\"twitter:card\" content=\"summary_large_image\" \/>\n<script type=\"application\/ld+json\" class=\"yoast-schema-graph\">{\"@context\":\"https:\\\/\\\/schema.org\",\"@graph\":[{\"@type\":\"WebPage\",\"@id\":\"https:\\\/\\\/wescorepadel.com\\\/es\\\/contacto\\\/\",\"url\":\"https:\\\/\\\/wescorepadel.com\\\/es\\\/contacto\\\/\",\"name\":\"CONTACTO - WeScore Padel\",\"isPartOf\":{\"@id\":\"https:\\\/\\\/wescorepadel.com\\\/es\\\/#website\"},\"primaryImageOfPage\":{\"@id\":\"https:\\\/\\\/wescorepadel.com\\\/es\\\/contacto\\\/#primaryimage\"},\"image\":{\"@id\":\"https:\\\/\\\/wescorepadel.com\\\/es\\\/contacto\\\/#primaryimage\"},\"thumbnailUrl\":\"https:\\\/\\\/wescorepadel.com\\\/wp-content\\\/uploads\\\/2023\\\/03\\\/2023-03-06-JPG-08-Padel-WeScore-scaled-e1680015141407.jpg\",\"datePublished\":\"2023-03-30T09:28:08+00:00\",\"dateModified\":\"2023-08-17T06:24:02+00:00\",\"description\":\"\u00bfTiene alguna pregunta sobre nuestro marcador o est\u00e1 interesado en trabajar con nosotros? \u00a1H\u00e1ganoslo saber!\",\"breadcrumb\":{\"@id\":\"https:\\\/\\\/wescorepadel.com\\\/es\\\/contacto\\\/#breadcrumb\"},\"inLanguage\":\"es\",\"potentialAction\":[{\"@type\":\"ReadAction\",\"target\":[\"https:\\\/\\\/wescorepadel.com\\\/es\\\/contacto\\\/\"]}]},{\"@type\":\"ImageObject\",\"inLanguage\":\"es\",\"@id\":\"https:\\\/\\\/wescorepadel.com\\\/es\\\/contacto\\\/#primaryimage\",\"url\":\"https:\\\/\\\/wescorepadel.com\\\/wp-content\\\/uploads\\\/2023\\\/03\\\/2023-03-06-JPG-08-Padel-WeScore-scaled-e1680015141407.jpg\",\"contentUrl\":\"https:\\\/\\\/wescorepadel.com\\\/wp-content\\\/uploads\\\/2023\\\/03\\\/2023-03-06-JPG-08-Padel-WeScore-scaled-e1680015141407.jpg\",\"width\":1707,\"height\":1272},{\"@type\":\"BreadcrumbList\",\"@id\":\"https:\\\/\\\/wescorepadel.com\\\/es\\\/contacto\\\/#breadcrumb\",\"itemListElement\":[{\"@type\":\"ListItem\",\"position\":1,\"name\":\"Home\",\"item\":\"https:\\\/\\\/wescorepadel.com\\\/es\\\/\"},{\"@type\":\"ListItem\",\"position\":2,\"name\":\"CONTACTO\"}]},{\"@type\":\"WebSite\",\"@id\":\"https:\\\/\\\/wescorepadel.com\\\/es\\\/#website\",\"url\":\"https:\\\/\\\/wescorepadel.com\\\/es\\\/\",\"name\":\"Wescore Padel\",\"description\":\"\",\"publisher\":{\"@id\":\"https:\\\/\\\/wescorepadel.com\\\/es\\\/#organization\"},\"potentialAction\":[{\"@type\":\"SearchAction\",\"target\":{\"@type\":\"EntryPoint\",\"urlTemplate\":\"https:\\\/\\\/wescorepadel.com\\\/es\\\/?s={search_term_string}\"},\"query-input\":{\"@type\":\"PropertyValueSpecification\",\"valueRequired\":true,\"valueName\":\"search_term_string\"}}],\"inLanguage\":\"es\"},{\"@type\":\"Organization\",\"@id\":\"https:\\\/\\\/wescorepadel.com\\\/es\\\/#organization\",\"name\":\"Wescore Padel\",\"url\":\"https:\\\/\\\/wescorepadel.com\\\/es\\\/\",\"logo\":{\"@type\":\"ImageObject\",\"inLanguage\":\"es\",\"@id\":\"https:\\\/\\\/wescorepadel.com\\\/es\\\/#\\\/schema\\\/logo\\\/image\\\/\",\"url\":\"https:\\\/\\\/wescorepadel.com\\\/wp-content\\\/uploads\\\/2023\\\/03\\\/logo-wit.svg\",\"contentUrl\":\"https:\\\/\\\/wescorepadel.com\\\/wp-content\\\/uploads\\\/2023\\\/03\\\/logo-wit.svg\",\"caption\":\"Wescore Padel\"},\"image\":{\"@id\":\"https:\\\/\\\/wescorepadel.com\\\/es\\\/#\\\/schema\\\/logo\\\/image\\\/\"}}]}<\/script>\n<!-- \/ Yoast SEO plugin. -->","yoast_head_json":{"title":"CONTACTO - WeScore Padel","description":"\u00bfTiene alguna pregunta sobre nuestro marcador o est\u00e1 interesado en trabajar con nosotros? \u00a1H\u00e1ganoslo saber!","robots":{"index":"index","follow":"follow","max-snippet":"max-snippet:-1","max-image-preview":"max-image-preview:large","max-video-preview":"max-video-preview:-1"},"canonical":"https:\/\/wescorepadel.com\/es\/contacto\/","og_locale":"es_ES","og_type":"article","og_title":"CONTACTO - WeScore Padel","og_description":"\u00bfTiene alguna pregunta sobre nuestro marcador o est\u00e1 interesado en trabajar con nosotros? \u00a1H\u00e1ganoslo saber!","og_url":"https:\/\/wescorepadel.com\/es\/contacto\/","og_site_name":"Wescore Padel","article_modified_time":"2023-08-17T06:24:02+00:00","og_image":[{"width":1707,"height":1272,"url":"https:\/\/wescorepadel.com\/wp-content\/uploads\/2023\/03\/2023-03-06-JPG-08-Padel-WeScore-scaled-e1680015141407.jpg","type":"image\/jpeg"}],"twitter_card":"summary_large_image","schema":{"@context":"https:\/\/schema.org","@graph":[{"@type":"WebPage","@id":"https:\/\/wescorepadel.com\/es\/contacto\/","url":"https:\/\/wescorepadel.com\/es\/contacto\/","name":"CONTACTO - WeScore Padel","isPartOf":{"@id":"https:\/\/wescorepadel.com\/es\/#website"},"primaryImageOfPage":{"@id":"https:\/\/wescorepadel.com\/es\/contacto\/#primaryimage"},"image":{"@id":"https:\/\/wescorepadel.com\/es\/contacto\/#primaryimage"},"thumbnailUrl":"https:\/\/wescorepadel.com\/wp-content\/uploads\/2023\/03\/2023-03-06-JPG-08-Padel-WeScore-scaled-e1680015141407.jpg","datePublished":"2023-03-30T09:28:08+00:00","dateModified":"2023-08-17T06:24:02+00:00","description":"\u00bfTiene alguna pregunta sobre nuestro marcador o est\u00e1 interesado en trabajar con nosotros? \u00a1H\u00e1ganoslo saber!","breadcrumb":{"@id":"https:\/\/wescorepadel.com\/es\/contacto\/#breadcrumb"},"inLanguage":"es","potentialAction":[{"@type":"ReadAction","target":["https:\/\/wescorepadel.com\/es\/contacto\/"]}]},{"@type":"ImageObject","inLanguage":"es","@id":"https:\/\/wescorepadel.com\/es\/contacto\/#primaryimage","url":"https:\/\/wescorepadel.com\/wp-content\/uploads\/2023\/03\/2023-03-06-JPG-08-Padel-WeScore-scaled-e1680015141407.jpg","contentUrl":"https:\/\/wescorepadel.com\/wp-content\/uploads\/2023\/03\/2023-03-06-JPG-08-Padel-WeScore-scaled-e1680015141407.jpg","width":1707,"height":1272},{"@type":"BreadcrumbList","@id":"https:\/\/wescorepadel.com\/es\/contacto\/#breadcrumb","itemListElement":[{"@type":"ListItem","position":1,"name":"Home","item":"https:\/\/wescorepadel.com\/es\/"},{"@type":"ListItem","position":2,"name":"CONTACTO"}]},{"@type":"WebSite","@id":"https:\/\/wescorepadel.com\/es\/#website","url":"https:\/\/wescorepadel.com\/es\/","name":"Wescore Padel","description":"","publisher":{"@id":"https:\/\/wescorepadel.com\/es\/#organization"},"potentialAction":[{"@type":"SearchAction","target":{"@type":"EntryPoint","urlTemplate":"https:\/\/wescorepadel.com\/es\/?s={search_term_string}"},"query-input":{"@type":"PropertyValueSpecification","valueRequired":true,"valueName":"search_term_string"}}],"inLanguage":"es"},{"@type":"Organization","@id":"https:\/\/wescorepadel.com\/es\/#organization","name":"Wescore Padel","url":"https:\/\/wescorepadel.com\/es\/","logo":{"@type":"ImageObject","inLanguage":"es","@id":"https:\/\/wescorepadel.com\/es\/#\/schema\/logo\/image\/","url":"https:\/\/wescorepadel.com\/wp-content\/uploads\/2023\/03\/logo-wit.svg","contentUrl":"https:\/\/wescorepadel.com\/wp-content\/uploads\/2023\/03\/logo-wit.svg","caption":"Wescore Padel"},"image":{"@id":"https:\/\/wescorepadel.com\/es\/#\/schema\/logo\/image\/"}}]}},"_links":{"self":[{"href":"https:\/\/wescorepadel.com\/es\/wp-json\/wp\/v2\/pages\/1576","targetHints":{"allow":["GET"]}}],"collection":[{"href":"https:\/\/wescorepadel.com\/es\/wp-json\/wp\/v2\/pages"}],"about":[{"href":"https:\/\/wescorepadel.com\/es\/wp-json\/wp\/v2\/types\/page"}],"author":[{"embeddable":true,"href":"https:\/\/wescorepadel.com\/es\/wp-json\/wp\/v2\/users\/1"}],"replies":[{"embeddable":true,"href":"https:\/\/wescorepadel.com\/es\/wp-json\/wp\/v2\/comments?post=1576"}],"version-history":[{"count":3,"href":"https:\/\/wescorepadel.com\/es\/wp-json\/wp\/v2\/pages\/1576\/revisions"}],"predecessor-version":[{"id":1579,"href":"https:\/\/wescorepadel.com\/es\/wp-json\/wp\/v2\/pages\/1576\/revisions\/1579"}],"wp:featuredmedia":[{"embeddable":true,"href":"https:\/\/wescorepadel.com\/es\/wp-json\/wp\/v2\/media\/1349"}],"wp:attachment":[{"href":"https:\/\/wescorepadel.com\/es\/wp-json\/wp\/v2\/media?parent=1576"}],"curies":[{"name":"wp","href":"https:\/\/api.w.org\/{rel}","templated":true}]}}