{"id":1564,"date":"2023-01-12T07:04:03","date_gmt":"2023-01-12T06:04:03","guid":{"rendered":"https:\/\/wescorepadel.com\/informacion-tecnica\/"},"modified":"2024-01-24T16:17:28","modified_gmt":"2024-01-24T15:17:28","slug":"informacion-tecnica","status":"publish","type":"page","link":"https:\/\/wescorepadel.com\/es\/informacion-tecnica\/","title":{"rendered":"INFORMACI\u00d3N T\u00c9CNICA"},"content":{"rendered":"\t\t<div data-elementor-type=\"wp-page\" data-elementor-id=\"1564\" class=\"elementor elementor-1564 elementor-2\" data-elementor-settings=\"{&quot;ha_cmc_init_switcher&quot;:&quot;no&quot;}\">\n\t\t\t\t<div class=\"elementor-element elementor-element-87de2ec e-flex e-con-boxed e-con e-parent\" data-id=\"87de2ec\" data-element_type=\"container\" data-e-type=\"container\" data-settings=\"{&quot;_ha_eqh_enable&quot;:false}\">\n\t\t\t\t\t<div class=\"e-con-inner\">\n\t\t\t\t<div class=\"elementor-element elementor-element-0ec00f1 elementor-widget__width-initial elementor-widget elementor-widget-heading\" data-id=\"0ec00f1\" data-element_type=\"widget\" data-e-type=\"widget\" data-widget_type=\"heading.default\">\n\t\t\t\t<div class=\"elementor-widget-container\">\n\t\t\t\t\t<h2 class=\"elementor-heading-title elementor-size-default\">INFORMACI\u00d3N T\u00c9CNICA<\/h2>\t\t\t\t<\/div>\n\t\t\t\t<\/div>\n\t\t\t\t\t<\/div>\n\t\t\t\t<\/div>\n\t\t<div class=\"elementor-element elementor-element-0d9891c e-flex e-con-boxed e-con e-parent\" data-id=\"0d9891c\" data-element_type=\"container\" data-e-type=\"container\" data-settings=\"{&quot;_ha_eqh_enable&quot;:false}\">\n\t\t\t\t\t<div class=\"e-con-inner\">\n\t\t\t\t<div class=\"elementor-element elementor-element-028997d elementor-widget__width-initial elementor-widget elementor-widget-text-editor\" data-id=\"028997d\" data-element_type=\"widget\" data-e-type=\"widget\" data-widget_type=\"text-editor.default\">\n\t\t\t\t<div class=\"elementor-widget-container\">\n\t\t\t\t\t\t\t\t\t<p><strong>WeScore, un marcador digital desarrollado para mejorar la experiencia del p\u00e1del de todos. La combinaci\u00f3n de los materiales adecuados con determinadas caracter\u00edsticas t\u00e9cnicas dio como resultado un producto que destaca por su sencillez y precisi\u00f3n.<\/strong><\/p>\n\t\t\t\t\t\t\t\t<\/div>\n\t\t\t\t<\/div>\n\t\t\t\t<div class=\"elementor-element elementor-element-8133f1f elementor-widget__width-initial elementor-widget elementor-widget-heading\" data-id=\"8133f1f\" data-element_type=\"widget\" data-e-type=\"widget\" data-widget_type=\"heading.default\">\n\t\t\t\t<div class=\"elementor-widget-container\">\n\t\t\t\t\t<h2 class=\"elementor-heading-title elementor-size-default\">SENSORES<\/h2>\t\t\t\t<\/div>\n\t\t\t\t<\/div>\n\t\t\t\t<div class=\"elementor-element elementor-element-e3e8544 elementor-widget__width-initial elementor-widget elementor-widget-text-editor\" data-id=\"e3e8544\" data-element_type=\"widget\" data-e-type=\"widget\" data-widget_type=\"text-editor.default\">\n\t\t\t\t<div class=\"elementor-widget-container\">\n\t\t\t\t\t\t\t\t\t<p><strong>Como describe el manual, el marcador est\u00e1 controlado por un sensor rojo y otro azul. Los sensores est\u00e1n configurados para reaccionar a una raqueta de p\u00e1del, pero no a una pelota que pase por delante del sensor.<\/strong><\/p>\n<p><strong>La raqueta que utilices para controlar el marcador no importa, pero s\u00ed c\u00f3mo la presentes. Nos gusta hacer hincapi\u00e9 en que el sensor debe estar cubierto por el lado\/lateral de tu raqueta. Este es el funcionamiento m\u00e1s natural y evita que el marcador registre errores.<\/strong><\/p>\n\t\t\t\t\t\t\t\t<\/div>\n\t\t\t\t<\/div>\n\t\t\t\t<div class=\"elementor-element elementor-element-df5ed04 elementor-widget__width-initial elementor-widget elementor-widget-heading\" data-id=\"df5ed04\" data-element_type=\"widget\" data-e-type=\"widget\" data-widget_type=\"heading.default\">\n\t\t\t\t<div class=\"elementor-widget-container\">\n\t\t\t\t\t<h2 class=\"elementor-heading-title elementor-size-default\">DURACI\u00d3N DE LA BATER\u00cdA<\/h2>\t\t\t\t<\/div>\n\t\t\t\t<\/div>\n\t\t\t\t<div class=\"elementor-element elementor-element-36586d2 elementor-widget__width-initial elementor-widget elementor-widget-text-editor\" data-id=\"36586d2\" data-element_type=\"widget\" data-e-type=\"widget\" data-widget_type=\"text-editor.default\">\n\t\t\t\t<div class=\"elementor-widget-container\">\n\t\t\t\t\t\t\t\t\t<p><strong>Cuando compras un marcador, se suministra un cargador de serie. Como la palabra sugiere, s\u00f3lo necesita el cargador para cargar la bater\u00eda del marcador. WeScore puede utilizarse de forma inal\u00e1mbrica durante un partido de p\u00e1del.<\/strong><\/p>\n<p><strong>La bater\u00eda del marcador dura unas 8 horas. Tiempo suficiente para terminar tu sesi\u00f3n de p\u00e1del o jugar las rondas finales de un torneo. Porque s\u00ed, \u00a1los clubes tambi\u00e9n pueden utilizar el marcador! Gracias al mando a distancia inal\u00e1mbrico, un aficionado maneja el marcador desde la banda.<\/strong><\/p>\n\t\t\t\t\t\t\t\t<\/div>\n\t\t\t\t<\/div>\n\t\t\t\t<div class=\"elementor-element elementor-element-5c6fd7b elementor-widget__width-initial elementor-widget elementor-widget-heading\" data-id=\"5c6fd7b\" data-element_type=\"widget\" data-e-type=\"widget\" data-widget_type=\"heading.default\">\n\t\t\t\t<div class=\"elementor-widget-container\">\n\t\t\t\t\t<h2 class=\"elementor-heading-title elementor-size-default\">CAJA<\/h2>\t\t\t\t<\/div>\n\t\t\t\t<\/div>\n\t\t\t\t<div class=\"elementor-element elementor-element-5f4c7b3 elementor-widget__width-initial elementor-widget elementor-widget-text-editor\" data-id=\"5f4c7b3\" data-element_type=\"widget\" data-e-type=\"widget\" data-widget_type=\"text-editor.default\">\n\t\t\t\t<div class=\"elementor-widget-container\">\n\t\t\t\t\t\t\t\t\t<p><strong>El marcador est\u00e1 construido con una carcasa muy ligera y acabado de tal manera que es completamente impermeable. Esto significa que el material en s\u00ed puede soportar el agua y el marcador se puede utilizar incluso en tiempo h\u00famedo o lluvia ligera.<\/strong><\/p>\n<p><strong>PERO: a pesar de la potente ventosa, no es obvio fijar el marcador a un cristal mojado. Un poco de precauci\u00f3n no est\u00e1 de m\u00e1s aqu\u00ed.<\/strong><\/p>\n<p>&nbsp;<\/p>\n\t\t\t\t\t\t\t\t<\/div>\n\t\t\t\t<\/div>\n\t\t\t\t<div class=\"elementor-element elementor-element-41fc8cc elementor-widget__width-initial elementor-widget elementor-widget-heading\" data-id=\"41fc8cc\" data-element_type=\"widget\" data-e-type=\"widget\" data-widget_type=\"heading.default\">\n\t\t\t\t<div class=\"elementor-widget-container\">\n\t\t\t\t\t<h2 class=\"elementor-heading-title elementor-size-default\">PANTALLA LED<\/h2>\t\t\t\t<\/div>\n\t\t\t\t<\/div>\n\t\t\t\t<div class=\"elementor-element elementor-element-498183b elementor-widget__width-initial elementor-widget elementor-widget-text-editor\" data-id=\"498183b\" data-element_type=\"widget\" data-e-type=\"widget\" data-widget_type=\"text-editor.default\">\n\t\t\t\t<div class=\"elementor-widget-container\">\n\t\t\t\t\t\t\t\t\t<p><strong>La parte frontal del marcador consta de una pantalla LED en la que se lee el marcador. La intensidad de los LED se ajusta autom\u00e1ticamente en funci\u00f3n de la luz ambiental. \u00a1Todo para una legibilidad \u00f3ptima de su marcador!<\/strong><\/p>\n\t\t\t\t\t\t\t\t<\/div>\n\t\t\t\t<\/div>\n\t\t\t\t<div class=\"elementor-element elementor-element-f30e0a2 elementor-widget__width-initial elementor-widget elementor-widget-heading\" data-id=\"f30e0a2\" data-element_type=\"widget\" data-e-type=\"widget\" data-widget_type=\"heading.default\">\n\t\t\t\t<div class=\"elementor-widget-container\">\n\t\t\t\t\t<h2 class=\"elementor-heading-title elementor-size-default\">CONFORMIDAD<\/h2>\t\t\t\t<\/div>\n\t\t\t\t<\/div>\n\t\t\t\t<div class=\"elementor-element elementor-element-3194b50 elementor-widget__width-initial elementor-widget elementor-widget-text-editor\" data-id=\"3194b50\" data-element_type=\"widget\" data-e-type=\"widget\" data-widget_type=\"text-editor.default\">\n\t\t\t\t<div class=\"elementor-widget-container\">\n\t\t\t\t\t\t\t\t\t<p><strong>El marcador ha sido desarrollado de acuerdo con la legislaci\u00f3n europea y est\u00e1 aprobado por la CE. WeScore ha sido concebido, desarrollado y montado en B\u00e9lgica. El producto surgi\u00f3 de una estrecha colaboraci\u00f3n entre TVR Engineering y Herwebo BV. Dos empresas belgas apasionadas por el p\u00e1del. M\u00e1s informaci\u00f3n en la p\u00e1gina &#8216;Qui\u00e9nes somos&#8217;.<\/strong><\/p>\n\t\t\t\t\t\t\t\t<\/div>\n\t\t\t\t<\/div>\n\t\t\t\t\t<\/div>\n\t\t\t\t<\/div>\n\t\t\t\t<\/div>\n\t\t","protected":false},"excerpt":{"rendered":"<p>INFORMACI\u00d3N T\u00c9CNICA WeScore, un marcador digital desarrollado para mejorar la experiencia del p\u00e1del de todos. La combinaci\u00f3n de los materiales adecuados con determinadas caracter\u00edsticas t\u00e9cnicas dio como resultado un producto que destaca por su sencillez y precisi\u00f3n. SENSORES Como describe el manual, el marcador est\u00e1 controlado por un sensor rojo y otro azul. Los sensores [&hellip;]<\/p>\n","protected":false},"author":1,"featured_media":1382,"parent":0,"menu_order":0,"comment_status":"closed","ping_status":"closed","template":"","meta":{"_eb_attr":"","footnotes":""},"class_list":["post-1564","page","type-page","status-publish","has-post-thumbnail","hentry"],"yoast_head":"<!-- This site is optimized with the Yoast SEO plugin v27.4 - https:\/\/yoast.com\/product\/yoast-seo-wordpress\/ -->\n<title>INFORMACI\u00d3N T\u00c9CNICA - Wescore Padel<\/title>\n<meta name=\"description\" content=\"WeScore, un marcador digital desarrollado para mejorar la experiencia del p\u00e1del de todos. La combinaci\u00f3n de los materiales adecuados con determinadas caracter\u00edsticas t\u00e9cnicas...\" \/>\n<meta name=\"robots\" content=\"index, follow, max-snippet:-1, max-image-preview:large, max-video-preview:-1\" \/>\n<link rel=\"canonical\" href=\"https:\/\/wescorepadel.com\/es\/informacion-tecnica\/\" \/>\n<meta property=\"og:locale\" content=\"es_ES\" \/>\n<meta property=\"og:type\" content=\"article\" \/>\n<meta property=\"og:title\" content=\"INFORMACI\u00d3N T\u00c9CNICA - Wescore Padel\" \/>\n<meta property=\"og:description\" content=\"WeScore, un marcador digital desarrollado para mejorar la experiencia del p\u00e1del de todos. La combinaci\u00f3n de los materiales adecuados con determinadas caracter\u00edsticas t\u00e9cnicas...\" \/>\n<meta property=\"og:url\" content=\"https:\/\/wescorepadel.com\/es\/informacion-tecnica\/\" \/>\n<meta property=\"og:site_name\" content=\"Wescore Padel\" \/>\n<meta property=\"article:modified_time\" content=\"2024-01-24T15:17:28+00:00\" \/>\n<meta property=\"og:image\" content=\"https:\/\/wescorepadel.com\/wp-content\/uploads\/2023\/03\/Schermafbeelding-2023-03-28-om-16.38.36.png\" \/>\n\t<meta property=\"og:image:width\" content=\"603\" \/>\n\t<meta property=\"og:image:height\" content=\"404\" \/>\n\t<meta property=\"og:image:type\" content=\"image\/png\" \/>\n<meta name=\"twitter:card\" content=\"summary_large_image\" \/>\n<meta name=\"twitter:label1\" content=\"Tiempo de lectura\" \/>\n\t<meta name=\"twitter:data1\" content=\"2 minutos\" \/>\n<script type=\"application\/ld+json\" class=\"yoast-schema-graph\">{\"@context\":\"https:\\\/\\\/schema.org\",\"@graph\":[{\"@type\":\"WebPage\",\"@id\":\"https:\\\/\\\/wescorepadel.com\\\/es\\\/informacion-tecnica\\\/\",\"url\":\"https:\\\/\\\/wescorepadel.com\\\/es\\\/informacion-tecnica\\\/\",\"name\":\"INFORMACI\u00d3N T\u00c9CNICA - Wescore Padel\",\"isPartOf\":{\"@id\":\"https:\\\/\\\/wescorepadel.com\\\/es\\\/#website\"},\"primaryImageOfPage\":{\"@id\":\"https:\\\/\\\/wescorepadel.com\\\/es\\\/informacion-tecnica\\\/#primaryimage\"},\"image\":{\"@id\":\"https:\\\/\\\/wescorepadel.com\\\/es\\\/informacion-tecnica\\\/#primaryimage\"},\"thumbnailUrl\":\"https:\\\/\\\/wescorepadel.com\\\/wp-content\\\/uploads\\\/2023\\\/03\\\/Schermafbeelding-2023-03-28-om-16.38.36.png\",\"datePublished\":\"2023-01-12T06:04:03+00:00\",\"dateModified\":\"2024-01-24T15:17:28+00:00\",\"description\":\"WeScore, un marcador digital desarrollado para mejorar la experiencia del p\u00e1del de todos. La combinaci\u00f3n de los materiales adecuados con determinadas caracter\u00edsticas t\u00e9cnicas...\",\"breadcrumb\":{\"@id\":\"https:\\\/\\\/wescorepadel.com\\\/es\\\/informacion-tecnica\\\/#breadcrumb\"},\"inLanguage\":\"es\",\"potentialAction\":[{\"@type\":\"ReadAction\",\"target\":[\"https:\\\/\\\/wescorepadel.com\\\/es\\\/informacion-tecnica\\\/\"]}]},{\"@type\":\"ImageObject\",\"inLanguage\":\"es\",\"@id\":\"https:\\\/\\\/wescorepadel.com\\\/es\\\/informacion-tecnica\\\/#primaryimage\",\"url\":\"https:\\\/\\\/wescorepadel.com\\\/wp-content\\\/uploads\\\/2023\\\/03\\\/Schermafbeelding-2023-03-28-om-16.38.36.png\",\"contentUrl\":\"https:\\\/\\\/wescorepadel.com\\\/wp-content\\\/uploads\\\/2023\\\/03\\\/Schermafbeelding-2023-03-28-om-16.38.36.png\",\"width\":603,\"height\":404},{\"@type\":\"BreadcrumbList\",\"@id\":\"https:\\\/\\\/wescorepadel.com\\\/es\\\/informacion-tecnica\\\/#breadcrumb\",\"itemListElement\":[{\"@type\":\"ListItem\",\"position\":1,\"name\":\"Home\",\"item\":\"https:\\\/\\\/wescorepadel.com\\\/es\\\/\"},{\"@type\":\"ListItem\",\"position\":2,\"name\":\"INFORMACI\u00d3N T\u00c9CNICA\"}]},{\"@type\":\"WebSite\",\"@id\":\"https:\\\/\\\/wescorepadel.com\\\/es\\\/#website\",\"url\":\"https:\\\/\\\/wescorepadel.com\\\/es\\\/\",\"name\":\"Wescore Padel\",\"description\":\"\",\"publisher\":{\"@id\":\"https:\\\/\\\/wescorepadel.com\\\/es\\\/#organization\"},\"potentialAction\":[{\"@type\":\"SearchAction\",\"target\":{\"@type\":\"EntryPoint\",\"urlTemplate\":\"https:\\\/\\\/wescorepadel.com\\\/es\\\/?s={search_term_string}\"},\"query-input\":{\"@type\":\"PropertyValueSpecification\",\"valueRequired\":true,\"valueName\":\"search_term_string\"}}],\"inLanguage\":\"es\"},{\"@type\":\"Organization\",\"@id\":\"https:\\\/\\\/wescorepadel.com\\\/es\\\/#organization\",\"name\":\"Wescore Padel\",\"url\":\"https:\\\/\\\/wescorepadel.com\\\/es\\\/\",\"logo\":{\"@type\":\"ImageObject\",\"inLanguage\":\"es\",\"@id\":\"https:\\\/\\\/wescorepadel.com\\\/es\\\/#\\\/schema\\\/logo\\\/image\\\/\",\"url\":\"https:\\\/\\\/wescorepadel.com\\\/wp-content\\\/uploads\\\/2023\\\/03\\\/logo-wit.svg\",\"contentUrl\":\"https:\\\/\\\/wescorepadel.com\\\/wp-content\\\/uploads\\\/2023\\\/03\\\/logo-wit.svg\",\"caption\":\"Wescore Padel\"},\"image\":{\"@id\":\"https:\\\/\\\/wescorepadel.com\\\/es\\\/#\\\/schema\\\/logo\\\/image\\\/\"}}]}<\/script>\n<!-- \/ Yoast SEO plugin. -->","yoast_head_json":{"title":"INFORMACI\u00d3N T\u00c9CNICA - Wescore Padel","description":"WeScore, un marcador digital desarrollado para mejorar la experiencia del p\u00e1del de todos. La combinaci\u00f3n de los materiales adecuados con determinadas caracter\u00edsticas t\u00e9cnicas...","robots":{"index":"index","follow":"follow","max-snippet":"max-snippet:-1","max-image-preview":"max-image-preview:large","max-video-preview":"max-video-preview:-1"},"canonical":"https:\/\/wescorepadel.com\/es\/informacion-tecnica\/","og_locale":"es_ES","og_type":"article","og_title":"INFORMACI\u00d3N T\u00c9CNICA - Wescore Padel","og_description":"WeScore, un marcador digital desarrollado para mejorar la experiencia del p\u00e1del de todos. La combinaci\u00f3n de los materiales adecuados con determinadas caracter\u00edsticas t\u00e9cnicas...","og_url":"https:\/\/wescorepadel.com\/es\/informacion-tecnica\/","og_site_name":"Wescore Padel","article_modified_time":"2024-01-24T15:17:28+00:00","og_image":[{"width":603,"height":404,"url":"https:\/\/wescorepadel.com\/wp-content\/uploads\/2023\/03\/Schermafbeelding-2023-03-28-om-16.38.36.png","type":"image\/png"}],"twitter_card":"summary_large_image","twitter_misc":{"Tiempo de lectura":"2 minutos"},"schema":{"@context":"https:\/\/schema.org","@graph":[{"@type":"WebPage","@id":"https:\/\/wescorepadel.com\/es\/informacion-tecnica\/","url":"https:\/\/wescorepadel.com\/es\/informacion-tecnica\/","name":"INFORMACI\u00d3N T\u00c9CNICA - Wescore Padel","isPartOf":{"@id":"https:\/\/wescorepadel.com\/es\/#website"},"primaryImageOfPage":{"@id":"https:\/\/wescorepadel.com\/es\/informacion-tecnica\/#primaryimage"},"image":{"@id":"https:\/\/wescorepadel.com\/es\/informacion-tecnica\/#primaryimage"},"thumbnailUrl":"https:\/\/wescorepadel.com\/wp-content\/uploads\/2023\/03\/Schermafbeelding-2023-03-28-om-16.38.36.png","datePublished":"2023-01-12T06:04:03+00:00","dateModified":"2024-01-24T15:17:28+00:00","description":"WeScore, un marcador digital desarrollado para mejorar la experiencia del p\u00e1del de todos. La combinaci\u00f3n de los materiales adecuados con determinadas caracter\u00edsticas t\u00e9cnicas...","breadcrumb":{"@id":"https:\/\/wescorepadel.com\/es\/informacion-tecnica\/#breadcrumb"},"inLanguage":"es","potentialAction":[{"@type":"ReadAction","target":["https:\/\/wescorepadel.com\/es\/informacion-tecnica\/"]}]},{"@type":"ImageObject","inLanguage":"es","@id":"https:\/\/wescorepadel.com\/es\/informacion-tecnica\/#primaryimage","url":"https:\/\/wescorepadel.com\/wp-content\/uploads\/2023\/03\/Schermafbeelding-2023-03-28-om-16.38.36.png","contentUrl":"https:\/\/wescorepadel.com\/wp-content\/uploads\/2023\/03\/Schermafbeelding-2023-03-28-om-16.38.36.png","width":603,"height":404},{"@type":"BreadcrumbList","@id":"https:\/\/wescorepadel.com\/es\/informacion-tecnica\/#breadcrumb","itemListElement":[{"@type":"ListItem","position":1,"name":"Home","item":"https:\/\/wescorepadel.com\/es\/"},{"@type":"ListItem","position":2,"name":"INFORMACI\u00d3N T\u00c9CNICA"}]},{"@type":"WebSite","@id":"https:\/\/wescorepadel.com\/es\/#website","url":"https:\/\/wescorepadel.com\/es\/","name":"Wescore Padel","description":"","publisher":{"@id":"https:\/\/wescorepadel.com\/es\/#organization"},"potentialAction":[{"@type":"SearchAction","target":{"@type":"EntryPoint","urlTemplate":"https:\/\/wescorepadel.com\/es\/?s={search_term_string}"},"query-input":{"@type":"PropertyValueSpecification","valueRequired":true,"valueName":"search_term_string"}}],"inLanguage":"es"},{"@type":"Organization","@id":"https:\/\/wescorepadel.com\/es\/#organization","name":"Wescore Padel","url":"https:\/\/wescorepadel.com\/es\/","logo":{"@type":"ImageObject","inLanguage":"es","@id":"https:\/\/wescorepadel.com\/es\/#\/schema\/logo\/image\/","url":"https:\/\/wescorepadel.com\/wp-content\/uploads\/2023\/03\/logo-wit.svg","contentUrl":"https:\/\/wescorepadel.com\/wp-content\/uploads\/2023\/03\/logo-wit.svg","caption":"Wescore Padel"},"image":{"@id":"https:\/\/wescorepadel.com\/es\/#\/schema\/logo\/image\/"}}]}},"_links":{"self":[{"href":"https:\/\/wescorepadel.com\/es\/wp-json\/wp\/v2\/pages\/1564","targetHints":{"allow":["GET"]}}],"collection":[{"href":"https:\/\/wescorepadel.com\/es\/wp-json\/wp\/v2\/pages"}],"about":[{"href":"https:\/\/wescorepadel.com\/es\/wp-json\/wp\/v2\/types\/page"}],"author":[{"embeddable":true,"href":"https:\/\/wescorepadel.com\/es\/wp-json\/wp\/v2\/users\/1"}],"replies":[{"embeddable":true,"href":"https:\/\/wescorepadel.com\/es\/wp-json\/wp\/v2\/comments?post=1564"}],"version-history":[{"count":2,"href":"https:\/\/wescorepadel.com\/es\/wp-json\/wp\/v2\/pages\/1564\/revisions"}],"predecessor-version":[{"id":2043,"href":"https:\/\/wescorepadel.com\/es\/wp-json\/wp\/v2\/pages\/1564\/revisions\/2043"}],"wp:featuredmedia":[{"embeddable":true,"href":"https:\/\/wescorepadel.com\/es\/wp-json\/wp\/v2\/media\/1382"}],"wp:attachment":[{"href":"https:\/\/wescorepadel.com\/es\/wp-json\/wp\/v2\/media?parent=1564"}],"curies":[{"name":"wp","href":"https:\/\/api.w.org\/{rel}","templated":true}]}}