{"id":1558,"date":"2023-03-21T11:06:29","date_gmt":"2023-03-21T10:06:29","guid":{"rendered":"https:\/\/wescorepadel.com\/modulo-de-arbitraje\/"},"modified":"2024-01-24T16:10:54","modified_gmt":"2024-01-24T15:10:54","slug":"modulo-de-arbitraje","status":"publish","type":"page","link":"https:\/\/wescorepadel.com\/es\/modulo-de-arbitraje\/","title":{"rendered":"M\u00f3dulo de arbitraje"},"content":{"rendered":"\t\t<div data-elementor-type=\"wp-page\" data-elementor-id=\"1558\" class=\"elementor elementor-1558 elementor-546\" data-elementor-settings=\"{&quot;ha_cmc_init_switcher&quot;:&quot;no&quot;}\">\n\t\t\t\t<div class=\"elementor-element elementor-element-1e6806f e-flex e-con-boxed e-con e-parent\" data-id=\"1e6806f\" data-element_type=\"container\" data-e-type=\"container\" data-settings=\"{&quot;_ha_eqh_enable&quot;:false}\">\n\t\t\t\t\t<div class=\"e-con-inner\">\n\t\t\t\t<div class=\"elementor-element elementor-element-a2d6993 elementor-widget elementor-widget-heading\" data-id=\"a2d6993\" data-element_type=\"widget\" data-e-type=\"widget\" data-widget_type=\"heading.default\">\n\t\t\t\t<div class=\"elementor-widget-container\">\n\t\t\t\t\t<h2 class=\"elementor-heading-title elementor-size-default\">WESCORE EN SU CLUB<\/h2>\t\t\t\t<\/div>\n\t\t\t\t<\/div>\n\t\t\t\t<div class=\"elementor-element elementor-element-6ba6007 elementor-widget elementor-widget-text-editor\" data-id=\"6ba6007\" data-element_type=\"widget\" data-e-type=\"widget\" data-widget_type=\"text-editor.default\">\n\t\t\t\t<div class=\"elementor-widget-container\">\n\t\t\t\t\t\t\t\t\t<strong>Utilizar WeScore como jugador es una cosa, \u00a1ofrecerlo como club completa el cuadro!<\/strong>\r\n\r\n&nbsp;\r\n\r\n<strong>\u00bfQu\u00e9 te parece utilizar nuestro marcador durante las sesiones semanales de p\u00e1del o torneos? Pr\u00e1ctico para los jugadores, a\u00fan m\u00e1s interesante para los espectadores. Especialmente cuando un espectador o \u00e1rbitro utiliza nuestro m\u00f3dulo de \u00e1rbitro.<\/strong>\r\n\r\n&nbsp;\t\t\t\t\t\t\t\t<\/div>\n\t\t\t\t<\/div>\n\t\t\t\t<div class=\"elementor-element elementor-element-656c96e elementor-widget elementor-widget-spacer\" data-id=\"656c96e\" data-element_type=\"widget\" data-e-type=\"widget\" data-widget_type=\"spacer.default\">\n\t\t\t\t<div class=\"elementor-widget-container\">\n\t\t\t\t\t\t\t<div class=\"elementor-spacer\">\n\t\t\t<div class=\"elementor-spacer-inner\"><\/div>\n\t\t<\/div>\n\t\t\t\t\t\t<\/div>\n\t\t\t\t<\/div>\n\t\t\t\t\t<\/div>\n\t\t\t\t<\/div>\n\t\t<div class=\"elementor-element elementor-element-4c70e49 e-flex e-con-boxed e-con e-parent\" data-id=\"4c70e49\" data-element_type=\"container\" data-e-type=\"container\" data-settings=\"{&quot;_ha_eqh_enable&quot;:false}\">\n\t\t\t\t\t<div class=\"e-con-inner\">\n\t\t<div class=\"elementor-element elementor-element-6b5fe94 e-con-full e-flex e-con e-child\" data-id=\"6b5fe94\" data-element_type=\"container\" data-e-type=\"container\" data-settings=\"{&quot;_ha_eqh_enable&quot;:false}\">\n\t\t\t\t<div class=\"elementor-element elementor-element-414d75f elementor-widget elementor-widget-text-editor\" data-id=\"414d75f\" data-element_type=\"widget\" data-e-type=\"widget\" data-widget_type=\"text-editor.default\">\n\t\t\t\t<div class=\"elementor-widget-container\">\n\t\t\t\t\t\t\t\t\t<strong>El m\u00f3dulo de \u00e1rbitro es una extensi\u00f3n del marcador.<\/strong>\r\n\r\n<strong>Al conectar un receptor compacto al marcador, \u00e9ste ya no es controlado por los jugadores en el campo, sino por un espectador que asume el papel de \u00e1rbitro.<\/strong>\r\n\r\n<strong>Los sensores del marcador se desconectan autom\u00e1ticamente y el mando a distancia controla directamente el marcador.<\/strong>\r\n\r\n<strong>Esto significa que se puede controlar el marcador a distancia. Los aficionados pueden seguir el marcador sin esfuerzo y los jugadores se centran al 100% en el juego.<\/strong>\t\t\t\t\t\t\t\t<\/div>\n\t\t\t\t<\/div>\n\t\t\t\t<\/div>\n\t\t<div class=\"elementor-element elementor-element-d5a637e e-con-full e-flex e-con e-child\" data-id=\"d5a637e\" data-element_type=\"container\" data-e-type=\"container\" data-settings=\"{&quot;_ha_eqh_enable&quot;:false}\">\n\t\t\t\t<div class=\"elementor-element elementor-element-a316208 elementor-widget elementor-widget-image\" data-id=\"a316208\" data-element_type=\"widget\" data-e-type=\"widget\" data-widget_type=\"image.default\">\n\t\t\t\t<div class=\"elementor-widget-container\">\n\t\t\t\t\t\t\t\t\t\t\t\t\t\t\t<img fetchpriority=\"high\" decoding=\"async\" width=\"800\" height=\"534\" src=\"https:\/\/wescorepadel.com\/wp-content\/uploads\/2023\/03\/2023-03-06-JPG-108-Padel-WeScore-1024x683.jpg\" class=\"attachment-large size-large wp-image-1391\" alt=\"\" srcset=\"https:\/\/wescorepadel.com\/wp-content\/uploads\/2023\/03\/2023-03-06-JPG-108-Padel-WeScore-1024x683.jpg 1024w, https:\/\/wescorepadel.com\/wp-content\/uploads\/2023\/03\/2023-03-06-JPG-108-Padel-WeScore-scaled-600x400.jpg 600w, https:\/\/wescorepadel.com\/wp-content\/uploads\/2023\/03\/2023-03-06-JPG-108-Padel-WeScore-300x200.jpg 300w, https:\/\/wescorepadel.com\/wp-content\/uploads\/2023\/03\/2023-03-06-JPG-108-Padel-WeScore-768x512.jpg 768w, https:\/\/wescorepadel.com\/wp-content\/uploads\/2023\/03\/2023-03-06-JPG-108-Padel-WeScore-1536x1024.jpg 1536w, https:\/\/wescorepadel.com\/wp-content\/uploads\/2023\/03\/2023-03-06-JPG-108-Padel-WeScore-2048x1365.jpg 2048w\" sizes=\"(max-width: 800px) 100vw, 800px\" \/>\t\t\t\t\t\t\t\t\t\t\t\t\t\t\t<\/div>\n\t\t\t\t<\/div>\n\t\t\t\t<\/div>\n\t\t\t\t\t<\/div>\n\t\t\t\t<\/div>\n\t\t<div class=\"elementor-element elementor-element-91c14e0 e-flex e-con-boxed e-con e-parent\" data-id=\"91c14e0\" data-element_type=\"container\" data-e-type=\"container\" data-settings=\"{&quot;_ha_eqh_enable&quot;:false}\">\n\t\t\t\t\t<div class=\"e-con-inner\">\n\t\t\t\t<div class=\"elementor-element elementor-element-b8493af elementor-widget elementor-widget-heading\" data-id=\"b8493af\" data-element_type=\"widget\" data-e-type=\"widget\" data-widget_type=\"heading.default\">\n\t\t\t\t<div class=\"elementor-widget-container\">\n\t\t\t\t\t<h2 class=\"elementor-heading-title elementor-size-default\">\u00bfINTERESADO EN 1 O M\u00c1S MARCADORES?<\/h2>\t\t\t\t<\/div>\n\t\t\t\t<\/div>\n\t\t\t\t<div class=\"elementor-element elementor-element-faddcea elementor-widget elementor-widget-text-editor\" data-id=\"faddcea\" data-element_type=\"widget\" data-e-type=\"widget\" data-widget_type=\"text-editor.default\">\n\t\t\t\t<div class=\"elementor-widget-container\">\n\t\t\t\t\t\t\t\t\t<p><strong>H\u00e1ganoslo saber a trav\u00e9s de info@wescorepadel.com o p\u00f3ngase en contacto con nosotros por tel\u00e9fono: +32 479 28 43 79.<\/strong><\/p>\n\t\t\t\t\t\t\t\t<\/div>\n\t\t\t\t<\/div>\n\t\t\t\t\t<\/div>\n\t\t\t\t<\/div>\n\t\t\t\t<\/div>\n\t\t","protected":false},"excerpt":{"rendered":"<p>WESCORE EN SU CLUB Utilizar WeScore como jugador es una cosa, \u00a1ofrecerlo como club completa el cuadro! &nbsp; \u00bfQu\u00e9 te parece utilizar nuestro marcador durante las sesiones semanales de p\u00e1del o torneos? Pr\u00e1ctico para los jugadores, a\u00fan m\u00e1s interesante para los espectadores. Especialmente cuando un espectador o \u00e1rbitro utiliza nuestro m\u00f3dulo de \u00e1rbitro. &nbsp; El [&hellip;]<\/p>\n","protected":false},"author":1,"featured_media":0,"parent":0,"menu_order":0,"comment_status":"closed","ping_status":"closed","template":"","meta":{"_eb_attr":"","footnotes":""},"class_list":["post-1558","page","type-page","status-publish","hentry"],"yoast_head":"<!-- This site is optimized with the Yoast SEO plugin v27.5 - https:\/\/yoast.com\/product\/yoast-seo-wordpress\/ -->\n<title>Oferta de clubes<\/title>\n<meta name=\"description\" content=\"El m\u00f3dulo de \u00e1rbitro de WeScore es una extensi\u00f3n del marcador. El mando a distancia se ofrece a los clubes de p\u00e1del para...\" \/>\n<meta name=\"robots\" content=\"index, follow, max-snippet:-1, max-image-preview:large, max-video-preview:-1\" \/>\n<link rel=\"canonical\" href=\"https:\/\/wescorepadel.com\/es\/modulo-de-arbitraje\/\" \/>\n<meta property=\"og:locale\" content=\"es_ES\" \/>\n<meta property=\"og:type\" content=\"article\" \/>\n<meta property=\"og:title\" content=\"Oferta de clubes\" \/>\n<meta property=\"og:description\" content=\"El m\u00f3dulo de \u00e1rbitro de WeScore es una extensi\u00f3n del marcador. El mando a distancia se ofrece a los clubes de p\u00e1del para...\" \/>\n<meta property=\"og:url\" content=\"https:\/\/wescorepadel.com\/es\/modulo-de-arbitraje\/\" \/>\n<meta property=\"og:site_name\" content=\"Wescore Padel\" \/>\n<meta property=\"article:modified_time\" content=\"2024-01-24T15:10:54+00:00\" \/>\n<meta property=\"og:image\" content=\"https:\/\/wescorepadel.com\/wp-content\/uploads\/2023\/03\/2023-03-06-JPG-108-Padel-WeScore-1024x683.jpg\" \/>\n<meta name=\"twitter:card\" content=\"summary_large_image\" \/>\n<meta name=\"twitter:label1\" content=\"Tiempo de lectura\" \/>\n\t<meta name=\"twitter:data1\" content=\"1 minuto\" \/>\n<script type=\"application\/ld+json\" class=\"yoast-schema-graph\">{\"@context\":\"https:\\\/\\\/schema.org\",\"@graph\":[{\"@type\":\"WebPage\",\"@id\":\"https:\\\/\\\/wescorepadel.com\\\/es\\\/modulo-de-arbitraje\\\/\",\"url\":\"https:\\\/\\\/wescorepadel.com\\\/es\\\/modulo-de-arbitraje\\\/\",\"name\":\"Oferta de clubes\",\"isPartOf\":{\"@id\":\"https:\\\/\\\/wescorepadel.com\\\/es\\\/#website\"},\"primaryImageOfPage\":{\"@id\":\"https:\\\/\\\/wescorepadel.com\\\/es\\\/modulo-de-arbitraje\\\/#primaryimage\"},\"image\":{\"@id\":\"https:\\\/\\\/wescorepadel.com\\\/es\\\/modulo-de-arbitraje\\\/#primaryimage\"},\"thumbnailUrl\":\"https:\\\/\\\/wescorepadel.com\\\/wp-content\\\/uploads\\\/2023\\\/03\\\/2023-03-06-JPG-108-Padel-WeScore-1024x683.jpg\",\"datePublished\":\"2023-03-21T10:06:29+00:00\",\"dateModified\":\"2024-01-24T15:10:54+00:00\",\"description\":\"El m\u00f3dulo de \u00e1rbitro de WeScore es una extensi\u00f3n del marcador. El mando a distancia se ofrece a los clubes de p\u00e1del para...\",\"breadcrumb\":{\"@id\":\"https:\\\/\\\/wescorepadel.com\\\/es\\\/modulo-de-arbitraje\\\/#breadcrumb\"},\"inLanguage\":\"es\",\"potentialAction\":[{\"@type\":\"ReadAction\",\"target\":[\"https:\\\/\\\/wescorepadel.com\\\/es\\\/modulo-de-arbitraje\\\/\"]}]},{\"@type\":\"ImageObject\",\"inLanguage\":\"es\",\"@id\":\"https:\\\/\\\/wescorepadel.com\\\/es\\\/modulo-de-arbitraje\\\/#primaryimage\",\"url\":\"https:\\\/\\\/wescorepadel.com\\\/wp-content\\\/uploads\\\/2023\\\/03\\\/2023-03-06-JPG-108-Padel-WeScore-1024x683.jpg\",\"contentUrl\":\"https:\\\/\\\/wescorepadel.com\\\/wp-content\\\/uploads\\\/2023\\\/03\\\/2023-03-06-JPG-108-Padel-WeScore-1024x683.jpg\"},{\"@type\":\"BreadcrumbList\",\"@id\":\"https:\\\/\\\/wescorepadel.com\\\/es\\\/modulo-de-arbitraje\\\/#breadcrumb\",\"itemListElement\":[{\"@type\":\"ListItem\",\"position\":1,\"name\":\"Home\",\"item\":\"https:\\\/\\\/wescorepadel.com\\\/es\\\/\"},{\"@type\":\"ListItem\",\"position\":2,\"name\":\"M\u00f3dulo de arbitraje\"}]},{\"@type\":\"WebSite\",\"@id\":\"https:\\\/\\\/wescorepadel.com\\\/es\\\/#website\",\"url\":\"https:\\\/\\\/wescorepadel.com\\\/es\\\/\",\"name\":\"Wescore Padel\",\"description\":\"\",\"publisher\":{\"@id\":\"https:\\\/\\\/wescorepadel.com\\\/es\\\/#organization\"},\"potentialAction\":[{\"@type\":\"SearchAction\",\"target\":{\"@type\":\"EntryPoint\",\"urlTemplate\":\"https:\\\/\\\/wescorepadel.com\\\/es\\\/?s={search_term_string}\"},\"query-input\":{\"@type\":\"PropertyValueSpecification\",\"valueRequired\":true,\"valueName\":\"search_term_string\"}}],\"inLanguage\":\"es\"},{\"@type\":\"Organization\",\"@id\":\"https:\\\/\\\/wescorepadel.com\\\/es\\\/#organization\",\"name\":\"Wescore Padel\",\"url\":\"https:\\\/\\\/wescorepadel.com\\\/es\\\/\",\"logo\":{\"@type\":\"ImageObject\",\"inLanguage\":\"es\",\"@id\":\"https:\\\/\\\/wescorepadel.com\\\/es\\\/#\\\/schema\\\/logo\\\/image\\\/\",\"url\":\"https:\\\/\\\/wescorepadel.com\\\/wp-content\\\/uploads\\\/2023\\\/03\\\/logo-wit.svg\",\"contentUrl\":\"https:\\\/\\\/wescorepadel.com\\\/wp-content\\\/uploads\\\/2023\\\/03\\\/logo-wit.svg\",\"caption\":\"Wescore Padel\"},\"image\":{\"@id\":\"https:\\\/\\\/wescorepadel.com\\\/es\\\/#\\\/schema\\\/logo\\\/image\\\/\"}}]}<\/script>\n<!-- \/ Yoast SEO plugin. -->","yoast_head_json":{"title":"Oferta de clubes","description":"El m\u00f3dulo de \u00e1rbitro de WeScore es una extensi\u00f3n del marcador. El mando a distancia se ofrece a los clubes de p\u00e1del para...","robots":{"index":"index","follow":"follow","max-snippet":"max-snippet:-1","max-image-preview":"max-image-preview:large","max-video-preview":"max-video-preview:-1"},"canonical":"https:\/\/wescorepadel.com\/es\/modulo-de-arbitraje\/","og_locale":"es_ES","og_type":"article","og_title":"Oferta de clubes","og_description":"El m\u00f3dulo de \u00e1rbitro de WeScore es una extensi\u00f3n del marcador. El mando a distancia se ofrece a los clubes de p\u00e1del para...","og_url":"https:\/\/wescorepadel.com\/es\/modulo-de-arbitraje\/","og_site_name":"Wescore Padel","article_modified_time":"2024-01-24T15:10:54+00:00","og_image":[{"url":"https:\/\/wescorepadel.com\/wp-content\/uploads\/2023\/03\/2023-03-06-JPG-108-Padel-WeScore-1024x683.jpg","type":"","width":"","height":""}],"twitter_card":"summary_large_image","twitter_misc":{"Tiempo de lectura":"1 minuto"},"schema":{"@context":"https:\/\/schema.org","@graph":[{"@type":"WebPage","@id":"https:\/\/wescorepadel.com\/es\/modulo-de-arbitraje\/","url":"https:\/\/wescorepadel.com\/es\/modulo-de-arbitraje\/","name":"Oferta de clubes","isPartOf":{"@id":"https:\/\/wescorepadel.com\/es\/#website"},"primaryImageOfPage":{"@id":"https:\/\/wescorepadel.com\/es\/modulo-de-arbitraje\/#primaryimage"},"image":{"@id":"https:\/\/wescorepadel.com\/es\/modulo-de-arbitraje\/#primaryimage"},"thumbnailUrl":"https:\/\/wescorepadel.com\/wp-content\/uploads\/2023\/03\/2023-03-06-JPG-108-Padel-WeScore-1024x683.jpg","datePublished":"2023-03-21T10:06:29+00:00","dateModified":"2024-01-24T15:10:54+00:00","description":"El m\u00f3dulo de \u00e1rbitro de WeScore es una extensi\u00f3n del marcador. El mando a distancia se ofrece a los clubes de p\u00e1del para...","breadcrumb":{"@id":"https:\/\/wescorepadel.com\/es\/modulo-de-arbitraje\/#breadcrumb"},"inLanguage":"es","potentialAction":[{"@type":"ReadAction","target":["https:\/\/wescorepadel.com\/es\/modulo-de-arbitraje\/"]}]},{"@type":"ImageObject","inLanguage":"es","@id":"https:\/\/wescorepadel.com\/es\/modulo-de-arbitraje\/#primaryimage","url":"https:\/\/wescorepadel.com\/wp-content\/uploads\/2023\/03\/2023-03-06-JPG-108-Padel-WeScore-1024x683.jpg","contentUrl":"https:\/\/wescorepadel.com\/wp-content\/uploads\/2023\/03\/2023-03-06-JPG-108-Padel-WeScore-1024x683.jpg"},{"@type":"BreadcrumbList","@id":"https:\/\/wescorepadel.com\/es\/modulo-de-arbitraje\/#breadcrumb","itemListElement":[{"@type":"ListItem","position":1,"name":"Home","item":"https:\/\/wescorepadel.com\/es\/"},{"@type":"ListItem","position":2,"name":"M\u00f3dulo de arbitraje"}]},{"@type":"WebSite","@id":"https:\/\/wescorepadel.com\/es\/#website","url":"https:\/\/wescorepadel.com\/es\/","name":"Wescore Padel","description":"","publisher":{"@id":"https:\/\/wescorepadel.com\/es\/#organization"},"potentialAction":[{"@type":"SearchAction","target":{"@type":"EntryPoint","urlTemplate":"https:\/\/wescorepadel.com\/es\/?s={search_term_string}"},"query-input":{"@type":"PropertyValueSpecification","valueRequired":true,"valueName":"search_term_string"}}],"inLanguage":"es"},{"@type":"Organization","@id":"https:\/\/wescorepadel.com\/es\/#organization","name":"Wescore Padel","url":"https:\/\/wescorepadel.com\/es\/","logo":{"@type":"ImageObject","inLanguage":"es","@id":"https:\/\/wescorepadel.com\/es\/#\/schema\/logo\/image\/","url":"https:\/\/wescorepadel.com\/wp-content\/uploads\/2023\/03\/logo-wit.svg","contentUrl":"https:\/\/wescorepadel.com\/wp-content\/uploads\/2023\/03\/logo-wit.svg","caption":"Wescore Padel"},"image":{"@id":"https:\/\/wescorepadel.com\/es\/#\/schema\/logo\/image\/"}}]}},"_links":{"self":[{"href":"https:\/\/wescorepadel.com\/es\/wp-json\/wp\/v2\/pages\/1558","targetHints":{"allow":["GET"]}}],"collection":[{"href":"https:\/\/wescorepadel.com\/es\/wp-json\/wp\/v2\/pages"}],"about":[{"href":"https:\/\/wescorepadel.com\/es\/wp-json\/wp\/v2\/types\/page"}],"author":[{"embeddable":true,"href":"https:\/\/wescorepadel.com\/es\/wp-json\/wp\/v2\/users\/1"}],"replies":[{"embeddable":true,"href":"https:\/\/wescorepadel.com\/es\/wp-json\/wp\/v2\/comments?post=1558"}],"version-history":[{"count":2,"href":"https:\/\/wescorepadel.com\/es\/wp-json\/wp\/v2\/pages\/1558\/revisions"}],"predecessor-version":[{"id":2041,"href":"https:\/\/wescorepadel.com\/es\/wp-json\/wp\/v2\/pages\/1558\/revisions\/2041"}],"wp:attachment":[{"href":"https:\/\/wescorepadel.com\/es\/wp-json\/wp\/v2\/media?parent=1558"}],"curies":[{"name":"wp","href":"https:\/\/api.w.org\/{rel}","templated":true}]}}