{"id":1552,"date":"2023-03-21T08:58:35","date_gmt":"2023-03-21T07:58:35","guid":{"rendered":"https:\/\/wescorepadel.com\/sobre-nosotros\/"},"modified":"2023-08-17T08:19:28","modified_gmt":"2023-08-17T06:19:28","slug":"sobre-nosotros","status":"publish","type":"page","link":"https:\/\/wescorepadel.com\/es\/sobre-nosotros\/","title":{"rendered":"SOBRE NOSOTROS"},"content":{"rendered":"\t\t<div data-elementor-type=\"wp-page\" data-elementor-id=\"1552\" class=\"elementor elementor-1552 elementor-425\" data-elementor-settings=\"{&quot;ha_cmc_init_switcher&quot;:&quot;no&quot;}\">\n\t\t\t\t<div class=\"elementor-element elementor-element-665e917 e-flex e-con-boxed e-con e-parent\" data-id=\"665e917\" data-element_type=\"container\" data-e-type=\"container\" data-settings=\"{&quot;_ha_eqh_enable&quot;:false}\">\n\t\t\t\t\t<div class=\"e-con-inner\">\n\t\t<div class=\"elementor-element elementor-element-b6e413a e-con-full e-flex e-con e-parent\" data-id=\"b6e413a\" data-element_type=\"container\" data-e-type=\"container\" data-settings=\"{&quot;_ha_eqh_enable&quot;:false}\">\n\t\t\t\t<div class=\"elementor-element elementor-element-c22c110 elementor-widget elementor-widget-heading\" data-id=\"c22c110\" data-element_type=\"widget\" data-e-type=\"widget\" data-widget_type=\"heading.default\">\n\t\t\t\t<div class=\"elementor-widget-container\">\n\t\t\t\t\t<h2 class=\"elementor-heading-title elementor-size-default\">SOBRE NOSOTROS<\/h2>\t\t\t\t<\/div>\n\t\t\t\t<\/div>\n\t\t\t\t<div class=\"elementor-element elementor-element-f1bf8e2 elementor-widget elementor-widget-text-editor\" data-id=\"f1bf8e2\" data-element_type=\"widget\" data-e-type=\"widget\" data-widget_type=\"text-editor.default\">\n\t\t\t\t<div class=\"elementor-widget-container\">\n\t\t\t\t\t\t\t\t\t<p><strong>WeScore fue concebido y desarrollado en B\u00e9lgica. El producto surgi\u00f3 de la colaboraci\u00f3n entre TVR Engineering y Herwebo BV.<\/strong><\/p>\n<p>&nbsp;<\/p>\n<p><strong>TVR Engineering es el cerebro detr\u00e1s del producto. Tim de TVR Engineering es el responsable del dise\u00f1o y la producci\u00f3n de los marcadores tal y como se comercializan hoy en d\u00eda.\u00a0<\/strong><\/p>\n<p>&nbsp;<\/p>\n<p><strong>Herwebo BV es una empresa de construcci\u00f3n de Zele que ha estado construyendo intensamente el sector del p\u00e1del en B\u00e9lgica desde 2011. Esto bajo el nombre de RedSport Padel Belgium. La empresa se cre\u00f3 originalmente para dise\u00f1ar, construir y mantener sus pistas de p\u00e1del. Pero mientras tanto, RedSport Padel Belgium elabora sus proyectos de p\u00e1del de la A a la Z. No pueden faltar accesorios como un marcador digital.<\/strong><\/p>\n<p>&nbsp;<\/p>\n<p>&nbsp;<\/p>\n<p>&nbsp;<\/p>\n<p><strong>\u00bfQuieres saber m\u00e1s sobre el marcador?<\/strong><\/p>\n\t\t\t\t\t\t\t\t<\/div>\n\t\t\t\t<\/div>\n\t\t\t\t<div class=\"elementor-element elementor-element-344d9f7 elementor-widget elementor-widget-button\" data-id=\"344d9f7\" data-element_type=\"widget\" data-e-type=\"widget\" data-widget_type=\"button.default\">\n\t\t\t\t<div class=\"elementor-widget-container\">\n\t\t\t\t\t\t\t\t\t<div class=\"elementor-button-wrapper\">\n\t\t\t\t\t<a class=\"elementor-button elementor-button-link elementor-size-sm\" href=\"https:\/\/wescorepadel.com\/contacteer-ons\/\">\n\t\t\t\t\t\t<span class=\"elementor-button-content-wrapper\">\n\t\t\t\t\t\t\t\t\t<span class=\"elementor-button-text\">PONTE EN CONTACTO<\/span>\n\t\t\t\t\t<\/span>\n\t\t\t\t\t<\/a>\n\t\t\t\t<\/div>\n\t\t\t\t\t\t\t\t<\/div>\n\t\t\t\t<\/div>\n\t\t\t\t<\/div>\n\t\t<div class=\"elementor-element elementor-element-ca91d43 e-con-full e-flex e-con e-parent\" data-id=\"ca91d43\" data-element_type=\"container\" data-e-type=\"container\" data-settings=\"{&quot;_ha_eqh_enable&quot;:false}\">\n\t\t\t\t<div class=\"elementor-element elementor-element-2fbc1c5 elementor-widget elementor-widget-image\" data-id=\"2fbc1c5\" data-element_type=\"widget\" data-e-type=\"widget\" data-widget_type=\"image.default\">\n\t\t\t\t<div class=\"elementor-widget-container\">\n\t\t\t\t\t\t\t\t\t\t\t\t\t\t\t<img fetchpriority=\"high\" decoding=\"async\" width=\"763\" height=\"536\" src=\"https:\/\/wescorepadel.com\/wp-content\/uploads\/2023\/03\/Schermafbeelding-2023-03-21-om-09.14.26.png\" class=\"attachment-large size-large wp-image-1355\" alt=\"\" srcset=\"https:\/\/wescorepadel.com\/wp-content\/uploads\/2023\/03\/Schermafbeelding-2023-03-21-om-09.14.26.png 763w, https:\/\/wescorepadel.com\/wp-content\/uploads\/2023\/03\/Schermafbeelding-2023-03-21-om-09.14.26-600x421.png 600w, https:\/\/wescorepadel.com\/wp-content\/uploads\/2023\/03\/Schermafbeelding-2023-03-21-om-09.14.26-300x211.png 300w\" sizes=\"(max-width: 763px) 100vw, 763px\" \/>\t\t\t\t\t\t\t\t\t\t\t\t\t\t\t<\/div>\n\t\t\t\t<\/div>\n\t\t\t\t<\/div>\n\t\t\t\t\t<\/div>\n\t\t\t\t<\/div>\n\t\t\t\t<\/div>\n\t\t","protected":false},"excerpt":{"rendered":"<p>SOBRE NOSOTROS WeScore fue concebido y desarrollado en B\u00e9lgica. El producto surgi\u00f3 de la colaboraci\u00f3n entre TVR Engineering y Herwebo BV. &nbsp; TVR Engineering es el cerebro detr\u00e1s del producto. Tim de TVR Engineering es el responsable del dise\u00f1o y la producci\u00f3n de los marcadores tal y como se comercializan hoy en d\u00eda.\u00a0 &nbsp; Herwebo [&hellip;]<\/p>\n","protected":false},"author":1,"featured_media":0,"parent":0,"menu_order":0,"comment_status":"closed","ping_status":"closed","template":"","meta":{"_eb_attr":"","footnotes":""},"class_list":["post-1552","page","type-page","status-publish","hentry"],"yoast_head":"<!-- This site is optimized with the Yoast SEO plugin v27.3 - https:\/\/yoast.com\/product\/yoast-seo-wordpress\/ -->\n<title>SOBRE NOSOTROS - Wescore Padel<\/title>\n<meta name=\"description\" content=\"WeScore se concibi\u00f3 y desarroll\u00f3 en B\u00e9lgica. El producto surgi\u00f3 de la colaboraci\u00f3n entre TVR Engineering y Herwebo BV.\" \/>\n<meta name=\"robots\" content=\"index, follow, max-snippet:-1, max-image-preview:large, max-video-preview:-1\" \/>\n<link rel=\"canonical\" href=\"https:\/\/wescorepadel.com\/es\/sobre-nosotros\/\" \/>\n<meta property=\"og:locale\" content=\"es_ES\" \/>\n<meta property=\"og:type\" content=\"article\" \/>\n<meta property=\"og:title\" content=\"SOBRE NOSOTROS - Wescore Padel\" \/>\n<meta property=\"og:description\" content=\"WeScore se concibi\u00f3 y desarroll\u00f3 en B\u00e9lgica. El producto surgi\u00f3 de la colaboraci\u00f3n entre TVR Engineering y Herwebo BV.\" \/>\n<meta property=\"og:url\" content=\"https:\/\/wescorepadel.com\/es\/sobre-nosotros\/\" \/>\n<meta property=\"og:site_name\" content=\"Wescore Padel\" \/>\n<meta property=\"article:modified_time\" content=\"2023-08-17T06:19:28+00:00\" \/>\n<meta property=\"og:image\" content=\"https:\/\/wescorepadel.com\/wp-content\/uploads\/2023\/03\/Schermafbeelding-2023-03-21-om-09.14.26.png\" \/>\n<meta name=\"twitter:card\" content=\"summary_large_image\" \/>\n<meta name=\"twitter:label1\" content=\"Tiempo de lectura\" \/>\n\t<meta name=\"twitter:data1\" content=\"1 minuto\" \/>\n<script type=\"application\/ld+json\" class=\"yoast-schema-graph\">{\"@context\":\"https:\\\/\\\/schema.org\",\"@graph\":[{\"@type\":\"WebPage\",\"@id\":\"https:\\\/\\\/wescorepadel.com\\\/es\\\/sobre-nosotros\\\/\",\"url\":\"https:\\\/\\\/wescorepadel.com\\\/es\\\/sobre-nosotros\\\/\",\"name\":\"SOBRE NOSOTROS - Wescore Padel\",\"isPartOf\":{\"@id\":\"https:\\\/\\\/wescorepadel.com\\\/es\\\/#website\"},\"primaryImageOfPage\":{\"@id\":\"https:\\\/\\\/wescorepadel.com\\\/es\\\/sobre-nosotros\\\/#primaryimage\"},\"image\":{\"@id\":\"https:\\\/\\\/wescorepadel.com\\\/es\\\/sobre-nosotros\\\/#primaryimage\"},\"thumbnailUrl\":\"https:\\\/\\\/wescorepadel.com\\\/wp-content\\\/uploads\\\/2023\\\/03\\\/Schermafbeelding-2023-03-21-om-09.14.26.png\",\"datePublished\":\"2023-03-21T07:58:35+00:00\",\"dateModified\":\"2023-08-17T06:19:28+00:00\",\"description\":\"WeScore se concibi\u00f3 y desarroll\u00f3 en B\u00e9lgica. El producto surgi\u00f3 de la colaboraci\u00f3n entre TVR Engineering y Herwebo BV.\",\"breadcrumb\":{\"@id\":\"https:\\\/\\\/wescorepadel.com\\\/es\\\/sobre-nosotros\\\/#breadcrumb\"},\"inLanguage\":\"es\",\"potentialAction\":[{\"@type\":\"ReadAction\",\"target\":[\"https:\\\/\\\/wescorepadel.com\\\/es\\\/sobre-nosotros\\\/\"]}]},{\"@type\":\"ImageObject\",\"inLanguage\":\"es\",\"@id\":\"https:\\\/\\\/wescorepadel.com\\\/es\\\/sobre-nosotros\\\/#primaryimage\",\"url\":\"https:\\\/\\\/wescorepadel.com\\\/wp-content\\\/uploads\\\/2023\\\/03\\\/Schermafbeelding-2023-03-21-om-09.14.26.png\",\"contentUrl\":\"https:\\\/\\\/wescorepadel.com\\\/wp-content\\\/uploads\\\/2023\\\/03\\\/Schermafbeelding-2023-03-21-om-09.14.26.png\"},{\"@type\":\"BreadcrumbList\",\"@id\":\"https:\\\/\\\/wescorepadel.com\\\/es\\\/sobre-nosotros\\\/#breadcrumb\",\"itemListElement\":[{\"@type\":\"ListItem\",\"position\":1,\"name\":\"Home\",\"item\":\"https:\\\/\\\/wescorepadel.com\\\/es\\\/\"},{\"@type\":\"ListItem\",\"position\":2,\"name\":\"SOBRE NOSOTROS\"}]},{\"@type\":\"WebSite\",\"@id\":\"https:\\\/\\\/wescorepadel.com\\\/es\\\/#website\",\"url\":\"https:\\\/\\\/wescorepadel.com\\\/es\\\/\",\"name\":\"Wescore Padel\",\"description\":\"\",\"publisher\":{\"@id\":\"https:\\\/\\\/wescorepadel.com\\\/es\\\/#organization\"},\"potentialAction\":[{\"@type\":\"SearchAction\",\"target\":{\"@type\":\"EntryPoint\",\"urlTemplate\":\"https:\\\/\\\/wescorepadel.com\\\/es\\\/?s={search_term_string}\"},\"query-input\":{\"@type\":\"PropertyValueSpecification\",\"valueRequired\":true,\"valueName\":\"search_term_string\"}}],\"inLanguage\":\"es\"},{\"@type\":\"Organization\",\"@id\":\"https:\\\/\\\/wescorepadel.com\\\/es\\\/#organization\",\"name\":\"Wescore Padel\",\"url\":\"https:\\\/\\\/wescorepadel.com\\\/es\\\/\",\"logo\":{\"@type\":\"ImageObject\",\"inLanguage\":\"es\",\"@id\":\"https:\\\/\\\/wescorepadel.com\\\/es\\\/#\\\/schema\\\/logo\\\/image\\\/\",\"url\":\"https:\\\/\\\/wescorepadel.com\\\/wp-content\\\/uploads\\\/2023\\\/03\\\/logo-wit.svg\",\"contentUrl\":\"https:\\\/\\\/wescorepadel.com\\\/wp-content\\\/uploads\\\/2023\\\/03\\\/logo-wit.svg\",\"caption\":\"Wescore Padel\"},\"image\":{\"@id\":\"https:\\\/\\\/wescorepadel.com\\\/es\\\/#\\\/schema\\\/logo\\\/image\\\/\"}}]}<\/script>\n<!-- \/ Yoast SEO plugin. -->","yoast_head_json":{"title":"SOBRE NOSOTROS - Wescore Padel","description":"WeScore se concibi\u00f3 y desarroll\u00f3 en B\u00e9lgica. El producto surgi\u00f3 de la colaboraci\u00f3n entre TVR Engineering y Herwebo BV.","robots":{"index":"index","follow":"follow","max-snippet":"max-snippet:-1","max-image-preview":"max-image-preview:large","max-video-preview":"max-video-preview:-1"},"canonical":"https:\/\/wescorepadel.com\/es\/sobre-nosotros\/","og_locale":"es_ES","og_type":"article","og_title":"SOBRE NOSOTROS - Wescore Padel","og_description":"WeScore se concibi\u00f3 y desarroll\u00f3 en B\u00e9lgica. El producto surgi\u00f3 de la colaboraci\u00f3n entre TVR Engineering y Herwebo BV.","og_url":"https:\/\/wescorepadel.com\/es\/sobre-nosotros\/","og_site_name":"Wescore Padel","article_modified_time":"2023-08-17T06:19:28+00:00","og_image":[{"url":"https:\/\/wescorepadel.com\/wp-content\/uploads\/2023\/03\/Schermafbeelding-2023-03-21-om-09.14.26.png","type":"","width":"","height":""}],"twitter_card":"summary_large_image","twitter_misc":{"Tiempo de lectura":"1 minuto"},"schema":{"@context":"https:\/\/schema.org","@graph":[{"@type":"WebPage","@id":"https:\/\/wescorepadel.com\/es\/sobre-nosotros\/","url":"https:\/\/wescorepadel.com\/es\/sobre-nosotros\/","name":"SOBRE NOSOTROS - Wescore Padel","isPartOf":{"@id":"https:\/\/wescorepadel.com\/es\/#website"},"primaryImageOfPage":{"@id":"https:\/\/wescorepadel.com\/es\/sobre-nosotros\/#primaryimage"},"image":{"@id":"https:\/\/wescorepadel.com\/es\/sobre-nosotros\/#primaryimage"},"thumbnailUrl":"https:\/\/wescorepadel.com\/wp-content\/uploads\/2023\/03\/Schermafbeelding-2023-03-21-om-09.14.26.png","datePublished":"2023-03-21T07:58:35+00:00","dateModified":"2023-08-17T06:19:28+00:00","description":"WeScore se concibi\u00f3 y desarroll\u00f3 en B\u00e9lgica. El producto surgi\u00f3 de la colaboraci\u00f3n entre TVR Engineering y Herwebo BV.","breadcrumb":{"@id":"https:\/\/wescorepadel.com\/es\/sobre-nosotros\/#breadcrumb"},"inLanguage":"es","potentialAction":[{"@type":"ReadAction","target":["https:\/\/wescorepadel.com\/es\/sobre-nosotros\/"]}]},{"@type":"ImageObject","inLanguage":"es","@id":"https:\/\/wescorepadel.com\/es\/sobre-nosotros\/#primaryimage","url":"https:\/\/wescorepadel.com\/wp-content\/uploads\/2023\/03\/Schermafbeelding-2023-03-21-om-09.14.26.png","contentUrl":"https:\/\/wescorepadel.com\/wp-content\/uploads\/2023\/03\/Schermafbeelding-2023-03-21-om-09.14.26.png"},{"@type":"BreadcrumbList","@id":"https:\/\/wescorepadel.com\/es\/sobre-nosotros\/#breadcrumb","itemListElement":[{"@type":"ListItem","position":1,"name":"Home","item":"https:\/\/wescorepadel.com\/es\/"},{"@type":"ListItem","position":2,"name":"SOBRE NOSOTROS"}]},{"@type":"WebSite","@id":"https:\/\/wescorepadel.com\/es\/#website","url":"https:\/\/wescorepadel.com\/es\/","name":"Wescore Padel","description":"","publisher":{"@id":"https:\/\/wescorepadel.com\/es\/#organization"},"potentialAction":[{"@type":"SearchAction","target":{"@type":"EntryPoint","urlTemplate":"https:\/\/wescorepadel.com\/es\/?s={search_term_string}"},"query-input":{"@type":"PropertyValueSpecification","valueRequired":true,"valueName":"search_term_string"}}],"inLanguage":"es"},{"@type":"Organization","@id":"https:\/\/wescorepadel.com\/es\/#organization","name":"Wescore Padel","url":"https:\/\/wescorepadel.com\/es\/","logo":{"@type":"ImageObject","inLanguage":"es","@id":"https:\/\/wescorepadel.com\/es\/#\/schema\/logo\/image\/","url":"https:\/\/wescorepadel.com\/wp-content\/uploads\/2023\/03\/logo-wit.svg","contentUrl":"https:\/\/wescorepadel.com\/wp-content\/uploads\/2023\/03\/logo-wit.svg","caption":"Wescore Padel"},"image":{"@id":"https:\/\/wescorepadel.com\/es\/#\/schema\/logo\/image\/"}}]}},"_links":{"self":[{"href":"https:\/\/wescorepadel.com\/es\/wp-json\/wp\/v2\/pages\/1552","targetHints":{"allow":["GET"]}}],"collection":[{"href":"https:\/\/wescorepadel.com\/es\/wp-json\/wp\/v2\/pages"}],"about":[{"href":"https:\/\/wescorepadel.com\/es\/wp-json\/wp\/v2\/types\/page"}],"author":[{"embeddable":true,"href":"https:\/\/wescorepadel.com\/es\/wp-json\/wp\/v2\/users\/1"}],"replies":[{"embeddable":true,"href":"https:\/\/wescorepadel.com\/es\/wp-json\/wp\/v2\/comments?post=1552"}],"version-history":[{"count":1,"href":"https:\/\/wescorepadel.com\/es\/wp-json\/wp\/v2\/pages\/1552\/revisions"}],"predecessor-version":[{"id":1553,"href":"https:\/\/wescorepadel.com\/es\/wp-json\/wp\/v2\/pages\/1552\/revisions\/1553"}],"wp:attachment":[{"href":"https:\/\/wescorepadel.com\/es\/wp-json\/wp\/v2\/media?parent=1552"}],"curies":[{"name":"wp","href":"https:\/\/api.w.org\/{rel}","templated":true}]}}