{"id":1534,"date":"2023-03-22T10:48:17","date_gmt":"2023-03-22T09:48:17","guid":{"rendered":"https:\/\/wescorepadel.com\/en-detalle\/"},"modified":"2023-08-17T08:15:07","modified_gmt":"2023-08-17T06:15:07","slug":"en-detalle","status":"publish","type":"page","link":"https:\/\/wescorepadel.com\/es\/en-detalle\/","title":{"rendered":"EN DETALLE"},"content":{"rendered":"\t\t<div data-elementor-type=\"wp-page\" data-elementor-id=\"1534\" class=\"elementor elementor-1534 elementor-791\" data-elementor-settings=\"{&quot;ha_cmc_init_switcher&quot;:&quot;no&quot;}\">\n\t\t\t\t<div class=\"elementor-element elementor-element-7246ad1 e-flex e-con-boxed e-con e-parent\" data-id=\"7246ad1\" data-element_type=\"container\" data-e-type=\"container\" data-settings=\"{&quot;_ha_eqh_enable&quot;:false}\">\n\t\t\t\t\t<div class=\"e-con-inner\">\n\t\t\t\t<div class=\"elementor-element elementor-element-d204e99 elementor-widget elementor-widget-heading\" data-id=\"d204e99\" data-element_type=\"widget\" data-e-type=\"widget\" data-widget_type=\"heading.default\">\n\t\t\t\t<div class=\"elementor-widget-container\">\n\t\t\t\t\t<h2 class=\"elementor-heading-title elementor-size-default\">WeScore en detalle<\/h2>\t\t\t\t<\/div>\n\t\t\t\t<\/div>\n\t\t\t\t<div class=\"elementor-element elementor-element-4204f4f elementor-widget elementor-widget-text-editor\" data-id=\"4204f4f\" data-element_type=\"widget\" data-e-type=\"widget\" data-widget_type=\"text-editor.default\">\n\t\t\t\t<div class=\"elementor-widget-container\">\n\t\t\t\t\t\t\t\t\t<p><strong>Utilizar nuestro marcador WeScore es un juego de ni\u00f1os, pero los diferentes n\u00fameros e iconos requieren un poco de explicaci\u00f3n. Lo que sigue es una breve explicaci\u00f3n de los distintos indicadores del marcador.<\/strong><\/p>\n\t\t\t\t\t\t\t\t<\/div>\n\t\t\t\t<\/div>\n\t\t\t\t\t<\/div>\n\t\t\t\t<\/div>\n\t\t<div class=\"elementor-element elementor-element-a70596d e-flex e-con-boxed e-con e-parent\" data-id=\"a70596d\" data-element_type=\"container\" data-e-type=\"container\" data-settings=\"{&quot;_ha_eqh_enable&quot;:false}\">\n\t\t\t\t\t<div class=\"e-con-inner\">\n\t\t<div class=\"elementor-element elementor-element-4014ff2 e-con-full e-flex e-con e-parent\" data-id=\"4014ff2\" data-element_type=\"container\" data-e-type=\"container\" data-settings=\"{&quot;_ha_eqh_enable&quot;:false}\">\n\t\t\t\t<\/div>\n\t\t<div class=\"elementor-element elementor-element-36caeda e-con-full e-flex e-con e-parent\" data-id=\"36caeda\" data-element_type=\"container\" data-e-type=\"container\" data-settings=\"{&quot;_ha_eqh_enable&quot;:false}\">\n\t\t\t\t<div class=\"elementor-element elementor-element-d1c3d95 elementor-widget__width-initial elementor-widget elementor-widget-image\" data-id=\"d1c3d95\" data-element_type=\"widget\" data-e-type=\"widget\" data-widget_type=\"image.default\">\n\t\t\t\t<div class=\"elementor-widget-container\">\n\t\t\t\t\t\t\t\t\t\t\t\t\t\t\t<img decoding=\"async\" src=\"https:\/\/wescorepadel.com\/wp-content\/uploads\/elementor\/thumbs\/Function-Overview-q46lh2ji4t83j4kgy1c3j5k60j0bvt3bn8uv7poju8.png\" title=\"WeScore scorebord in detail\" alt=\"WeScore scorebord in detail\" loading=\"lazy\" \/>\t\t\t\t\t\t\t\t\t\t\t\t\t\t\t<\/div>\n\t\t\t\t<\/div>\n\t\t\t\t<\/div>\n\t\t<div class=\"elementor-element elementor-element-535c784 e-con-full e-flex e-con e-parent\" data-id=\"535c784\" data-element_type=\"container\" data-e-type=\"container\" data-settings=\"{&quot;_ha_eqh_enable&quot;:false}\">\n\t\t\t\t<\/div>\n\t\t\t\t\t<\/div>\n\t\t\t\t<\/div>\n\t\t<div class=\"elementor-element elementor-element-145e357 e-flex e-con-boxed e-con e-parent\" data-id=\"145e357\" data-element_type=\"container\" data-e-type=\"container\" data-settings=\"{&quot;_ha_eqh_enable&quot;:false}\">\n\t\t\t\t\t<div class=\"e-con-inner\">\n\t\t\t\t<div class=\"elementor-element elementor-element-1af3aa6 elementor-widget elementor-widget-heading\" data-id=\"1af3aa6\" data-element_type=\"widget\" data-e-type=\"widget\" data-widget_type=\"heading.default\">\n\t\t\t\t<div class=\"elementor-widget-container\">\n\t\t\t\t\t<h2 class=\"elementor-heading-title elementor-size-default\">INDICADOR DE SERVICIO<\/h2>\t\t\t\t<\/div>\n\t\t\t\t<\/div>\n\t\t\t\t<div class=\"elementor-element elementor-element-b480d73 elementor-widget elementor-widget-text-editor\" data-id=\"b480d73\" data-element_type=\"widget\" data-e-type=\"widget\" data-widget_type=\"text-editor.default\">\n\t\t\t\t<div class=\"elementor-widget-container\">\n\t\t\t\t\t\t\t\t\t<p><strong>El indicador de Servicio muestra qu\u00e9 d\u00fao est\u00e1 sacando. En la pantalla, se representa como un cuadrado amarillo.<\/strong><\/p>\n<ul>\n<li><strong>Cuadrado amarillo a la izquierda = saques azules<\/strong><\/li>\n<li><strong>Cuadrado amarillo a la derecha = saques rojos<\/strong><\/li>\n<\/ul>\n\t\t\t\t\t\t\t\t<\/div>\n\t\t\t\t<\/div>\n\t\t\t\t<div class=\"elementor-element elementor-element-ca1833a elementor-widget elementor-widget-heading\" data-id=\"ca1833a\" data-element_type=\"widget\" data-e-type=\"widget\" data-widget_type=\"heading.default\">\n\t\t\t\t<div class=\"elementor-widget-container\">\n\t\t\t\t\t<h2 class=\"elementor-heading-title elementor-size-default\">INDICADOR DE JUEGO<\/h2>\t\t\t\t<\/div>\n\t\t\t\t<\/div>\n\t\t\t\t<div class=\"elementor-element elementor-element-b40ff4d elementor-widget elementor-widget-text-editor\" data-id=\"b40ff4d\" data-element_type=\"widget\" data-e-type=\"widget\" data-widget_type=\"text-editor.default\">\n\t\t\t\t<div class=\"elementor-widget-container\">\n\t\t\t\t\t\t\t\t\t<strong>Este rect\u00e1ngulo blanco situado en la parte inferior izquierda o derecha de la pantalla s\u00f3lo aparece cuando se ha completado el 1er set. El indicador de set muestra cu\u00e1ntos sets ha ganado cada pareja.<\/strong>\r\n\r\n&nbsp;\r\n\r\n<strong>\u00bfCada d\u00fao ha ganado 1 set? Entonces aparecer\u00e1 un rect\u00e1ngulo blanco en la parte inferior izquierda y derecha. Dependiendo de c\u00f3mo hayas ajustado el dial (1-2-3-4), el juego contin\u00faa con un 3er set o un super tiebreak.<\/strong>\r\n\r\n&nbsp;\t\t\t\t\t\t\t\t<\/div>\n\t\t\t\t<\/div>\n\t\t\t\t<div class=\"elementor-element elementor-element-830b484 elementor-widget elementor-widget-heading\" data-id=\"830b484\" data-element_type=\"widget\" data-e-type=\"widget\" data-widget_type=\"heading.default\">\n\t\t\t\t<div class=\"elementor-widget-container\">\n\t\t\t\t\t<h2 class=\"elementor-heading-title elementor-size-default\">INDICADOR DE PUNTOS<\/h2>\t\t\t\t<\/div>\n\t\t\t\t<\/div>\n\t\t\t\t\t<\/div>\n\t\t\t\t<\/div>\n\t\t<div class=\"elementor-element elementor-element-b4c76e4 e-flex e-con-boxed e-con e-parent\" data-id=\"b4c76e4\" data-element_type=\"container\" data-e-type=\"container\" data-settings=\"{&quot;_ha_eqh_enable&quot;:false}\">\n\t\t\t\t\t<div class=\"e-con-inner\">\n\t\t<div class=\"elementor-element elementor-element-c58f80e e-con-full e-flex e-con e-parent\" data-id=\"c58f80e\" data-element_type=\"container\" data-e-type=\"container\" data-settings=\"{&quot;_ha_eqh_enable&quot;:false}\">\n\t\t\t\t<div class=\"elementor-element elementor-element-a6a933b elementor-widget__width-initial elementor-widget elementor-widget-text-editor\" data-id=\"a6a933b\" data-element_type=\"widget\" data-e-type=\"widget\" data-widget_type=\"text-editor.default\">\n\t\t\t\t<div class=\"elementor-widget-container\">\n\t\t\t\t\t\t\t\t\t<strong>En la parte superior de la pantalla aparecen constantemente 4 n\u00fameros (2 a la izquierda &#8211; 2 a la derecha). \u00c9stos muestran la posici\u00f3n dentro del juego actual.<\/strong>\r\n\r\n<strong>Por ejemplo: 15-30 o 30-40 o &#8230;<\/strong>\r\n\r\n&nbsp;\r\n\r\n<strong>\u00bfEst\u00e1 el marcador en la posici\u00f3n 1 o 4 y est\u00e1 jugando en 40-40 a Ventaja? Entonces ADV aparece en la pantalla.<\/strong>\r\n\r\n<strong>\u00bfEst\u00e1 el marcador en la posici\u00f3n 2 \u00f3 4? Si el marcador est\u00e1 empatado, aparecer\u00e1 una T al final con un n\u00famero a la izquierda y a la derecha. En la posici\u00f3n 2, juegas un super tiebreak a 10 puntos. En la posici\u00f3n 4, se juega un tiebreak a 7 puntos.<\/strong>\r\n\r\n&nbsp;\t\t\t\t\t\t\t\t<\/div>\n\t\t\t\t<\/div>\n\t\t\t\t<\/div>\n\t\t<div class=\"elementor-element elementor-element-53b3744 e-con-full e-flex e-con e-parent\" data-id=\"53b3744\" data-element_type=\"container\" data-e-type=\"container\" data-settings=\"{&quot;_ha_eqh_enable&quot;:false}\">\n\t\t\t\t<div class=\"elementor-element elementor-element-be12353 elementor-widget__width-initial elementor-widget elementor-widget-image\" data-id=\"be12353\" data-element_type=\"widget\" data-e-type=\"widget\" data-widget_type=\"image.default\">\n\t\t\t\t<div class=\"elementor-widget-container\">\n\t\t\t\t\t\t\t\t\t\t\t\t\t\t\t<img fetchpriority=\"high\" decoding=\"async\" width=\"800\" height=\"603\" src=\"https:\/\/wescorepadel.com\/wp-content\/uploads\/2023\/03\/TB-1024x772.png\" class=\"attachment-large size-large wp-image-1364\" alt=\"\" srcset=\"https:\/\/wescorepadel.com\/wp-content\/uploads\/2023\/03\/TB-1024x772.png 1024w, https:\/\/wescorepadel.com\/wp-content\/uploads\/2023\/03\/TB-600x453.png 600w, https:\/\/wescorepadel.com\/wp-content\/uploads\/2023\/03\/TB-300x226.png 300w, https:\/\/wescorepadel.com\/wp-content\/uploads\/2023\/03\/TB-768x579.png 768w, https:\/\/wescorepadel.com\/wp-content\/uploads\/2023\/03\/TB-1536x1158.png 1536w, https:\/\/wescorepadel.com\/wp-content\/uploads\/2023\/03\/TB.png 1790w\" sizes=\"(max-width: 800px) 100vw, 800px\" \/>\t\t\t\t\t\t\t\t\t\t\t\t\t\t\t<\/div>\n\t\t\t\t<\/div>\n\t\t\t\t<div class=\"elementor-element elementor-element-e3446a5 elementor-widget elementor-widget-text-editor\" data-id=\"e3446a5\" data-element_type=\"widget\" data-e-type=\"widget\" data-widget_type=\"text-editor.default\">\n\t\t\t\t<div class=\"elementor-widget-container\">\n\t\t\t\t\t\t\t\t\t<p><em>Indicaci\u00f3n tiebreak y super tiebreak.<\/em><\/p>\n\t\t\t\t\t\t\t\t<\/div>\n\t\t\t\t<\/div>\n\t\t\t\t<\/div>\n\t\t\t\t\t<\/div>\n\t\t\t\t<\/div>\n\t\t<div class=\"elementor-element elementor-element-3a9142d e-flex e-con-boxed e-con e-parent\" data-id=\"3a9142d\" data-element_type=\"container\" data-e-type=\"container\" data-settings=\"{&quot;_ha_eqh_enable&quot;:false}\">\n\t\t\t\t\t<div class=\"e-con-inner\">\n\t\t\t\t<div class=\"elementor-element elementor-element-d819aa4 elementor-widget elementor-widget-heading\" data-id=\"d819aa4\" data-element_type=\"widget\" data-e-type=\"widget\" data-widget_type=\"heading.default\">\n\t\t\t\t<div class=\"elementor-widget-container\">\n\t\t\t\t\t<h2 class=\"elementor-heading-title elementor-size-default\">INDICADOR DE JUEGO<\/h2>\t\t\t\t<\/div>\n\t\t\t\t<\/div>\n\t\t\t\t<div class=\"elementor-element elementor-element-4be6e72 elementor-widget elementor-widget-text-editor\" data-id=\"4be6e72\" data-element_type=\"widget\" data-e-type=\"widget\" data-widget_type=\"text-editor.default\">\n\t\t\t\t<div class=\"elementor-widget-container\">\n\t\t\t\t\t\t\t\t\t<p><strong>Los 2 n\u00fameros en la parte inferior de la pantalla LED muestran la posici\u00f3n actual en los juegos.<\/strong><\/p>\n\t\t\t\t\t\t\t\t<\/div>\n\t\t\t\t<\/div>\n\t\t\t\t\t<\/div>\n\t\t\t\t<\/div>\n\t\t\t\t<\/div>\n\t\t","protected":false},"excerpt":{"rendered":"<p>WeScore en detalle Utilizar nuestro marcador WeScore es un juego de ni\u00f1os, pero los diferentes n\u00fameros e iconos requieren un poco de explicaci\u00f3n. Lo que sigue es una breve explicaci\u00f3n de los distintos indicadores del marcador. INDICADOR DE SERVICIO El indicador de Servicio muestra qu\u00e9 d\u00fao est\u00e1 sacando. En la pantalla, se representa como un [&hellip;]<\/p>\n","protected":false},"author":1,"featured_media":1391,"parent":0,"menu_order":0,"comment_status":"closed","ping_status":"closed","template":"","meta":{"_eb_attr":"","footnotes":""},"class_list":["post-1534","page","type-page","status-publish","has-post-thumbnail","hentry"],"yoast_head":"<!-- This site is optimized with the Yoast SEO plugin v27.5 - https:\/\/yoast.com\/product\/yoast-seo-wordpress\/ -->\n<title>Nuestro marcador en detalle - Wescore Padel<\/title>\n<meta name=\"description\" content=\"Utilizar nuestro marcador WeScore es un juego de ni\u00f1os, pero los diferentes n\u00fameros e iconos requieren un poco de explicaci\u00f3n. Lo que sigue es una breve explicaci\u00f3n de...\" \/>\n<meta name=\"robots\" content=\"index, follow, max-snippet:-1, max-image-preview:large, max-video-preview:-1\" \/>\n<link rel=\"canonical\" href=\"https:\/\/wescorepadel.com\/es\/en-detalle\/\" \/>\n<meta property=\"og:locale\" content=\"es_ES\" \/>\n<meta property=\"og:type\" content=\"article\" \/>\n<meta property=\"og:title\" content=\"Nuestro marcador en detalle - Wescore Padel\" \/>\n<meta property=\"og:description\" content=\"Utilizar nuestro marcador WeScore es un juego de ni\u00f1os, pero los diferentes n\u00fameros e iconos requieren un poco de explicaci\u00f3n. Lo que sigue es una breve explicaci\u00f3n de...\" \/>\n<meta property=\"og:url\" content=\"https:\/\/wescorepadel.com\/es\/en-detalle\/\" \/>\n<meta property=\"og:site_name\" content=\"Wescore Padel\" \/>\n<meta property=\"article:modified_time\" content=\"2023-08-17T06:15:07+00:00\" \/>\n<meta property=\"og:image\" content=\"https:\/\/wescorepadel.com\/wp-content\/uploads\/2023\/03\/2023-03-06-JPG-108-Padel-WeScore-scaled.jpg\" \/>\n\t<meta property=\"og:image:width\" content=\"2560\" \/>\n\t<meta property=\"og:image:height\" content=\"1707\" \/>\n\t<meta property=\"og:image:type\" content=\"image\/jpeg\" \/>\n<meta name=\"twitter:card\" content=\"summary_large_image\" \/>\n<meta name=\"twitter:label1\" content=\"Tiempo de lectura\" \/>\n\t<meta name=\"twitter:data1\" content=\"1 minuto\" \/>\n<script type=\"application\/ld+json\" class=\"yoast-schema-graph\">{\"@context\":\"https:\\\/\\\/schema.org\",\"@graph\":[{\"@type\":\"WebPage\",\"@id\":\"https:\\\/\\\/wescorepadel.com\\\/es\\\/en-detalle\\\/\",\"url\":\"https:\\\/\\\/wescorepadel.com\\\/es\\\/en-detalle\\\/\",\"name\":\"Nuestro marcador en detalle - Wescore Padel\",\"isPartOf\":{\"@id\":\"https:\\\/\\\/wescorepadel.com\\\/es\\\/#website\"},\"primaryImageOfPage\":{\"@id\":\"https:\\\/\\\/wescorepadel.com\\\/es\\\/en-detalle\\\/#primaryimage\"},\"image\":{\"@id\":\"https:\\\/\\\/wescorepadel.com\\\/es\\\/en-detalle\\\/#primaryimage\"},\"thumbnailUrl\":\"https:\\\/\\\/wescorepadel.com\\\/wp-content\\\/uploads\\\/2023\\\/03\\\/2023-03-06-JPG-108-Padel-WeScore-scaled.jpg\",\"datePublished\":\"2023-03-22T09:48:17+00:00\",\"dateModified\":\"2023-08-17T06:15:07+00:00\",\"description\":\"Utilizar nuestro marcador WeScore es un juego de ni\u00f1os, pero los diferentes n\u00fameros e iconos requieren un poco de explicaci\u00f3n. Lo que sigue es una breve explicaci\u00f3n de...\",\"breadcrumb\":{\"@id\":\"https:\\\/\\\/wescorepadel.com\\\/es\\\/en-detalle\\\/#breadcrumb\"},\"inLanguage\":\"es\",\"potentialAction\":[{\"@type\":\"ReadAction\",\"target\":[\"https:\\\/\\\/wescorepadel.com\\\/es\\\/en-detalle\\\/\"]}]},{\"@type\":\"ImageObject\",\"inLanguage\":\"es\",\"@id\":\"https:\\\/\\\/wescorepadel.com\\\/es\\\/en-detalle\\\/#primaryimage\",\"url\":\"https:\\\/\\\/wescorepadel.com\\\/wp-content\\\/uploads\\\/2023\\\/03\\\/2023-03-06-JPG-108-Padel-WeScore-scaled.jpg\",\"contentUrl\":\"https:\\\/\\\/wescorepadel.com\\\/wp-content\\\/uploads\\\/2023\\\/03\\\/2023-03-06-JPG-108-Padel-WeScore-scaled.jpg\",\"width\":2560,\"height\":1707},{\"@type\":\"BreadcrumbList\",\"@id\":\"https:\\\/\\\/wescorepadel.com\\\/es\\\/en-detalle\\\/#breadcrumb\",\"itemListElement\":[{\"@type\":\"ListItem\",\"position\":1,\"name\":\"Home\",\"item\":\"https:\\\/\\\/wescorepadel.com\\\/es\\\/\"},{\"@type\":\"ListItem\",\"position\":2,\"name\":\"EN DETALLE\"}]},{\"@type\":\"WebSite\",\"@id\":\"https:\\\/\\\/wescorepadel.com\\\/es\\\/#website\",\"url\":\"https:\\\/\\\/wescorepadel.com\\\/es\\\/\",\"name\":\"Wescore Padel\",\"description\":\"\",\"publisher\":{\"@id\":\"https:\\\/\\\/wescorepadel.com\\\/es\\\/#organization\"},\"potentialAction\":[{\"@type\":\"SearchAction\",\"target\":{\"@type\":\"EntryPoint\",\"urlTemplate\":\"https:\\\/\\\/wescorepadel.com\\\/es\\\/?s={search_term_string}\"},\"query-input\":{\"@type\":\"PropertyValueSpecification\",\"valueRequired\":true,\"valueName\":\"search_term_string\"}}],\"inLanguage\":\"es\"},{\"@type\":\"Organization\",\"@id\":\"https:\\\/\\\/wescorepadel.com\\\/es\\\/#organization\",\"name\":\"Wescore Padel\",\"url\":\"https:\\\/\\\/wescorepadel.com\\\/es\\\/\",\"logo\":{\"@type\":\"ImageObject\",\"inLanguage\":\"es\",\"@id\":\"https:\\\/\\\/wescorepadel.com\\\/es\\\/#\\\/schema\\\/logo\\\/image\\\/\",\"url\":\"https:\\\/\\\/wescorepadel.com\\\/wp-content\\\/uploads\\\/2023\\\/03\\\/logo-wit.svg\",\"contentUrl\":\"https:\\\/\\\/wescorepadel.com\\\/wp-content\\\/uploads\\\/2023\\\/03\\\/logo-wit.svg\",\"caption\":\"Wescore Padel\"},\"image\":{\"@id\":\"https:\\\/\\\/wescorepadel.com\\\/es\\\/#\\\/schema\\\/logo\\\/image\\\/\"}}]}<\/script>\n<!-- \/ Yoast SEO plugin. -->","yoast_head_json":{"title":"Nuestro marcador en detalle - Wescore Padel","description":"Utilizar nuestro marcador WeScore es un juego de ni\u00f1os, pero los diferentes n\u00fameros e iconos requieren un poco de explicaci\u00f3n. Lo que sigue es una breve explicaci\u00f3n de...","robots":{"index":"index","follow":"follow","max-snippet":"max-snippet:-1","max-image-preview":"max-image-preview:large","max-video-preview":"max-video-preview:-1"},"canonical":"https:\/\/wescorepadel.com\/es\/en-detalle\/","og_locale":"es_ES","og_type":"article","og_title":"Nuestro marcador en detalle - Wescore Padel","og_description":"Utilizar nuestro marcador WeScore es un juego de ni\u00f1os, pero los diferentes n\u00fameros e iconos requieren un poco de explicaci\u00f3n. Lo que sigue es una breve explicaci\u00f3n de...","og_url":"https:\/\/wescorepadel.com\/es\/en-detalle\/","og_site_name":"Wescore Padel","article_modified_time":"2023-08-17T06:15:07+00:00","og_image":[{"width":2560,"height":1707,"url":"https:\/\/wescorepadel.com\/wp-content\/uploads\/2023\/03\/2023-03-06-JPG-108-Padel-WeScore-scaled.jpg","type":"image\/jpeg"}],"twitter_card":"summary_large_image","twitter_misc":{"Tiempo de lectura":"1 minuto"},"schema":{"@context":"https:\/\/schema.org","@graph":[{"@type":"WebPage","@id":"https:\/\/wescorepadel.com\/es\/en-detalle\/","url":"https:\/\/wescorepadel.com\/es\/en-detalle\/","name":"Nuestro marcador en detalle - Wescore Padel","isPartOf":{"@id":"https:\/\/wescorepadel.com\/es\/#website"},"primaryImageOfPage":{"@id":"https:\/\/wescorepadel.com\/es\/en-detalle\/#primaryimage"},"image":{"@id":"https:\/\/wescorepadel.com\/es\/en-detalle\/#primaryimage"},"thumbnailUrl":"https:\/\/wescorepadel.com\/wp-content\/uploads\/2023\/03\/2023-03-06-JPG-108-Padel-WeScore-scaled.jpg","datePublished":"2023-03-22T09:48:17+00:00","dateModified":"2023-08-17T06:15:07+00:00","description":"Utilizar nuestro marcador WeScore es un juego de ni\u00f1os, pero los diferentes n\u00fameros e iconos requieren un poco de explicaci\u00f3n. Lo que sigue es una breve explicaci\u00f3n de...","breadcrumb":{"@id":"https:\/\/wescorepadel.com\/es\/en-detalle\/#breadcrumb"},"inLanguage":"es","potentialAction":[{"@type":"ReadAction","target":["https:\/\/wescorepadel.com\/es\/en-detalle\/"]}]},{"@type":"ImageObject","inLanguage":"es","@id":"https:\/\/wescorepadel.com\/es\/en-detalle\/#primaryimage","url":"https:\/\/wescorepadel.com\/wp-content\/uploads\/2023\/03\/2023-03-06-JPG-108-Padel-WeScore-scaled.jpg","contentUrl":"https:\/\/wescorepadel.com\/wp-content\/uploads\/2023\/03\/2023-03-06-JPG-108-Padel-WeScore-scaled.jpg","width":2560,"height":1707},{"@type":"BreadcrumbList","@id":"https:\/\/wescorepadel.com\/es\/en-detalle\/#breadcrumb","itemListElement":[{"@type":"ListItem","position":1,"name":"Home","item":"https:\/\/wescorepadel.com\/es\/"},{"@type":"ListItem","position":2,"name":"EN DETALLE"}]},{"@type":"WebSite","@id":"https:\/\/wescorepadel.com\/es\/#website","url":"https:\/\/wescorepadel.com\/es\/","name":"Wescore Padel","description":"","publisher":{"@id":"https:\/\/wescorepadel.com\/es\/#organization"},"potentialAction":[{"@type":"SearchAction","target":{"@type":"EntryPoint","urlTemplate":"https:\/\/wescorepadel.com\/es\/?s={search_term_string}"},"query-input":{"@type":"PropertyValueSpecification","valueRequired":true,"valueName":"search_term_string"}}],"inLanguage":"es"},{"@type":"Organization","@id":"https:\/\/wescorepadel.com\/es\/#organization","name":"Wescore Padel","url":"https:\/\/wescorepadel.com\/es\/","logo":{"@type":"ImageObject","inLanguage":"es","@id":"https:\/\/wescorepadel.com\/es\/#\/schema\/logo\/image\/","url":"https:\/\/wescorepadel.com\/wp-content\/uploads\/2023\/03\/logo-wit.svg","contentUrl":"https:\/\/wescorepadel.com\/wp-content\/uploads\/2023\/03\/logo-wit.svg","caption":"Wescore Padel"},"image":{"@id":"https:\/\/wescorepadel.com\/es\/#\/schema\/logo\/image\/"}}]}},"_links":{"self":[{"href":"https:\/\/wescorepadel.com\/es\/wp-json\/wp\/v2\/pages\/1534","targetHints":{"allow":["GET"]}}],"collection":[{"href":"https:\/\/wescorepadel.com\/es\/wp-json\/wp\/v2\/pages"}],"about":[{"href":"https:\/\/wescorepadel.com\/es\/wp-json\/wp\/v2\/types\/page"}],"author":[{"embeddable":true,"href":"https:\/\/wescorepadel.com\/es\/wp-json\/wp\/v2\/users\/1"}],"replies":[{"embeddable":true,"href":"https:\/\/wescorepadel.com\/es\/wp-json\/wp\/v2\/comments?post=1534"}],"version-history":[{"count":1,"href":"https:\/\/wescorepadel.com\/es\/wp-json\/wp\/v2\/pages\/1534\/revisions"}],"predecessor-version":[{"id":1535,"href":"https:\/\/wescorepadel.com\/es\/wp-json\/wp\/v2\/pages\/1534\/revisions\/1535"}],"wp:featuredmedia":[{"embeddable":true,"href":"https:\/\/wescorepadel.com\/es\/wp-json\/wp\/v2\/media\/1391"}],"wp:attachment":[{"href":"https:\/\/wescorepadel.com\/es\/wp-json\/wp\/v2\/media?parent=1534"}],"curies":[{"name":"wp","href":"https:\/\/api.w.org\/{rel}","templated":true}]}}